{"id":208,"date":"2026-03-29T00:05:49","date_gmt":"2026-03-29T00:05:49","guid":{"rendered":"https:\/\/trosinhvien.azdigi.shop\/?post_type=product&#038;p=208"},"modified":"2026-03-29T01:47:23","modified_gmt":"2026-03-29T01:47:23","slug":"170-duong-quang-ham-gv","status":"publish","type":"product","link":"https:\/\/trosinhvien.azdigi.shop\/index.php\/san-pham\/170-duong-quang-ham-gv\/","title":{"rendered":"170 D\u01b0\u01a1ng Qu\u1ea3ng H\u00e0m-GV"},"content":{"rendered":"<p data-start=\"146\" data-end=\"211\"><span style=\"font-family: 'times new roman', times, serif;\">\ud83c\udfe0 <strong data-start=\"149\" data-end=\"209\">CHO THU\u00ca PH\u00d2NG TR\u1ecc D\u01af\u01a0NG QU\u1ea2NG H\u00c0M \u2013 G\u00d2 V\u1ea4P GI\u00c1 CH\u1ec8 4TR2<\/strong><\/span><\/p>\n<p data-start=\"213\" data-end=\"395\"><span style=\"font-family: 'times new roman', times, serif;\">\ud83d\udccd V\u1ecb tr\u00ed trung t\u00e2m t\u1ea1i khu v\u1ef1c D\u01b0\u01a1ng Qu\u1ea3ng H\u00e0m, thu\u1eadn ti\u1ec7n di chuy\u1ec3n sang B\u00ecnh Th\u1ea1nh, Ph\u00fa Nhu\u1eadn, Qu\u1eadn 12. Khu d\u00e2n c\u01b0 an ninh, y\u00ean t\u0129nh, c\u1ef1c k\u1ef3 ph\u00f9 h\u1ee3p cho sinh vi\u00ean v\u00e0 ng\u01b0\u1eddi \u0111i l\u00e0m.<\/span><\/p>\n<p data-start=\"546\" data-end=\"568\"><span style=\"font-family: 'times new roman', times, serif;\">\u2728 <strong data-start=\"548\" data-end=\"568\">Th\u00f4ng tin ph\u00f2ng:<\/strong><\/span><\/p>\n<ul data-start=\"569\" data-end=\"780\">\n<li data-section-id=\"1q7mxwi\" data-start=\"569\" data-end=\"601\"><span style=\"font-family: 'times new roman', times, serif;\">Gi\u00e1 thu\u00ea: <strong data-start=\"581\" data-end=\"601\">4.200.000\u0111\/th\u00e1ng<\/strong><\/span><\/li>\n<li data-section-id=\"ihqaaa\" data-start=\"602\" data-end=\"633\"><span style=\"font-family: 'times new roman', times, serif;\">Di\u1ec7n t\u00edch r\u1ed9ng r\u00e3i ~25\u201330m\u00b2<\/span><\/li>\n<li data-section-id=\"1q5c64k\" data-start=\"634\" data-end=\"681\"><span style=\"font-family: 'times new roman', times, serif;\">C\u00f3 <strong data-start=\"639\" data-end=\"661\">g\u00e1c l\u1eedng tho\u1ea3i m\u00e1i<\/strong>, \u1edf \u0111\u01b0\u1ee3c 2\u20133 ng\u01b0\u1eddi<\/span><\/li>\n<li data-section-id=\"p44r8f\" data-start=\"682\" data-end=\"703\"><span style=\"font-family: 'times new roman', times, serif;\">WC ri\u00eang, s\u1ea1ch s\u1ebd<\/span><\/li>\n<li data-section-id=\"7ljbir\" data-start=\"704\" data-end=\"744\"><span style=\"font-family: 'times new roman', times, serif;\">Trang b\u1ecb s\u1eb5n: m\u00e1y l\u1ea1nh, k\u1ec7 b\u1ebfp, wifi<\/span><\/li>\n<li data-section-id=\"sy8a1g\" data-start=\"745\" data-end=\"780\"><span style=\"font-family: 'times new roman', times, serif;\">Gi\u1edd gi\u1ea5c t\u1ef1 do, kh\u00f4ng chung ch\u1ee7<\/span><\/li>\n<\/ul>\n<p data-start=\"782\" data-end=\"910\"><span style=\"font-family: 'times new roman', times, serif;\">\ud83d\udc49 Nhi\u1ec1u ph\u00f2ng khu v\u1ef1c n\u00e0y c\u00f2n c\u00f3 ban c\u00f4ng ho\u1eb7c full n\u1ed9i th\u1ea5t, ph\u00f9 h\u1ee3p sinh ho\u1ea1t l\u00e2u d\u00e0i<\/span><\/p>\n<p data-start=\"912\" data-end=\"939\"><span style=\"font-family: 'times new roman', times, serif;\">\ud83c\udf1f <strong data-start=\"915\" data-end=\"939\">Ti\u1ec7n \u00edch xung quanh:<\/strong><\/span><\/p>\n<ul data-start=\"940\" data-end=\"1127\">\n<li data-section-id=\"fwqj5s\" data-start=\"940\" data-end=\"980\"><span style=\"font-family: 'times new roman', times, serif;\">G\u1ea7n ch\u1ee3, si\u00eau th\u1ecb, c\u1eeda h\u00e0ng ti\u1ec7n l\u1ee3i<\/span><\/li>\n<li data-section-id=\"ssoitv\" data-start=\"981\" data-end=\"1074\"><span style=\"font-family: 'times new roman', times, serif;\">G\u1ea7n \u0110H C\u00f4ng Nghi\u1ec7p, V\u0103n Lang, thu\u1eadn ti\u1ec7n \u0111i h\u1ecdc\/l\u00e0m<\/span><\/li>\n<li data-section-id=\"54o8za\" data-start=\"1075\" data-end=\"1127\"><span style=\"font-family: 'times new roman', times, serif;\">Di chuy\u1ec3n nhanh ra Phan V\u0103n Tr\u1ecb, Nguy\u1ec5n Th\u00e1i S\u01a1n<\/span><\/li>\n<\/ul>\n<p data-start=\"1129\" data-end=\"1152\"><span style=\"font-family: 'times new roman', times, serif;\">\ud83d\udd10 <strong data-start=\"1132\" data-end=\"1152\">An ninh \u0111\u1ea3m b\u1ea3o:<\/strong><\/span><\/p>\n<ul data-start=\"1153\" data-end=\"1202\">\n<li data-section-id=\"1lz7qn\" data-start=\"1153\" data-end=\"1168\"><span style=\"font-family: 'times new roman', times, serif;\">Camera 24\/7<\/span><\/li>\n<li data-section-id=\"1uk76l2\" data-start=\"1169\" data-end=\"1202\"><span style=\"font-family: 'times new roman', times, serif;\">Khu d\u00e2n c\u01b0 v\u0103n minh, y\u00ean t\u0129nh<\/span><\/li>\n<\/ul>\n<p data-start=\"1209\" data-end=\"1303\"><span style=\"font-family: 'times new roman', times, serif;\">\ud83d\udcde <strong data-start=\"1212\" data-end=\"1260\">Li\u00ean h\u1ec7 ngay 0907125464 \u0111\u1ec3 xem ph\u00f2ng \u2013 s\u1ed1 l\u01b0\u1ee3ng c\u00f3 h\u1ea1n!<\/strong><\/span><br data-start=\"1260\" data-end=\"1263\" \/><span style=\"font-family: 'times new roman', times, serif;\">\ud83d\udc49 Ph\u00f2ng \u0111\u1eb9p \u2013 gi\u00e1 t\u1ed1t \u2013 d\u1ecdn v\u00e0o \u1edf li\u1ec1n!<\/span><\/p>\n<p data-start=\"1209\" data-end=\"1303\">Xem th\u00eam: <a href=\"https:\/\/trosinhvien.azdigi.shop\/index.php\/2026\/03\/18\/nguyen-oanh_gv\/\">https:\/\/trosinhvien.azdigi.shop\/index.php\/2026\/03\/18\/nguyen-oanh_gv\/<\/a><\/p>\n<p data-start=\"1209\" data-end=\"1303\">Tham kh\u1ea3o:<a href=\"https:\/\/batdongsan.com.vn\/cho-thue-nha-tro-phong-tro-duong-duong-quang-ham-67\">https:\/\/batdongsan.com.vn\/cho-thue-nha-tro-phong-tro-duong-duong-quang-ham-67<\/a><img loading=\"lazy\" decoding=\"async\" class=\"size-medium wp-image-209 aligncenter\" src=\"https:\/\/trosinhvien.azdigi.shop\/wp-content\/uploads\/2026\/03\/dqh-300x225.jpg\" alt=\"\" width=\"300\" height=\"225\" srcset=\"https:\/\/trosinhvien.azdigi.shop\/wp-content\/uploads\/2026\/03\/dqh-300x225.jpg 300w, https:\/\/trosinhvien.azdigi.shop\/wp-content\/uploads\/2026\/03\/dqh-1024x768.jpg 1024w, https:\/\/trosinhvien.azdigi.shop\/wp-content\/uploads\/2026\/03\/dqh-768x576.jpg 768w, https:\/\/trosinhvien.azdigi.shop\/wp-content\/uploads\/2026\/03\/dqh-1536x1152.jpg 1536w, https:\/\/trosinhvien.azdigi.shop\/wp-content\/uploads\/2026\/03\/dqh-2048x1536.jpg 2048w, https:\/\/trosinhvien.azdigi.shop\/wp-content\/uploads\/2026\/03\/dqh-600x450.jpg 600w\" sizes=\"auto, (max-width: 300px) 100vw, 300px\" \/><\/p>\n","protected":false},"excerpt":{"rendered":"<p>Ph\u00f2ng r\u1ed9ng r\u00e3i, WC ri\u00eang, s\u1ea1ch s\u1ebd. Khu v\u1ef1c an ninh, y\u00ean t\u0129nh, g\u1ea7n ch\u1ee3 v\u00e0 c\u00e1c tr\u01b0\u1eddng \u0111\u1ea1i h\u1ecdc, thu\u1eadn ti\u1ec7n di chuy\u1ec3n. Gi\u1edd gi\u1ea5c t\u1ef1 do, ph\u00f9 h\u1ee3p sinh vi\u00ean v\u00e0 ng\u01b0\u1eddi \u0111i l\u00e0m.<\/p>\n","protected":false},"featured_media":209,"comment_status":"open","ping_status":"closed","template":"","meta":[],"product_brand":[],"product_cat":[24],"product_tag":[],"class_list":{"0":"post-208","1":"product","2":"type-product","3":"status-publish","4":"has-post-thumbnail","6":"product_cat-go-vap","8":"first","9":"instock","10":"sale","11":"taxable","12":"shipping-taxable","13":"purchasable","14":"product-type-simple"},"yoast_head":"<!-- This site is optimized with the Yoast SEO plugin v26.8 - https:\/\/yoast.com\/product\/yoast-seo-wordpress\/ -->\n<title>170 D\u01b0\u01a1ng Qu\u1ea3ng H\u00e0m-GV - Tr\u1ecd sinh vi\u00ean<\/title>\n<meta name=\"description\" content=\"Ph\u00f2ng r\u1ed9ng r\u00e3i, WC ri\u00eang, s\u1ea1ch s\u1ebd. Khu v\u1ef1c an ninh, y\u00ean t\u0129nh, g\u1ea7n ch\u1ee3 v\u00e0 c\u00e1c tr\u01b0\u1eddng \u0111\u1ea1i h\u1ecdc. Gi\u1edd gi\u1ea5c t\u1ef1 do, ph\u00f9 h\u1ee3p sinh vi\u00ean v\u00e0 ng\u01b0\u1eddi \u0111i l\u00e0m.\" \/>\n<meta name=\"robots\" content=\"index, follow, max-snippet:-1, max-image-preview:large, max-video-preview:-1\" \/>\n<link rel=\"canonical\" href=\"https:\/\/trosinhvien.azdigi.shop\/index.php\/san-pham\/170-duong-quang-ham-gv\/\" \/>\n<meta property=\"og:locale\" content=\"vi_VN\" \/>\n<meta property=\"og:type\" content=\"article\" \/>\n<meta property=\"og:title\" content=\"170 D\u01b0\u01a1ng Qu\u1ea3ng H\u00e0m-GV - Tr\u1ecd sinh vi\u00ean\" \/>\n<meta property=\"og:description\" content=\"Ph\u00f2ng r\u1ed9ng r\u00e3i, WC ri\u00eang, s\u1ea1ch s\u1ebd. Khu v\u1ef1c an ninh, y\u00ean t\u0129nh, g\u1ea7n ch\u1ee3 v\u00e0 c\u00e1c tr\u01b0\u1eddng \u0111\u1ea1i h\u1ecdc. Gi\u1edd gi\u1ea5c t\u1ef1 do, ph\u00f9 h\u1ee3p sinh vi\u00ean v\u00e0 ng\u01b0\u1eddi \u0111i l\u00e0m.\" \/>\n<meta property=\"og:url\" content=\"https:\/\/trosinhvien.azdigi.shop\/index.php\/san-pham\/170-duong-quang-ham-gv\/\" \/>\n<meta property=\"og:site_name\" content=\"Tr\u1ecd sinh vi\u00ean\" \/>\n<meta property=\"article:modified_time\" content=\"2026-03-29T01:47:23+00:00\" \/>\n<meta property=\"og:image\" content=\"https:\/\/trosinhvien.azdigi.shop\/wp-content\/uploads\/2026\/03\/dqh-scaled.jpg\" \/>\n\t<meta property=\"og:image:width\" content=\"2560\" \/>\n\t<meta property=\"og:image:height\" content=\"1920\" \/>\n\t<meta property=\"og:image:type\" content=\"image\/jpeg\" \/>\n<meta name=\"twitter:card\" content=\"summary_large_image\" \/>\n<meta name=\"twitter:label1\" content=\"\u01af\u1edbc t\u00ednh th\u1eddi gian \u0111\u1ecdc\" \/>\n\t<meta name=\"twitter:data1\" content=\"2 ph\u00fat\" \/>\n<script type=\"application\/ld+json\" class=\"yoast-schema-graph\">{\"@context\":\"https:\/\/schema.org\",\"@graph\":[{\"@type\":\"WebPage\",\"@id\":\"https:\/\/trosinhvien.azdigi.shop\/index.php\/san-pham\/170-duong-quang-ham-gv\/\",\"url\":\"https:\/\/trosinhvien.azdigi.shop\/index.php\/san-pham\/170-duong-quang-ham-gv\/\",\"name\":\"170 D\u01b0\u01a1ng Qu\u1ea3ng H\u00e0m-GV - Tr\u1ecd sinh vi\u00ean\",\"isPartOf\":{\"@id\":\"https:\/\/trosinhvien.azdigi.shop\/#website\"},\"primaryImageOfPage\":{\"@id\":\"https:\/\/trosinhvien.azdigi.shop\/index.php\/san-pham\/170-duong-quang-ham-gv\/#primaryimage\"},\"image\":{\"@id\":\"https:\/\/trosinhvien.azdigi.shop\/index.php\/san-pham\/170-duong-quang-ham-gv\/#primaryimage\"},\"thumbnailUrl\":\"https:\/\/trosinhvien.azdigi.shop\/wp-content\/uploads\/2026\/03\/dqh-scaled.jpg\",\"datePublished\":\"2026-03-29T00:05:49+00:00\",\"dateModified\":\"2026-03-29T01:47:23+00:00\",\"description\":\"Ph\u00f2ng r\u1ed9ng r\u00e3i, WC ri\u00eang, s\u1ea1ch s\u1ebd. Khu v\u1ef1c an ninh, y\u00ean t\u0129nh, g\u1ea7n ch\u1ee3 v\u00e0 c\u00e1c tr\u01b0\u1eddng \u0111\u1ea1i h\u1ecdc. Gi\u1edd gi\u1ea5c t\u1ef1 do, ph\u00f9 h\u1ee3p sinh vi\u00ean v\u00e0 ng\u01b0\u1eddi \u0111i l\u00e0m.\",\"breadcrumb\":{\"@id\":\"https:\/\/trosinhvien.azdigi.shop\/index.php\/san-pham\/170-duong-quang-ham-gv\/#breadcrumb\"},\"inLanguage\":\"vi\",\"potentialAction\":[{\"@type\":\"ReadAction\",\"target\":[\"https:\/\/trosinhvien.azdigi.shop\/index.php\/san-pham\/170-duong-quang-ham-gv\/\"]}]},{\"@type\":\"ImageObject\",\"inLanguage\":\"vi\",\"@id\":\"https:\/\/trosinhvien.azdigi.shop\/index.php\/san-pham\/170-duong-quang-ham-gv\/#primaryimage\",\"url\":\"https:\/\/trosinhvien.azdigi.shop\/wp-content\/uploads\/2026\/03\/dqh-scaled.jpg\",\"contentUrl\":\"https:\/\/trosinhvien.azdigi.shop\/wp-content\/uploads\/2026\/03\/dqh-scaled.jpg\",\"width\":2560,\"height\":1920},{\"@type\":\"BreadcrumbList\",\"@id\":\"https:\/\/trosinhvien.azdigi.shop\/index.php\/san-pham\/170-duong-quang-ham-gv\/#breadcrumb\",\"itemListElement\":[{\"@type\":\"ListItem\",\"position\":1,\"name\":\"Trang ch\u1ee7\",\"item\":\"https:\/\/trosinhvien.azdigi.shop\/\"},{\"@type\":\"ListItem\",\"position\":2,\"name\":\"C\u1eeda h\u00e0ng\",\"item\":\"https:\/\/trosinhvien.azdigi.shop\/index.php\/cua-hang\/\"},{\"@type\":\"ListItem\",\"position\":3,\"name\":\"170 D\u01b0\u01a1ng Qu\u1ea3ng H\u00e0m-GV\"}]},{\"@type\":\"WebSite\",\"@id\":\"https:\/\/trosinhvien.azdigi.shop\/#website\",\"url\":\"https:\/\/trosinhvien.azdigi.shop\/\",\"name\":\"Tr\u1ecd sinh vi\u00ean\",\"description\":\"\",\"publisher\":{\"@id\":\"https:\/\/trosinhvien.azdigi.shop\/#\/schema\/person\/9c1e01826addcfa3a8c40f16418423fb\"},\"potentialAction\":[{\"@type\":\"SearchAction\",\"target\":{\"@type\":\"EntryPoint\",\"urlTemplate\":\"https:\/\/trosinhvien.azdigi.shop\/?s={search_term_string}\"},\"query-input\":{\"@type\":\"PropertyValueSpecification\",\"valueRequired\":true,\"valueName\":\"search_term_string\"}}],\"inLanguage\":\"vi\"},{\"@type\":[\"Person\",\"Organization\"],\"@id\":\"https:\/\/trosinhvien.azdigi.shop\/#\/schema\/person\/9c1e01826addcfa3a8c40f16418423fb\",\"name\":\"Thanh Tuyen\",\"image\":{\"@type\":\"ImageObject\",\"inLanguage\":\"vi\",\"@id\":\"https:\/\/trosinhvien.azdigi.shop\/#\/schema\/person\/image\/\",\"url\":\"https:\/\/trosinhvien.azdigi.shop\/wp-content\/uploads\/2026\/01\/Tuyen-1.png\",\"contentUrl\":\"https:\/\/trosinhvien.azdigi.shop\/wp-content\/uploads\/2026\/01\/Tuyen-1.png\",\"width\":500,\"height\":500,\"caption\":\"Thanh Tuyen\"},\"logo\":{\"@id\":\"https:\/\/trosinhvien.azdigi.shop\/#\/schema\/person\/image\/\"},\"sameAs\":[\"https:\/\/trosinhvien.azdigi.shop\"]}]}<\/script>\n<!-- \/ Yoast SEO plugin. -->","yoast_head_json":{"title":"170 D\u01b0\u01a1ng Qu\u1ea3ng H\u00e0m-GV - Tr\u1ecd sinh vi\u00ean","description":"Ph\u00f2ng r\u1ed9ng r\u00e3i, WC ri\u00eang, s\u1ea1ch s\u1ebd. Khu v\u1ef1c an ninh, y\u00ean t\u0129nh, g\u1ea7n ch\u1ee3 v\u00e0 c\u00e1c tr\u01b0\u1eddng \u0111\u1ea1i h\u1ecdc. Gi\u1edd gi\u1ea5c t\u1ef1 do, ph\u00f9 h\u1ee3p sinh vi\u00ean v\u00e0 ng\u01b0\u1eddi \u0111i l\u00e0m.","robots":{"index":"index","follow":"follow","max-snippet":"max-snippet:-1","max-image-preview":"max-image-preview:large","max-video-preview":"max-video-preview:-1"},"canonical":"https:\/\/trosinhvien.azdigi.shop\/index.php\/san-pham\/170-duong-quang-ham-gv\/","og_locale":"vi_VN","og_type":"article","og_title":"170 D\u01b0\u01a1ng Qu\u1ea3ng H\u00e0m-GV - Tr\u1ecd sinh vi\u00ean","og_description":"Ph\u00f2ng r\u1ed9ng r\u00e3i, WC ri\u00eang, s\u1ea1ch s\u1ebd. Khu v\u1ef1c an ninh, y\u00ean t\u0129nh, g\u1ea7n ch\u1ee3 v\u00e0 c\u00e1c tr\u01b0\u1eddng \u0111\u1ea1i h\u1ecdc. Gi\u1edd gi\u1ea5c t\u1ef1 do, ph\u00f9 h\u1ee3p sinh vi\u00ean v\u00e0 ng\u01b0\u1eddi \u0111i l\u00e0m.","og_url":"https:\/\/trosinhvien.azdigi.shop\/index.php\/san-pham\/170-duong-quang-ham-gv\/","og_site_name":"Tr\u1ecd sinh vi\u00ean","article_modified_time":"2026-03-29T01:47:23+00:00","og_image":[{"width":2560,"height":1920,"url":"https:\/\/trosinhvien.azdigi.shop\/wp-content\/uploads\/2026\/03\/dqh-scaled.jpg","type":"image\/jpeg"}],"twitter_card":"summary_large_image","twitter_misc":{"\u01af\u1edbc t\u00ednh th\u1eddi gian \u0111\u1ecdc":"2 ph\u00fat"},"schema":{"@context":"https:\/\/schema.org","@graph":[{"@type":"WebPage","@id":"https:\/\/trosinhvien.azdigi.shop\/index.php\/san-pham\/170-duong-quang-ham-gv\/","url":"https:\/\/trosinhvien.azdigi.shop\/index.php\/san-pham\/170-duong-quang-ham-gv\/","name":"170 D\u01b0\u01a1ng Qu\u1ea3ng H\u00e0m-GV - Tr\u1ecd sinh vi\u00ean","isPartOf":{"@id":"https:\/\/trosinhvien.azdigi.shop\/#website"},"primaryImageOfPage":{"@id":"https:\/\/trosinhvien.azdigi.shop\/index.php\/san-pham\/170-duong-quang-ham-gv\/#primaryimage"},"image":{"@id":"https:\/\/trosinhvien.azdigi.shop\/index.php\/san-pham\/170-duong-quang-ham-gv\/#primaryimage"},"thumbnailUrl":"https:\/\/trosinhvien.azdigi.shop\/wp-content\/uploads\/2026\/03\/dqh-scaled.jpg","datePublished":"2026-03-29T00:05:49+00:00","dateModified":"2026-03-29T01:47:23+00:00","description":"Ph\u00f2ng r\u1ed9ng r\u00e3i, WC ri\u00eang, s\u1ea1ch s\u1ebd. Khu v\u1ef1c an ninh, y\u00ean t\u0129nh, g\u1ea7n ch\u1ee3 v\u00e0 c\u00e1c tr\u01b0\u1eddng \u0111\u1ea1i h\u1ecdc. Gi\u1edd gi\u1ea5c t\u1ef1 do, ph\u00f9 h\u1ee3p sinh vi\u00ean v\u00e0 ng\u01b0\u1eddi \u0111i l\u00e0m.","breadcrumb":{"@id":"https:\/\/trosinhvien.azdigi.shop\/index.php\/san-pham\/170-duong-quang-ham-gv\/#breadcrumb"},"inLanguage":"vi","potentialAction":[{"@type":"ReadAction","target":["https:\/\/trosinhvien.azdigi.shop\/index.php\/san-pham\/170-duong-quang-ham-gv\/"]}]},{"@type":"ImageObject","inLanguage":"vi","@id":"https:\/\/trosinhvien.azdigi.shop\/index.php\/san-pham\/170-duong-quang-ham-gv\/#primaryimage","url":"https:\/\/trosinhvien.azdigi.shop\/wp-content\/uploads\/2026\/03\/dqh-scaled.jpg","contentUrl":"https:\/\/trosinhvien.azdigi.shop\/wp-content\/uploads\/2026\/03\/dqh-scaled.jpg","width":2560,"height":1920},{"@type":"BreadcrumbList","@id":"https:\/\/trosinhvien.azdigi.shop\/index.php\/san-pham\/170-duong-quang-ham-gv\/#breadcrumb","itemListElement":[{"@type":"ListItem","position":1,"name":"Trang ch\u1ee7","item":"https:\/\/trosinhvien.azdigi.shop\/"},{"@type":"ListItem","position":2,"name":"C\u1eeda h\u00e0ng","item":"https:\/\/trosinhvien.azdigi.shop\/index.php\/cua-hang\/"},{"@type":"ListItem","position":3,"name":"170 D\u01b0\u01a1ng Qu\u1ea3ng H\u00e0m-GV"}]},{"@type":"WebSite","@id":"https:\/\/trosinhvien.azdigi.shop\/#website","url":"https:\/\/trosinhvien.azdigi.shop\/","name":"Tr\u1ecd sinh vi\u00ean","description":"","publisher":{"@id":"https:\/\/trosinhvien.azdigi.shop\/#\/schema\/person\/9c1e01826addcfa3a8c40f16418423fb"},"potentialAction":[{"@type":"SearchAction","target":{"@type":"EntryPoint","urlTemplate":"https:\/\/trosinhvien.azdigi.shop\/?s={search_term_string}"},"query-input":{"@type":"PropertyValueSpecification","valueRequired":true,"valueName":"search_term_string"}}],"inLanguage":"vi"},{"@type":["Person","Organization"],"@id":"https:\/\/trosinhvien.azdigi.shop\/#\/schema\/person\/9c1e01826addcfa3a8c40f16418423fb","name":"Thanh Tuyen","image":{"@type":"ImageObject","inLanguage":"vi","@id":"https:\/\/trosinhvien.azdigi.shop\/#\/schema\/person\/image\/","url":"https:\/\/trosinhvien.azdigi.shop\/wp-content\/uploads\/2026\/01\/Tuyen-1.png","contentUrl":"https:\/\/trosinhvien.azdigi.shop\/wp-content\/uploads\/2026\/01\/Tuyen-1.png","width":500,"height":500,"caption":"Thanh Tuyen"},"logo":{"@id":"https:\/\/trosinhvien.azdigi.shop\/#\/schema\/person\/image\/"},"sameAs":["https:\/\/trosinhvien.azdigi.shop"]}]}},"_links":{"self":[{"href":"https:\/\/trosinhvien.azdigi.shop\/index.php\/wp-json\/wp\/v2\/product\/208","targetHints":{"allow":["GET"]}}],"collection":[{"href":"https:\/\/trosinhvien.azdigi.shop\/index.php\/wp-json\/wp\/v2\/product"}],"about":[{"href":"https:\/\/trosinhvien.azdigi.shop\/index.php\/wp-json\/wp\/v2\/types\/product"}],"replies":[{"embeddable":true,"href":"https:\/\/trosinhvien.azdigi.shop\/index.php\/wp-json\/wp\/v2\/comments?post=208"}],"wp:featuredmedia":[{"embeddable":true,"href":"https:\/\/trosinhvien.azdigi.shop\/index.php\/wp-json\/wp\/v2\/media\/209"}],"wp:attachment":[{"href":"https:\/\/trosinhvien.azdigi.shop\/index.php\/wp-json\/wp\/v2\/media?parent=208"}],"wp:term":[{"taxonomy":"product_brand","embeddable":true,"href":"https:\/\/trosinhvien.azdigi.shop\/index.php\/wp-json\/wp\/v2\/product_brand?post=208"},{"taxonomy":"product_cat","embeddable":true,"href":"https:\/\/trosinhvien.azdigi.shop\/index.php\/wp-json\/wp\/v2\/product_cat?post=208"},{"taxonomy":"product_tag","embeddable":true,"href":"https:\/\/trosinhvien.azdigi.shop\/index.php\/wp-json\/wp\/v2\/product_tag?post=208"}],"curies":[{"name":"wp","href":"https:\/\/api.w.org\/{rel}","templated":true}]}}