{"id":219,"date":"2026-03-29T01:09:04","date_gmt":"2026-03-29T01:09:04","guid":{"rendered":"https:\/\/trosinhvien.azdigi.shop\/?post_type=product&#038;p=219"},"modified":"2026-04-10T15:36:51","modified_gmt":"2026-04-10T15:36:51","slug":"107-nguyen-van-khoi-gv","status":"publish","type":"product","link":"https:\/\/trosinhvien.azdigi.shop\/index.php\/san-pham\/107-nguyen-van-khoi-gv\/","title":{"rendered":"107 Nguy\u1ec5n V\u0103n Kh\u1ed1i-GV"},"content":{"rendered":"<h1 data-section-id=\"1jhqsxr\" data-start=\"90\" data-end=\"158\">\ud83c\udfe0 Cho thu\u00ea ph\u00f2ng tr\u1ecd Nguy\u1ec5n V\u0103n Kh\u1ed1i G\u00f2 V\u1ea5p gi\u00e1 r\u1ebb ch\u1ec9 2tr9\/th\u00e1ng<\/h1>\n<p data-start=\"160\" data-end=\"308\">B\u1ea1n \u0111ang t\u00ecm <strong data-start=\"173\" data-end=\"204\">ph\u00f2ng tr\u1ecd gi\u00e1 r\u1ebb t\u1ea1i G\u00f2 V\u1ea5p<\/strong>? \u0110\u1eebng b\u1ecf l\u1ee1 ph\u00f2ng tr\u1ecd t\u1ea1i \u0111\u01b0\u1eddng Nguy\u1ec5n V\u0103n Kh\u1ed1i v\u1edbi m\u1ee9c gi\u00e1 c\u1ef1c t\u1ed1t, ph\u00f9 h\u1ee3p sinh vi\u00ean v\u00e0 ng\u01b0\u1eddi \u0111i l\u00e0m.<\/p>\n<h2 data-section-id=\"1w5gtkw\" data-start=\"310\" data-end=\"357\">\ud83d\udccd V\u1ecb tr\u00ed ph\u00f2ng tr\u1ecd Nguy\u1ec5n V\u0103n Kh\u1ed1i \u2013 G\u00f2 V\u1ea5p<\/h2>\n<p data-start=\"358\" data-end=\"533\">Ph\u00f2ng n\u1eb1m ngay khu v\u1ef1c trung t\u00e2m G\u00f2 V\u1ea5p, thu\u1eadn ti\u1ec7n di chuy\u1ec3n sang Quang Trung, Ph\u1ea1m V\u0103n Chi\u00eau v\u00e0 c\u00e1c qu\u1eadn l\u00e2n c\u1eadn. Khu d\u00e2n c\u01b0 an ninh, y\u00ean t\u0129nh, g\u1ea7n ch\u1ee3 v\u00e0 c\u1eeda h\u00e0ng ti\u1ec7n l\u1ee3i.<\/p>\n<h2 data-section-id=\"1p8w1k6\" data-start=\"535\" data-end=\"569\">\ud83d\udcb0 Th\u00f4ng tin chi ti\u1ebft ph\u00f2ng tr\u1ecd<\/h2>\n<ul data-start=\"570\" data-end=\"709\">\n<li data-section-id=\"jn4pvz\" data-start=\"570\" data-end=\"604\">Gi\u00e1 thu\u00ea: <strong data-start=\"582\" data-end=\"602\">2.900.000\u0111\/th\u00e1ng<\/strong><\/li>\n<li data-section-id=\"igq6o8\" data-start=\"605\" data-end=\"648\">Di\u1ec7n t\u00edch: tho\u00e1ng m\u00e1t, \u1edf \u0111\u01b0\u1ee3c 1\u20132 ng\u01b0\u1eddi<\/li>\n<li data-section-id=\"15edawf\" data-start=\"649\" data-end=\"673\">C\u00f3 WC ri\u00eang, s\u1ea1ch s\u1ebd<\/li>\n<li data-section-id=\"sy8a1g\" data-start=\"674\" data-end=\"709\">Gi\u1edd gi\u1ea5c t\u1ef1 do, kh\u00f4ng chung ch\u1ee7<\/li>\n<\/ul>\n<h2 data-section-id=\"qylbar\" data-start=\"711\" data-end=\"736\">\ud83c\udf1f Ti\u1ec7n \u00edch xung quanh<\/h2>\n<ul data-start=\"737\" data-end=\"875\">\n<li data-section-id=\"1rrntyb\" data-start=\"737\" data-end=\"782\">G\u1ea7n ch\u1ee3, si\u00eau th\u1ecb mini, c\u1eeda h\u00e0ng ti\u1ec7n l\u1ee3i<\/li>\n<li data-section-id=\"15g1q4z\" data-start=\"783\" data-end=\"827\">G\u1ea7n tr\u01b0\u1eddng h\u1ecdc, thu\u1eadn ti\u1ec7n cho sinh vi\u00ean<\/li>\n<li data-section-id=\"1kiea8h\" data-start=\"828\" data-end=\"875\">D\u1ec5 d\u00e0ng di chuy\u1ec3n \u0111\u1ebfn c\u00e1c khu v\u1ef1c trung t\u00e2m<\/li>\n<\/ul>\n<h2 data-section-id=\"1u2ttbr\" data-start=\"877\" data-end=\"898\">\ud83d\udd10 An ninh \u0111\u1ea3m b\u1ea3o<\/h2>\n<ul data-start=\"899\" data-end=\"973\">\n<li data-section-id=\"l9lagk\" data-start=\"899\" data-end=\"940\">Khu tr\u1ecd y\u00ean t\u0129nh, h\u00e0ng x\u00f3m th\u00e2n thi\u1ec7n<\/li>\n<li data-section-id=\"1j6gke1\" data-start=\"941\" data-end=\"973\">C\u00f3 camera, kh\u00f3a c\u1ed5ng an to\u00e0n<\/li>\n<\/ul>\n<h2 data-section-id=\"11r472i\" data-start=\"975\" data-end=\"1003\">\ud83d\udcde Li\u00ean h\u1ec7 0907125464 xem ph\u00f2ng ngay<\/h2>\n<p data-start=\"1004\" data-end=\"1069\">Ph\u00f2ng \u0111\u1eb9p \u2013 gi\u00e1 t\u1ed1t \u2013 s\u1ed1 l\u01b0\u1ee3ng c\u00f3 h\u1ea1n, li\u00ean h\u1ec7 ngay \u0111\u1ec3 gi\u1eef ph\u00f2ng!<\/p>\n<p data-start=\"1004\" data-end=\"1069\">Tham kh\u1ea3o: <a href=\"https:\/\/www.nhatot.com\/thue-phong-tro-duong-nguyen-van-khoi-quan-go-vap-sdse340407\">https:\/\/guland.vn\/cho-thue-phong-tro-quan-go-vap-tp-ho-chi-minh-gia-tu-1-den-3-trieu?gad_source=1&amp;gad_campaignid=22722577419&amp;gbraid=0AAAAA-M5QQrhkUDTMOKNR2pVDWAmgjd5b&amp;gclid=CjwKCAjw-J3OBhBuEiwAwqZ_h571jNB4t6NiWqyqEjSYAHt1uQd-NHXGm2eKDbgWEZbHKw-b5pbtwBoCzqIQAvD_BwE<\/a><\/p>\n<p data-start=\"1004\" data-end=\"1069\"><img loading=\"lazy\" decoding=\"async\" class=\"alignnone size-medium wp-image-220\" src=\"https:\/\/trosinhvien.azdigi.shop\/wp-content\/uploads\/2026\/03\/NVK-225x300.jpg\" alt=\"\" width=\"225\" height=\"300\" srcset=\"https:\/\/trosinhvien.azdigi.shop\/wp-content\/uploads\/2026\/03\/NVK-225x300.jpg 225w, https:\/\/trosinhvien.azdigi.shop\/wp-content\/uploads\/2026\/03\/NVK-768x1024.jpg 768w, https:\/\/trosinhvien.azdigi.shop\/wp-content\/uploads\/2026\/03\/NVK-1152x1536.jpg 1152w, https:\/\/trosinhvien.azdigi.shop\/wp-content\/uploads\/2026\/03\/NVK-1536x2048.jpg 1536w, https:\/\/trosinhvien.azdigi.shop\/wp-content\/uploads\/2026\/03\/NVK-600x800.jpg 600w, https:\/\/trosinhvien.azdigi.shop\/wp-content\/uploads\/2026\/03\/NVK-scaled.jpg 1920w\" sizes=\"auto, (max-width: 225px) 100vw, 225px\" \/><\/p>\n","protected":false},"excerpt":{"rendered":"<p><img loading=\"lazy\" decoding=\"async\" class=\"size-medium wp-image-220 alignright\" src=\"https:\/\/trosinhvien.azdigi.shop\/wp-content\/uploads\/2026\/03\/NVK-225x300.jpg\" alt=\"\" width=\"225\" height=\"300\" srcset=\"https:\/\/trosinhvien.azdigi.shop\/wp-content\/uploads\/2026\/03\/NVK-225x300.jpg 225w, https:\/\/trosinhvien.azdigi.shop\/wp-content\/uploads\/2026\/03\/NVK-768x1024.jpg 768w, https:\/\/trosinhvien.azdigi.shop\/wp-content\/uploads\/2026\/03\/NVK-1152x1536.jpg 1152w, https:\/\/trosinhvien.azdigi.shop\/wp-content\/uploads\/2026\/03\/NVK-1536x2048.jpg 1536w, https:\/\/trosinhvien.azdigi.shop\/wp-content\/uploads\/2026\/03\/NVK-600x800.jpg 600w, https:\/\/trosinhvien.azdigi.shop\/wp-content\/uploads\/2026\/03\/NVK-scaled.jpg 1920w\" sizes=\"auto, (max-width: 225px) 100vw, 225px\" \/>Ph\u00f2ng s\u1ea1ch s\u1ebd, tho\u00e1ng m\u00e1t, ph\u00f9 h\u1ee3p 1\u20132 ng\u01b0\u1eddi \u1edf. Khu v\u1ef1c an ninh, y\u00ean t\u0129nh, g\u1ea7n ch\u1ee3, si\u00eau th\u1ecb v\u00e0 c\u00e1c tuy\u1ebfn \u0111\u01b0\u1eddng l\u1edbn, thu\u1eadn ti\u1ec7n \u0111i l\u1ea1i. Gi\u1edd gi\u1ea5c t\u1ef1 do, th\u00edch h\u1ee3p cho sinh vi\u00ean v\u00e0 ng\u01b0\u1eddi \u0111i l\u00e0m.<\/p>\n","protected":false},"featured_media":220,"comment_status":"open","ping_status":"closed","template":"","meta":[],"product_brand":[],"product_cat":[24],"product_tag":[],"class_list":{"0":"post-219","1":"product","2":"type-product","3":"status-publish","4":"has-post-thumbnail","6":"product_cat-go-vap","8":"first","9":"onbackorder","10":"taxable","11":"shipping-taxable","12":"purchasable","13":"product-type-simple"},"yoast_head":"<!-- This site is optimized with the Yoast SEO plugin v26.8 - https:\/\/yoast.com\/product\/yoast-seo-wordpress\/ -->\n<title>107 Nguy\u1ec5n V\u0103n Kh\u1ed1i-GV - Tr\u1ecd sinh vi\u00ean<\/title>\n<meta name=\"description\" content=\"Ph\u00f2ng s\u1ea1ch s\u1ebd, tho\u00e1ng m\u00e1t, g\u00e1c cao ph\u00f9 h\u1ee3p 1\u20132 ng\u01b0\u1eddi \u1edf. Khu v\u1ef1c an ninh, y\u00ean t\u0129nh, g\u1ea7n c\u00e1c tuy\u1ebfn \u0111\u01b0\u1eddng l\u1edbn, thu\u1eadn ti\u1ec7n \u0111i l\u1ea1i.\" \/>\n<meta name=\"robots\" content=\"index, follow, max-snippet:-1, max-image-preview:large, max-video-preview:-1\" \/>\n<link rel=\"canonical\" href=\"https:\/\/trosinhvien.azdigi.shop\/index.php\/san-pham\/107-nguyen-van-khoi-gv\/\" \/>\n<meta property=\"og:locale\" content=\"vi_VN\" \/>\n<meta property=\"og:type\" content=\"article\" \/>\n<meta property=\"og:title\" content=\"107 Nguy\u1ec5n V\u0103n Kh\u1ed1i-GV - Tr\u1ecd sinh vi\u00ean\" \/>\n<meta property=\"og:description\" content=\"Ph\u00f2ng s\u1ea1ch s\u1ebd, tho\u00e1ng m\u00e1t, g\u00e1c cao ph\u00f9 h\u1ee3p 1\u20132 ng\u01b0\u1eddi \u1edf. Khu v\u1ef1c an ninh, y\u00ean t\u0129nh, g\u1ea7n c\u00e1c tuy\u1ebfn \u0111\u01b0\u1eddng l\u1edbn, thu\u1eadn ti\u1ec7n \u0111i l\u1ea1i.\" \/>\n<meta property=\"og:url\" content=\"https:\/\/trosinhvien.azdigi.shop\/index.php\/san-pham\/107-nguyen-van-khoi-gv\/\" \/>\n<meta property=\"og:site_name\" content=\"Tr\u1ecd sinh vi\u00ean\" \/>\n<meta property=\"article:modified_time\" content=\"2026-04-10T15:36:51+00:00\" \/>\n<meta property=\"og:image\" content=\"https:\/\/trosinhvien.azdigi.shop\/wp-content\/uploads\/2026\/03\/NVK-scaled.jpg\" \/>\n\t<meta property=\"og:image:width\" content=\"1920\" \/>\n\t<meta property=\"og:image:height\" content=\"2560\" \/>\n\t<meta property=\"og:image:type\" content=\"image\/jpeg\" \/>\n<meta name=\"twitter:card\" content=\"summary_large_image\" \/>\n<meta name=\"twitter:label1\" content=\"\u01af\u1edbc t\u00ednh th\u1eddi gian \u0111\u1ecdc\" \/>\n\t<meta name=\"twitter:data1\" content=\"2 ph\u00fat\" \/>\n<script type=\"application\/ld+json\" class=\"yoast-schema-graph\">{\"@context\":\"https:\/\/schema.org\",\"@graph\":[{\"@type\":\"WebPage\",\"@id\":\"https:\/\/trosinhvien.azdigi.shop\/index.php\/san-pham\/107-nguyen-van-khoi-gv\/\",\"url\":\"https:\/\/trosinhvien.azdigi.shop\/index.php\/san-pham\/107-nguyen-van-khoi-gv\/\",\"name\":\"107 Nguy\u1ec5n V\u0103n Kh\u1ed1i-GV - Tr\u1ecd sinh vi\u00ean\",\"isPartOf\":{\"@id\":\"https:\/\/trosinhvien.azdigi.shop\/#website\"},\"primaryImageOfPage\":{\"@id\":\"https:\/\/trosinhvien.azdigi.shop\/index.php\/san-pham\/107-nguyen-van-khoi-gv\/#primaryimage\"},\"image\":{\"@id\":\"https:\/\/trosinhvien.azdigi.shop\/index.php\/san-pham\/107-nguyen-van-khoi-gv\/#primaryimage\"},\"thumbnailUrl\":\"https:\/\/trosinhvien.azdigi.shop\/wp-content\/uploads\/2026\/03\/NVK-scaled.jpg\",\"datePublished\":\"2026-03-29T01:09:04+00:00\",\"dateModified\":\"2026-04-10T15:36:51+00:00\",\"description\":\"Ph\u00f2ng s\u1ea1ch s\u1ebd, tho\u00e1ng m\u00e1t, g\u00e1c cao ph\u00f9 h\u1ee3p 1\u20132 ng\u01b0\u1eddi \u1edf. Khu v\u1ef1c an ninh, y\u00ean t\u0129nh, g\u1ea7n c\u00e1c tuy\u1ebfn \u0111\u01b0\u1eddng l\u1edbn, thu\u1eadn ti\u1ec7n \u0111i l\u1ea1i.\",\"breadcrumb\":{\"@id\":\"https:\/\/trosinhvien.azdigi.shop\/index.php\/san-pham\/107-nguyen-van-khoi-gv\/#breadcrumb\"},\"inLanguage\":\"vi\",\"potentialAction\":[{\"@type\":\"ReadAction\",\"target\":[\"https:\/\/trosinhvien.azdigi.shop\/index.php\/san-pham\/107-nguyen-van-khoi-gv\/\"]}]},{\"@type\":\"ImageObject\",\"inLanguage\":\"vi\",\"@id\":\"https:\/\/trosinhvien.azdigi.shop\/index.php\/san-pham\/107-nguyen-van-khoi-gv\/#primaryimage\",\"url\":\"https:\/\/trosinhvien.azdigi.shop\/wp-content\/uploads\/2026\/03\/NVK-scaled.jpg\",\"contentUrl\":\"https:\/\/trosinhvien.azdigi.shop\/wp-content\/uploads\/2026\/03\/NVK-scaled.jpg\",\"width\":1920,\"height\":2560},{\"@type\":\"BreadcrumbList\",\"@id\":\"https:\/\/trosinhvien.azdigi.shop\/index.php\/san-pham\/107-nguyen-van-khoi-gv\/#breadcrumb\",\"itemListElement\":[{\"@type\":\"ListItem\",\"position\":1,\"name\":\"Trang ch\u1ee7\",\"item\":\"https:\/\/trosinhvien.azdigi.shop\/\"},{\"@type\":\"ListItem\",\"position\":2,\"name\":\"C\u1eeda h\u00e0ng\",\"item\":\"https:\/\/trosinhvien.azdigi.shop\/index.php\/cua-hang\/\"},{\"@type\":\"ListItem\",\"position\":3,\"name\":\"107 Nguy\u1ec5n V\u0103n Kh\u1ed1i-GV\"}]},{\"@type\":\"WebSite\",\"@id\":\"https:\/\/trosinhvien.azdigi.shop\/#website\",\"url\":\"https:\/\/trosinhvien.azdigi.shop\/\",\"name\":\"Tr\u1ecd sinh vi\u00ean\",\"description\":\"\",\"publisher\":{\"@id\":\"https:\/\/trosinhvien.azdigi.shop\/#\/schema\/person\/9c1e01826addcfa3a8c40f16418423fb\"},\"potentialAction\":[{\"@type\":\"SearchAction\",\"target\":{\"@type\":\"EntryPoint\",\"urlTemplate\":\"https:\/\/trosinhvien.azdigi.shop\/?s={search_term_string}\"},\"query-input\":{\"@type\":\"PropertyValueSpecification\",\"valueRequired\":true,\"valueName\":\"search_term_string\"}}],\"inLanguage\":\"vi\"},{\"@type\":[\"Person\",\"Organization\"],\"@id\":\"https:\/\/trosinhvien.azdigi.shop\/#\/schema\/person\/9c1e01826addcfa3a8c40f16418423fb\",\"name\":\"Thanh Tuyen\",\"image\":{\"@type\":\"ImageObject\",\"inLanguage\":\"vi\",\"@id\":\"https:\/\/trosinhvien.azdigi.shop\/#\/schema\/person\/image\/\",\"url\":\"https:\/\/trosinhvien.azdigi.shop\/wp-content\/uploads\/2026\/01\/Tuyen-1.png\",\"contentUrl\":\"https:\/\/trosinhvien.azdigi.shop\/wp-content\/uploads\/2026\/01\/Tuyen-1.png\",\"width\":500,\"height\":500,\"caption\":\"Thanh Tuyen\"},\"logo\":{\"@id\":\"https:\/\/trosinhvien.azdigi.shop\/#\/schema\/person\/image\/\"},\"sameAs\":[\"https:\/\/trosinhvien.azdigi.shop\"]}]}<\/script>\n<!-- \/ Yoast SEO plugin. -->","yoast_head_json":{"title":"107 Nguy\u1ec5n V\u0103n Kh\u1ed1i-GV - Tr\u1ecd sinh vi\u00ean","description":"Ph\u00f2ng s\u1ea1ch s\u1ebd, tho\u00e1ng m\u00e1t, g\u00e1c cao ph\u00f9 h\u1ee3p 1\u20132 ng\u01b0\u1eddi \u1edf. Khu v\u1ef1c an ninh, y\u00ean t\u0129nh, g\u1ea7n c\u00e1c tuy\u1ebfn \u0111\u01b0\u1eddng l\u1edbn, thu\u1eadn ti\u1ec7n \u0111i l\u1ea1i.","robots":{"index":"index","follow":"follow","max-snippet":"max-snippet:-1","max-image-preview":"max-image-preview:large","max-video-preview":"max-video-preview:-1"},"canonical":"https:\/\/trosinhvien.azdigi.shop\/index.php\/san-pham\/107-nguyen-van-khoi-gv\/","og_locale":"vi_VN","og_type":"article","og_title":"107 Nguy\u1ec5n V\u0103n Kh\u1ed1i-GV - Tr\u1ecd sinh vi\u00ean","og_description":"Ph\u00f2ng s\u1ea1ch s\u1ebd, tho\u00e1ng m\u00e1t, g\u00e1c cao ph\u00f9 h\u1ee3p 1\u20132 ng\u01b0\u1eddi \u1edf. Khu v\u1ef1c an ninh, y\u00ean t\u0129nh, g\u1ea7n c\u00e1c tuy\u1ebfn \u0111\u01b0\u1eddng l\u1edbn, thu\u1eadn ti\u1ec7n \u0111i l\u1ea1i.","og_url":"https:\/\/trosinhvien.azdigi.shop\/index.php\/san-pham\/107-nguyen-van-khoi-gv\/","og_site_name":"Tr\u1ecd sinh vi\u00ean","article_modified_time":"2026-04-10T15:36:51+00:00","og_image":[{"width":1920,"height":2560,"url":"https:\/\/trosinhvien.azdigi.shop\/wp-content\/uploads\/2026\/03\/NVK-scaled.jpg","type":"image\/jpeg"}],"twitter_card":"summary_large_image","twitter_misc":{"\u01af\u1edbc t\u00ednh th\u1eddi gian \u0111\u1ecdc":"2 ph\u00fat"},"schema":{"@context":"https:\/\/schema.org","@graph":[{"@type":"WebPage","@id":"https:\/\/trosinhvien.azdigi.shop\/index.php\/san-pham\/107-nguyen-van-khoi-gv\/","url":"https:\/\/trosinhvien.azdigi.shop\/index.php\/san-pham\/107-nguyen-van-khoi-gv\/","name":"107 Nguy\u1ec5n V\u0103n Kh\u1ed1i-GV - Tr\u1ecd sinh vi\u00ean","isPartOf":{"@id":"https:\/\/trosinhvien.azdigi.shop\/#website"},"primaryImageOfPage":{"@id":"https:\/\/trosinhvien.azdigi.shop\/index.php\/san-pham\/107-nguyen-van-khoi-gv\/#primaryimage"},"image":{"@id":"https:\/\/trosinhvien.azdigi.shop\/index.php\/san-pham\/107-nguyen-van-khoi-gv\/#primaryimage"},"thumbnailUrl":"https:\/\/trosinhvien.azdigi.shop\/wp-content\/uploads\/2026\/03\/NVK-scaled.jpg","datePublished":"2026-03-29T01:09:04+00:00","dateModified":"2026-04-10T15:36:51+00:00","description":"Ph\u00f2ng s\u1ea1ch s\u1ebd, tho\u00e1ng m\u00e1t, g\u00e1c cao ph\u00f9 h\u1ee3p 1\u20132 ng\u01b0\u1eddi \u1edf. Khu v\u1ef1c an ninh, y\u00ean t\u0129nh, g\u1ea7n c\u00e1c tuy\u1ebfn \u0111\u01b0\u1eddng l\u1edbn, thu\u1eadn ti\u1ec7n \u0111i l\u1ea1i.","breadcrumb":{"@id":"https:\/\/trosinhvien.azdigi.shop\/index.php\/san-pham\/107-nguyen-van-khoi-gv\/#breadcrumb"},"inLanguage":"vi","potentialAction":[{"@type":"ReadAction","target":["https:\/\/trosinhvien.azdigi.shop\/index.php\/san-pham\/107-nguyen-van-khoi-gv\/"]}]},{"@type":"ImageObject","inLanguage":"vi","@id":"https:\/\/trosinhvien.azdigi.shop\/index.php\/san-pham\/107-nguyen-van-khoi-gv\/#primaryimage","url":"https:\/\/trosinhvien.azdigi.shop\/wp-content\/uploads\/2026\/03\/NVK-scaled.jpg","contentUrl":"https:\/\/trosinhvien.azdigi.shop\/wp-content\/uploads\/2026\/03\/NVK-scaled.jpg","width":1920,"height":2560},{"@type":"BreadcrumbList","@id":"https:\/\/trosinhvien.azdigi.shop\/index.php\/san-pham\/107-nguyen-van-khoi-gv\/#breadcrumb","itemListElement":[{"@type":"ListItem","position":1,"name":"Trang ch\u1ee7","item":"https:\/\/trosinhvien.azdigi.shop\/"},{"@type":"ListItem","position":2,"name":"C\u1eeda h\u00e0ng","item":"https:\/\/trosinhvien.azdigi.shop\/index.php\/cua-hang\/"},{"@type":"ListItem","position":3,"name":"107 Nguy\u1ec5n V\u0103n Kh\u1ed1i-GV"}]},{"@type":"WebSite","@id":"https:\/\/trosinhvien.azdigi.shop\/#website","url":"https:\/\/trosinhvien.azdigi.shop\/","name":"Tr\u1ecd sinh vi\u00ean","description":"","publisher":{"@id":"https:\/\/trosinhvien.azdigi.shop\/#\/schema\/person\/9c1e01826addcfa3a8c40f16418423fb"},"potentialAction":[{"@type":"SearchAction","target":{"@type":"EntryPoint","urlTemplate":"https:\/\/trosinhvien.azdigi.shop\/?s={search_term_string}"},"query-input":{"@type":"PropertyValueSpecification","valueRequired":true,"valueName":"search_term_string"}}],"inLanguage":"vi"},{"@type":["Person","Organization"],"@id":"https:\/\/trosinhvien.azdigi.shop\/#\/schema\/person\/9c1e01826addcfa3a8c40f16418423fb","name":"Thanh Tuyen","image":{"@type":"ImageObject","inLanguage":"vi","@id":"https:\/\/trosinhvien.azdigi.shop\/#\/schema\/person\/image\/","url":"https:\/\/trosinhvien.azdigi.shop\/wp-content\/uploads\/2026\/01\/Tuyen-1.png","contentUrl":"https:\/\/trosinhvien.azdigi.shop\/wp-content\/uploads\/2026\/01\/Tuyen-1.png","width":500,"height":500,"caption":"Thanh Tuyen"},"logo":{"@id":"https:\/\/trosinhvien.azdigi.shop\/#\/schema\/person\/image\/"},"sameAs":["https:\/\/trosinhvien.azdigi.shop"]}]}},"_links":{"self":[{"href":"https:\/\/trosinhvien.azdigi.shop\/index.php\/wp-json\/wp\/v2\/product\/219","targetHints":{"allow":["GET"]}}],"collection":[{"href":"https:\/\/trosinhvien.azdigi.shop\/index.php\/wp-json\/wp\/v2\/product"}],"about":[{"href":"https:\/\/trosinhvien.azdigi.shop\/index.php\/wp-json\/wp\/v2\/types\/product"}],"replies":[{"embeddable":true,"href":"https:\/\/trosinhvien.azdigi.shop\/index.php\/wp-json\/wp\/v2\/comments?post=219"}],"wp:featuredmedia":[{"embeddable":true,"href":"https:\/\/trosinhvien.azdigi.shop\/index.php\/wp-json\/wp\/v2\/media\/220"}],"wp:attachment":[{"href":"https:\/\/trosinhvien.azdigi.shop\/index.php\/wp-json\/wp\/v2\/media?parent=219"}],"wp:term":[{"taxonomy":"product_brand","embeddable":true,"href":"https:\/\/trosinhvien.azdigi.shop\/index.php\/wp-json\/wp\/v2\/product_brand?post=219"},{"taxonomy":"product_cat","embeddable":true,"href":"https:\/\/trosinhvien.azdigi.shop\/index.php\/wp-json\/wp\/v2\/product_cat?post=219"},{"taxonomy":"product_tag","embeddable":true,"href":"https:\/\/trosinhvien.azdigi.shop\/index.php\/wp-json\/wp\/v2\/product_tag?post=219"}],"curies":[{"name":"wp","href":"https:\/\/api.w.org\/{rel}","templated":true}]}}