{"id":228,"date":"2026-03-31T14:32:44","date_gmt":"2026-03-31T14:32:44","guid":{"rendered":"https:\/\/trosinhvien.azdigi.shop\/?post_type=product&#038;p=228"},"modified":"2026-04-04T10:21:01","modified_gmt":"2026-04-04T10:21:01","slug":"nguyen-van-khoi-gv","status":"publish","type":"product","link":"https:\/\/trosinhvien.azdigi.shop\/index.php\/san-pham\/nguyen-van-khoi-gv\/","title":{"rendered":"Nguy\u1ec5n V\u0103n Kh\u1ed1i-GV"},"content":{"rendered":"<h2 data-path-to-node=\"2\">\ud83c\udfe0 C\u0102N H\u1ed8 MINI GI\u00c1 T\u1ed0T &#8211; NGAY \u0110\u01af\u1edcNG NGUY\u1ec4N V\u0102N KH\u1ed0I (C\u00c2Y TR\u00c2M C\u0168) \u2013 CH\u1ec8 3TR<\/h2>\n<p data-path-to-node=\"3\"><b data-path-to-node=\"3\" data-index-in-node=\"0\">\ud83d\udccd V\u1ecb tr\u00ed \u0111\u1eafc \u0111\u1ecba:<\/b><\/p>\n<ul data-path-to-node=\"4\">\n<li>\n<p data-path-to-node=\"4,0,0\">N\u1eb1m ngay tr\u1ee5c \u0111\u01b0\u1eddng <b data-path-to-node=\"4,0,0\" data-index-in-node=\"20\">Nguy\u1ec5n V\u0103n Kh\u1ed1i,<img loading=\"lazy\" decoding=\"async\" class=\"alignnone size-medium wp-image-229\" src=\"https:\/\/trosinhvien.azdigi.shop\/wp-content\/uploads\/2026\/03\/3tr-300x225.jpg\" alt=\"\" width=\"300\" height=\"225\" srcset=\"https:\/\/trosinhvien.azdigi.shop\/wp-content\/uploads\/2026\/03\/3tr-300x225.jpg 300w, https:\/\/trosinhvien.azdigi.shop\/wp-content\/uploads\/2026\/03\/3tr-1024x767.jpg 1024w, https:\/\/trosinhvien.azdigi.shop\/wp-content\/uploads\/2026\/03\/3tr-768x575.jpg 768w, https:\/\/trosinhvien.azdigi.shop\/wp-content\/uploads\/2026\/03\/3tr-600x450.jpg 600w, https:\/\/trosinhvien.azdigi.shop\/wp-content\/uploads\/2026\/03\/3tr.jpg 1276w\" sizes=\"auto, (max-width: 300px) 100vw, 300px\" \/> G\u00f2 V\u1ea5p<\/b>.<\/p>\n<\/li>\n<li>\n<p data-path-to-node=\"4,1,0\">G\u1ea7n s\u00e1t C\u00f4ng vi\u00ean L\u00e0ng Hoa, ch\u1ee3 H\u1ea1nh Th\u00f4ng T\u00e2y.<\/p>\n<\/li>\n<li>\n<p data-path-to-node=\"4,2,0\">Khu v\u1ef1c s\u1ea7m u\u1ea5t, \u0111\u1ea7y \u0111\u1ee7 ti\u1ec7n \u00edch: B\u00e1ch H\u00f3a Xanh, Circle K, qu\u00e1n \u0103n, gym&#8230; ch\u1ec9 v\u00e0i b\u01b0\u1edbc ch\u00e2n.<\/p>\n<\/li>\n<li>\n<p data-path-to-node=\"4,3,0\">Giao th\u00f4ng thu\u1eadn ti\u1ec7n \u0111i Quang Trung, Phan Huy \u00cdch, L\u00ea V\u0103n Th\u1ecd.<\/p>\n<\/li>\n<\/ul>\n<p data-path-to-node=\"5\"><b data-path-to-node=\"5\" data-index-in-node=\"0\">\u2728 \u0110\u1eb7c \u0111i\u1ec3m ph\u00f2ng:<\/b><\/p>\n<ul data-path-to-node=\"6\">\n<li>\n<p data-path-to-node=\"6,0,0\"><b data-path-to-node=\"6,0,0\" data-index-in-node=\"0\">Gi\u00e1 thu\u00ea:<\/b> 3.000.000 VN\u0110\/th\u00e1ng.<\/p>\n<\/li>\n<li>\n<p data-path-to-node=\"6,1,0\">Di\u1ec7n t\u00edch s\u1eed d\u1ee5ng t\u1ed1i \u01b0u, ph\u00f2ng s\u1ea1ch s\u1ebd, tho\u00e1ng m\u00e1t, c\u00f3 c\u1eeda s\u1ed5 \u0111\u00f3n \u00e1nh s\u00e1ng t\u1ef1 nhi\u00ean.<\/p>\n<\/li>\n<li>\n<p data-path-to-node=\"6,2,0\">Khu b\u1ebfp ri\u00eang bi\u1ec7t, nh\u00e0 v\u1ec7 sinh ri\u00eang trong ph\u00f2ng c\u1ef1c k\u1ef3 s\u1ea1ch s\u1ebd.<\/p>\n<\/li>\n<li>\n<p data-path-to-node=\"6,3,0\">Ph\u00f2ng \u0111\u01b0\u1ee3c trang b\u1ecb s\u1eb5n: M\u00e1y l\u1ea1nh (t\u00f9y c\u0103n), k\u1ec7 b\u1ebfp, thi\u1ebft b\u1ecb v\u1ec7 sinh c\u01a1 b\u1ea3n.<\/p>\n<\/li>\n<\/ul>\n<p data-path-to-node=\"7\"><b data-path-to-node=\"7\" data-index-in-node=\"0\">\ud83d\udee1\ufe0f Ti\u1ec7n \u00edch &amp; An ninh:<\/b><\/p>\n<ul data-path-to-node=\"8\">\n<li>\n<p data-path-to-node=\"8,0,0\">Gi\u1edd gi\u1ea5c t\u1ef1 do, kh\u00f4ng chung ch\u1ee7.<\/p>\n<\/li>\n<li>\n<p data-path-to-node=\"8,1,0\">H\u1ec7 th\u1ed1ng kh\u00f3a v\u00e2n tay\/kh\u00f3a th\u1ebb t\u1eeb hi\u1ec7n \u0111\u1ea1i, camera an ninh 24\/7.<\/p>\n<\/li>\n<li>\n<p data-path-to-node=\"8,2,0\">Khu v\u1ef1c \u0111\u1ec3 xe r\u1ed9ng r\u00e3i, an to\u00e0n.<\/p>\n<\/li>\n<li>\n<p data-path-to-node=\"8,3,0\">H\u1ec7 th\u1ed1ng PCCC \u0111\u1ea7y \u0111\u1ee7, \u0111\u1ea1t chu\u1ea9n.<\/p>\n<\/li>\n<\/ul>\n<p data-path-to-node=\"9\"><b data-path-to-node=\"9\" data-index-in-node=\"0\">\ud83c\udf81 \u01afu \u0111\u00e3i \u0111\u1eb7c bi\u1ec7t:<\/b><\/p>\n<ul data-path-to-node=\"10\">\n<li>\n<p data-path-to-node=\"10,0,0\">Gi\u1ea3m ngay ph\u00ed d\u1ecbch v\u1ee5 th\u00e1ng \u0111\u1ea7u cho kh\u00e1ch h\u00e0ng thi\u1ec7n ch\u00ed ch\u1ed1t nhanh.<\/p>\n<\/li>\n<li>\n<p data-path-to-node=\"10,1,0\">H\u1ed7 tr\u1ee3 xem ph\u00f2ng tr\u1ef1c ti\u1ebfp m\u1ecdi l\u00fac.<\/p>\n<\/li>\n<\/ul>\n<hr data-path-to-node=\"11\" \/>\n<p data-path-to-node=\"12\"><b data-path-to-node=\"12\" data-index-in-node=\"0\">\ud83d\udcde LI\u00caN H\u1ec6 NGAY \u0110\u1ec2 XEM PH\u00d2NG:<\/b><\/p>\n<ul data-path-to-node=\"13\">\n<li>\n<p data-path-to-node=\"13,0,0\"><b data-path-to-node=\"13,0,0\" data-index-in-node=\"0\">S\u1ed1 \u0111i\u1ec7n tho\u1ea1i\/Zalo:<\/b>0907125464<\/p>\n<\/li>\n<li>\n<p data-path-to-node=\"13,1,0\"><b data-path-to-node=\"13,1,0\" data-index-in-node=\"0\">\u0110\u1ecba ch\u1ec9:<\/b> \u0110\u01b0\u1eddng Nguy\u1ec5n V\u0103n Kh\u1ed1i, G\u00f2 V\u1ea5p.<\/p>\n<\/li>\n<\/ul>\n","protected":false},"excerpt":{"rendered":"<p>Cho thu\u00ea ph\u00f2ng tr\u1ecd Nguy\u1ec5n V\u0103n Kh\u1ed1i, G\u00f2 V\u1ea5p (g\u1ea7n C\u00f4ng vi\u00ean L\u00e0ng Hoa). Ph\u00f2ng s\u1ea1ch \u0111\u1eb9p, gi\u00e1 <b data-path-to-node=\"1\" data-index-in-node=\"89\">3 tri\u1ec7u\/th\u00e1ng<\/b>, c\u00f3 v\u1ec7 sinh ri\u00eang, k\u1ec7 b\u1ebfp v\u00e0 c\u1eeda s\u1ed5 tho\u00e1ng. Gi\u1edd gi\u1ea5c t\u1ef1 do, kh\u00f3a v\u00e2n tay an ninh, kh\u00f4ng chung ch\u1ee7. V\u1ecb tr\u00ed thu\u1eadn ti\u1ec7n, s\u00e1t ch\u1ee3 v\u00e0 si\u00eau th\u1ecb.<\/p>\n","protected":false},"featured_media":229,"comment_status":"open","ping_status":"closed","template":"","meta":[],"product_brand":[],"product_cat":[24],"product_tag":[],"class_list":{"0":"post-228","1":"product","2":"type-product","3":"status-publish","4":"has-post-thumbnail","6":"product_cat-go-vap","8":"first","9":"instock","10":"taxable","11":"shipping-taxable","12":"purchasable","13":"product-type-simple"},"yoast_head":"<!-- This site is optimized with the Yoast SEO plugin v26.8 - https:\/\/yoast.com\/product\/yoast-seo-wordpress\/ -->\n<title>Nguy\u1ec5n V\u0103n Kh\u1ed1i-GV - Tr\u1ecd sinh vi\u00ean<\/title>\n<meta name=\"description\" content=\"Tr\u1ecd NVK, G\u00f2 V\u1ea5p . Ph\u00f2ng s\u1ea1ch \u0111\u1eb9p, gi\u00e1 3 tr\/th, c\u00f3 v\u1ec7 sinh ri\u00eang, k\u1ec7 b\u1ebfp v\u00e0 c\u1eeda s\u1ed5 tho\u00e1ng. Gi\u1edd gi\u1ea5c t\u1ef1 do, kh\u00f3a v\u00e2n tay, kh\u00f4ng chung ch\u1ee7. V\u1ecb tr\u00ed thu\u1eadn ti\u1ec7n\" \/>\n<meta name=\"robots\" content=\"index, follow, max-snippet:-1, max-image-preview:large, max-video-preview:-1\" \/>\n<link rel=\"canonical\" href=\"https:\/\/trosinhvien.azdigi.shop\/index.php\/san-pham\/nguyen-van-khoi-gv\/\" \/>\n<meta property=\"og:locale\" content=\"vi_VN\" \/>\n<meta property=\"og:type\" content=\"article\" \/>\n<meta property=\"og:title\" content=\"Nguy\u1ec5n V\u0103n Kh\u1ed1i-GV - Tr\u1ecd sinh vi\u00ean\" \/>\n<meta property=\"og:description\" content=\"Tr\u1ecd NVK, G\u00f2 V\u1ea5p . Ph\u00f2ng s\u1ea1ch \u0111\u1eb9p, gi\u00e1 3 tr\/th, c\u00f3 v\u1ec7 sinh ri\u00eang, k\u1ec7 b\u1ebfp v\u00e0 c\u1eeda s\u1ed5 tho\u00e1ng. Gi\u1edd gi\u1ea5c t\u1ef1 do, kh\u00f3a v\u00e2n tay, kh\u00f4ng chung ch\u1ee7. V\u1ecb tr\u00ed thu\u1eadn ti\u1ec7n\" \/>\n<meta property=\"og:url\" content=\"https:\/\/trosinhvien.azdigi.shop\/index.php\/san-pham\/nguyen-van-khoi-gv\/\" \/>\n<meta property=\"og:site_name\" content=\"Tr\u1ecd sinh vi\u00ean\" \/>\n<meta property=\"article:modified_time\" content=\"2026-04-04T10:21:01+00:00\" \/>\n<meta property=\"og:image\" content=\"https:\/\/trosinhvien.azdigi.shop\/wp-content\/uploads\/2026\/03\/3tr.jpg\" \/>\n\t<meta property=\"og:image:width\" content=\"1276\" \/>\n\t<meta property=\"og:image:height\" content=\"956\" \/>\n\t<meta property=\"og:image:type\" content=\"image\/jpeg\" \/>\n<meta name=\"twitter:card\" content=\"summary_large_image\" \/>\n<meta name=\"twitter:label1\" content=\"\u01af\u1edbc t\u00ednh th\u1eddi gian \u0111\u1ecdc\" \/>\n\t<meta name=\"twitter:data1\" content=\"2 ph\u00fat\" \/>\n<script type=\"application\/ld+json\" class=\"yoast-schema-graph\">{\"@context\":\"https:\/\/schema.org\",\"@graph\":[{\"@type\":\"WebPage\",\"@id\":\"https:\/\/trosinhvien.azdigi.shop\/index.php\/san-pham\/nguyen-van-khoi-gv\/\",\"url\":\"https:\/\/trosinhvien.azdigi.shop\/index.php\/san-pham\/nguyen-van-khoi-gv\/\",\"name\":\"Nguy\u1ec5n V\u0103n Kh\u1ed1i-GV - Tr\u1ecd sinh vi\u00ean\",\"isPartOf\":{\"@id\":\"https:\/\/trosinhvien.azdigi.shop\/#website\"},\"primaryImageOfPage\":{\"@id\":\"https:\/\/trosinhvien.azdigi.shop\/index.php\/san-pham\/nguyen-van-khoi-gv\/#primaryimage\"},\"image\":{\"@id\":\"https:\/\/trosinhvien.azdigi.shop\/index.php\/san-pham\/nguyen-van-khoi-gv\/#primaryimage\"},\"thumbnailUrl\":\"https:\/\/trosinhvien.azdigi.shop\/wp-content\/uploads\/2026\/03\/3tr.jpg\",\"datePublished\":\"2026-03-31T14:32:44+00:00\",\"dateModified\":\"2026-04-04T10:21:01+00:00\",\"description\":\"Tr\u1ecd NVK, G\u00f2 V\u1ea5p . Ph\u00f2ng s\u1ea1ch \u0111\u1eb9p, gi\u00e1 3 tr\/th, c\u00f3 v\u1ec7 sinh ri\u00eang, k\u1ec7 b\u1ebfp v\u00e0 c\u1eeda s\u1ed5 tho\u00e1ng. Gi\u1edd gi\u1ea5c t\u1ef1 do, kh\u00f3a v\u00e2n tay, kh\u00f4ng chung ch\u1ee7. V\u1ecb tr\u00ed thu\u1eadn ti\u1ec7n\",\"breadcrumb\":{\"@id\":\"https:\/\/trosinhvien.azdigi.shop\/index.php\/san-pham\/nguyen-van-khoi-gv\/#breadcrumb\"},\"inLanguage\":\"vi\",\"potentialAction\":[{\"@type\":\"ReadAction\",\"target\":[\"https:\/\/trosinhvien.azdigi.shop\/index.php\/san-pham\/nguyen-van-khoi-gv\/\"]}]},{\"@type\":\"ImageObject\",\"inLanguage\":\"vi\",\"@id\":\"https:\/\/trosinhvien.azdigi.shop\/index.php\/san-pham\/nguyen-van-khoi-gv\/#primaryimage\",\"url\":\"https:\/\/trosinhvien.azdigi.shop\/wp-content\/uploads\/2026\/03\/3tr.jpg\",\"contentUrl\":\"https:\/\/trosinhvien.azdigi.shop\/wp-content\/uploads\/2026\/03\/3tr.jpg\",\"width\":1276,\"height\":956},{\"@type\":\"BreadcrumbList\",\"@id\":\"https:\/\/trosinhvien.azdigi.shop\/index.php\/san-pham\/nguyen-van-khoi-gv\/#breadcrumb\",\"itemListElement\":[{\"@type\":\"ListItem\",\"position\":1,\"name\":\"Trang ch\u1ee7\",\"item\":\"https:\/\/trosinhvien.azdigi.shop\/\"},{\"@type\":\"ListItem\",\"position\":2,\"name\":\"C\u1eeda h\u00e0ng\",\"item\":\"https:\/\/trosinhvien.azdigi.shop\/index.php\/cua-hang\/\"},{\"@type\":\"ListItem\",\"position\":3,\"name\":\"Nguy\u1ec5n V\u0103n Kh\u1ed1i-GV\"}]},{\"@type\":\"WebSite\",\"@id\":\"https:\/\/trosinhvien.azdigi.shop\/#website\",\"url\":\"https:\/\/trosinhvien.azdigi.shop\/\",\"name\":\"Tr\u1ecd sinh vi\u00ean\",\"description\":\"\",\"publisher\":{\"@id\":\"https:\/\/trosinhvien.azdigi.shop\/#\/schema\/person\/9c1e01826addcfa3a8c40f16418423fb\"},\"potentialAction\":[{\"@type\":\"SearchAction\",\"target\":{\"@type\":\"EntryPoint\",\"urlTemplate\":\"https:\/\/trosinhvien.azdigi.shop\/?s={search_term_string}\"},\"query-input\":{\"@type\":\"PropertyValueSpecification\",\"valueRequired\":true,\"valueName\":\"search_term_string\"}}],\"inLanguage\":\"vi\"},{\"@type\":[\"Person\",\"Organization\"],\"@id\":\"https:\/\/trosinhvien.azdigi.shop\/#\/schema\/person\/9c1e01826addcfa3a8c40f16418423fb\",\"name\":\"Thanh Tuyen\",\"image\":{\"@type\":\"ImageObject\",\"inLanguage\":\"vi\",\"@id\":\"https:\/\/trosinhvien.azdigi.shop\/#\/schema\/person\/image\/\",\"url\":\"https:\/\/trosinhvien.azdigi.shop\/wp-content\/uploads\/2026\/01\/Tuyen-1.png\",\"contentUrl\":\"https:\/\/trosinhvien.azdigi.shop\/wp-content\/uploads\/2026\/01\/Tuyen-1.png\",\"width\":500,\"height\":500,\"caption\":\"Thanh Tuyen\"},\"logo\":{\"@id\":\"https:\/\/trosinhvien.azdigi.shop\/#\/schema\/person\/image\/\"},\"sameAs\":[\"https:\/\/trosinhvien.azdigi.shop\"]}]}<\/script>\n<!-- \/ Yoast SEO plugin. -->","yoast_head_json":{"title":"Nguy\u1ec5n V\u0103n Kh\u1ed1i-GV - Tr\u1ecd sinh vi\u00ean","description":"Tr\u1ecd NVK, G\u00f2 V\u1ea5p . Ph\u00f2ng s\u1ea1ch \u0111\u1eb9p, gi\u00e1 3 tr\/th, c\u00f3 v\u1ec7 sinh ri\u00eang, k\u1ec7 b\u1ebfp v\u00e0 c\u1eeda s\u1ed5 tho\u00e1ng. Gi\u1edd gi\u1ea5c t\u1ef1 do, kh\u00f3a v\u00e2n tay, kh\u00f4ng chung ch\u1ee7. V\u1ecb tr\u00ed thu\u1eadn ti\u1ec7n","robots":{"index":"index","follow":"follow","max-snippet":"max-snippet:-1","max-image-preview":"max-image-preview:large","max-video-preview":"max-video-preview:-1"},"canonical":"https:\/\/trosinhvien.azdigi.shop\/index.php\/san-pham\/nguyen-van-khoi-gv\/","og_locale":"vi_VN","og_type":"article","og_title":"Nguy\u1ec5n V\u0103n Kh\u1ed1i-GV - Tr\u1ecd sinh vi\u00ean","og_description":"Tr\u1ecd NVK, G\u00f2 V\u1ea5p . Ph\u00f2ng s\u1ea1ch \u0111\u1eb9p, gi\u00e1 3 tr\/th, c\u00f3 v\u1ec7 sinh ri\u00eang, k\u1ec7 b\u1ebfp v\u00e0 c\u1eeda s\u1ed5 tho\u00e1ng. Gi\u1edd gi\u1ea5c t\u1ef1 do, kh\u00f3a v\u00e2n tay, kh\u00f4ng chung ch\u1ee7. V\u1ecb tr\u00ed thu\u1eadn ti\u1ec7n","og_url":"https:\/\/trosinhvien.azdigi.shop\/index.php\/san-pham\/nguyen-van-khoi-gv\/","og_site_name":"Tr\u1ecd sinh vi\u00ean","article_modified_time":"2026-04-04T10:21:01+00:00","og_image":[{"width":1276,"height":956,"url":"https:\/\/trosinhvien.azdigi.shop\/wp-content\/uploads\/2026\/03\/3tr.jpg","type":"image\/jpeg"}],"twitter_card":"summary_large_image","twitter_misc":{"\u01af\u1edbc t\u00ednh th\u1eddi gian \u0111\u1ecdc":"2 ph\u00fat"},"schema":{"@context":"https:\/\/schema.org","@graph":[{"@type":"WebPage","@id":"https:\/\/trosinhvien.azdigi.shop\/index.php\/san-pham\/nguyen-van-khoi-gv\/","url":"https:\/\/trosinhvien.azdigi.shop\/index.php\/san-pham\/nguyen-van-khoi-gv\/","name":"Nguy\u1ec5n V\u0103n Kh\u1ed1i-GV - Tr\u1ecd sinh vi\u00ean","isPartOf":{"@id":"https:\/\/trosinhvien.azdigi.shop\/#website"},"primaryImageOfPage":{"@id":"https:\/\/trosinhvien.azdigi.shop\/index.php\/san-pham\/nguyen-van-khoi-gv\/#primaryimage"},"image":{"@id":"https:\/\/trosinhvien.azdigi.shop\/index.php\/san-pham\/nguyen-van-khoi-gv\/#primaryimage"},"thumbnailUrl":"https:\/\/trosinhvien.azdigi.shop\/wp-content\/uploads\/2026\/03\/3tr.jpg","datePublished":"2026-03-31T14:32:44+00:00","dateModified":"2026-04-04T10:21:01+00:00","description":"Tr\u1ecd NVK, G\u00f2 V\u1ea5p . Ph\u00f2ng s\u1ea1ch \u0111\u1eb9p, gi\u00e1 3 tr\/th, c\u00f3 v\u1ec7 sinh ri\u00eang, k\u1ec7 b\u1ebfp v\u00e0 c\u1eeda s\u1ed5 tho\u00e1ng. Gi\u1edd gi\u1ea5c t\u1ef1 do, kh\u00f3a v\u00e2n tay, kh\u00f4ng chung ch\u1ee7. V\u1ecb tr\u00ed thu\u1eadn ti\u1ec7n","breadcrumb":{"@id":"https:\/\/trosinhvien.azdigi.shop\/index.php\/san-pham\/nguyen-van-khoi-gv\/#breadcrumb"},"inLanguage":"vi","potentialAction":[{"@type":"ReadAction","target":["https:\/\/trosinhvien.azdigi.shop\/index.php\/san-pham\/nguyen-van-khoi-gv\/"]}]},{"@type":"ImageObject","inLanguage":"vi","@id":"https:\/\/trosinhvien.azdigi.shop\/index.php\/san-pham\/nguyen-van-khoi-gv\/#primaryimage","url":"https:\/\/trosinhvien.azdigi.shop\/wp-content\/uploads\/2026\/03\/3tr.jpg","contentUrl":"https:\/\/trosinhvien.azdigi.shop\/wp-content\/uploads\/2026\/03\/3tr.jpg","width":1276,"height":956},{"@type":"BreadcrumbList","@id":"https:\/\/trosinhvien.azdigi.shop\/index.php\/san-pham\/nguyen-van-khoi-gv\/#breadcrumb","itemListElement":[{"@type":"ListItem","position":1,"name":"Trang ch\u1ee7","item":"https:\/\/trosinhvien.azdigi.shop\/"},{"@type":"ListItem","position":2,"name":"C\u1eeda h\u00e0ng","item":"https:\/\/trosinhvien.azdigi.shop\/index.php\/cua-hang\/"},{"@type":"ListItem","position":3,"name":"Nguy\u1ec5n V\u0103n Kh\u1ed1i-GV"}]},{"@type":"WebSite","@id":"https:\/\/trosinhvien.azdigi.shop\/#website","url":"https:\/\/trosinhvien.azdigi.shop\/","name":"Tr\u1ecd sinh vi\u00ean","description":"","publisher":{"@id":"https:\/\/trosinhvien.azdigi.shop\/#\/schema\/person\/9c1e01826addcfa3a8c40f16418423fb"},"potentialAction":[{"@type":"SearchAction","target":{"@type":"EntryPoint","urlTemplate":"https:\/\/trosinhvien.azdigi.shop\/?s={search_term_string}"},"query-input":{"@type":"PropertyValueSpecification","valueRequired":true,"valueName":"search_term_string"}}],"inLanguage":"vi"},{"@type":["Person","Organization"],"@id":"https:\/\/trosinhvien.azdigi.shop\/#\/schema\/person\/9c1e01826addcfa3a8c40f16418423fb","name":"Thanh Tuyen","image":{"@type":"ImageObject","inLanguage":"vi","@id":"https:\/\/trosinhvien.azdigi.shop\/#\/schema\/person\/image\/","url":"https:\/\/trosinhvien.azdigi.shop\/wp-content\/uploads\/2026\/01\/Tuyen-1.png","contentUrl":"https:\/\/trosinhvien.azdigi.shop\/wp-content\/uploads\/2026\/01\/Tuyen-1.png","width":500,"height":500,"caption":"Thanh Tuyen"},"logo":{"@id":"https:\/\/trosinhvien.azdigi.shop\/#\/schema\/person\/image\/"},"sameAs":["https:\/\/trosinhvien.azdigi.shop"]}]}},"_links":{"self":[{"href":"https:\/\/trosinhvien.azdigi.shop\/index.php\/wp-json\/wp\/v2\/product\/228","targetHints":{"allow":["GET"]}}],"collection":[{"href":"https:\/\/trosinhvien.azdigi.shop\/index.php\/wp-json\/wp\/v2\/product"}],"about":[{"href":"https:\/\/trosinhvien.azdigi.shop\/index.php\/wp-json\/wp\/v2\/types\/product"}],"replies":[{"embeddable":true,"href":"https:\/\/trosinhvien.azdigi.shop\/index.php\/wp-json\/wp\/v2\/comments?post=228"}],"wp:featuredmedia":[{"embeddable":true,"href":"https:\/\/trosinhvien.azdigi.shop\/index.php\/wp-json\/wp\/v2\/media\/229"}],"wp:attachment":[{"href":"https:\/\/trosinhvien.azdigi.shop\/index.php\/wp-json\/wp\/v2\/media?parent=228"}],"wp:term":[{"taxonomy":"product_brand","embeddable":true,"href":"https:\/\/trosinhvien.azdigi.shop\/index.php\/wp-json\/wp\/v2\/product_brand?post=228"},{"taxonomy":"product_cat","embeddable":true,"href":"https:\/\/trosinhvien.azdigi.shop\/index.php\/wp-json\/wp\/v2\/product_cat?post=228"},{"taxonomy":"product_tag","embeddable":true,"href":"https:\/\/trosinhvien.azdigi.shop\/index.php\/wp-json\/wp\/v2\/product_tag?post=228"}],"curies":[{"name":"wp","href":"https:\/\/api.w.org\/{rel}","templated":true}]}}