{"id":264,"date":"2026-04-09T12:50:18","date_gmt":"2026-04-09T12:50:18","guid":{"rendered":"https:\/\/trosinhvien.azdigi.shop\/?post_type=product&#038;p=264"},"modified":"2026-04-09T12:50:18","modified_gmt":"2026-04-09T12:50:18","slug":"nguyen-than-hien-q4","status":"publish","type":"product","link":"https:\/\/trosinhvien.azdigi.shop\/index.php\/san-pham\/nguyen-than-hien-q4\/","title":{"rendered":"Nguy\u1ec5n Th\u1ea7n Hi\u1ebfn-Q4"},"content":{"rendered":"<h2 data-path-to-node=\"2\"><b data-path-to-node=\"2\" data-index-in-node=\"0\">CHO THU\u00ca PH\u00d2NG TR\u1ecc CAO C\u1ea4P NGUY\u1ec4N TH\u1ea6N HI\u1ebeN, QU\u1eacN 4 \u2013 GI\u00c1 CH\u1ec8 5.5TR \u2013 FULL N\u1ed8I TH\u1ea4T<\/b><\/h2>\n<p data-path-to-node=\"3\">B\u1ea1n \u0111ang t\u00ecm ki\u1ebfm m\u1ed9t kh\u00f4ng gian s\u1ed1ng v\u0103n minh, y\u00ean t\u0129nh ngay s\u00e1t trung t\u00e2m Qu\u1eadn 1? Ph\u00f2ng tr\u1ecd t\u1ea1i <b data-path-to-node=\"3\" data-index-in-node=\"98\">\u0111\u01b0\u1eddng Nguy\u1ec5n Th\u1ea7n Hi\u1ebfn, Qu\u1eadn 4<\/b> ch\u00ednh l\u00e0 l\u1ef1a ch\u1ecdn l\u00fd t\u01b0\u1edfng cho sinh vi\u00ean v\u00e0 nh\u00e2n vi\u00ean v\u0103n ph\u00f2ng.<\/p>\n<h3 data-path-to-node=\"4\"><b data-path-to-node=\"4\" data-index-in-node=\"0\">1. V\u1ecb tr\u00ed \u0111\u1eafc \u0111\u1ecba \u2013 K\u1ebft n\u1ed1i giao th\u00f4ng ho\u00e0n h\u1ea3o<\/b><\/h3>\n<ul data-path-to-node=\"5\">\n<li>\n<p data-path-to-node=\"5,0,0\"><b data-path-to-node=\"5,0,0\" data-index-in-node=\"0\">\u0110\u1ecba ch\u1ec9:<\/b> \u0110\u01b0\u1eddng Nguy\u1ec5n Th\u1ea7n Hi\u1ebfn, Ph\u01b0\u1eddng 18, Qu\u1eadn 4.<\/p>\n<\/li>\n<li>\n<p data-path-to-node=\"5,1,0\"><b data-path-to-node=\"5,1,0\" data-index-in-node=\"0\">V\u1ecb tr\u00ed v\u00e0ng:<\/b> Ch\u1ec9 m\u1ea5t <b data-path-to-node=\"5,1,0\" data-index-in-node=\"21\">5 ph\u00fat qua Qu\u1eadn 1<\/b> (C\u1ea7u Kh\u00e1nh H\u1ed9i\/C\u1ea7u Calmette), d\u1ec5 d\u00e0ng di chuy\u1ec3n sang Qu\u1eadn 7, Qu\u1eadn 5 v\u00e0 Qu\u1eadn 8.<\/p>\n<\/li>\n<li>\n<p data-path-to-node=\"5,2,0\"><b data-path-to-node=\"5,2,0\" data-index-in-node=\"0\">Ti\u1ec7n \u00edch xung quanh:<\/b> G\u1ea7n ch\u1ee3 d\u00e2n sinh, si\u00eau th\u1ecb ti\u1ec7n l\u1ee3i, c\u00e1c tr\u01b0\u1eddng \u0110\u1ea1i h\u1ecdc l\u1edbn (UFM, Nguy\u1ec5n T\u1ea5t Th\u00e0nh, Lu\u1eadt) v\u00e0 b\u1ec7nh vi\u1ec7n Qu\u1eadn 4.<\/p>\n<\/li>\n<\/ul>\n<h3 data-path-to-node=\"6\"><b data-path-to-node=\"6\" data-index-in-node=\"0\">2. \u0110\u1eb7c \u0111i\u1ec3m c\u0103n ph\u00f2ng<\/b><\/h3>\n<ul data-path-to-node=\"7\">\n<li>\n<p data-path-to-node=\"7,1,0\"><b data-path-to-node=\"7,1,0\" data-index-in-node=\"0\">Gi\u00e1 thu\u00ea:<\/b> <b data-path-to-node=\"7,1,0\" data-index-in-node=\"10\">5.500.000 VN\u0110\/th\u00e1ng<\/b>.<\/p>\n<\/li>\n<li>\n<p data-path-to-node=\"7,2,0\"><b data-path-to-node=\"7,2,0\" data-index-in-node=\"0\">Full n\u1ed9i th\u1ea5t:<\/b> Ch\u1ec9 c\u1ea7n x\u00e1ch vali v\u00e0o \u1edf ngay v\u1edbi:<\/p>\n<ul data-path-to-node=\"7,2,1\">\n<li>\n<p data-path-to-node=\"7,2,1,0,0\">M\u00e1y l\u1ea1nh Inverter ti\u1ebft ki\u1ec7m \u0111i\u1ec7n.<\/p>\n<\/li>\n<li>\n<p data-path-to-node=\"7,2,1,1,0\">Gi\u01b0\u1eddng n\u1ec7m cao c\u1ea5p, t\u1ee7 qu\u1ea7n \u00e1o l\u1edbn.<\/p>\n<\/li>\n<li>\n<p data-path-to-node=\"7,2,1,2,0\">K\u1ec7 b\u1ebfp ri\u00eang bi\u1ec7t, s\u1ea1ch s\u1ebd.<\/p>\n<\/li>\n<li>\n<p data-path-to-node=\"7,2,1,3,0\">Nh\u00e0 v\u1ec7 sinh ri\u00eang trong ph\u00f2ng.<\/p>\n<\/li>\n<\/ul>\n<\/li>\n<\/ul>\n<h3 data-path-to-node=\"8\"><b data-path-to-node=\"8\" data-index-in-node=\"0\">3. Ti\u1ec7n \u00edch v\u00e0 D\u1ecbch v\u1ee5 \u0111i k\u00e8m<\/b><\/h3>\n<ul data-path-to-node=\"9\">\n<li>\n<p data-path-to-node=\"9,0,0\"><b data-path-to-node=\"9,0,0\" data-index-in-node=\"0\">An ninh tuy\u1ec7t \u0111\u1ed1i:<\/b> Kh\u00f3a v\u00e2n tay, h\u1ec7 th\u1ed1ng Camera gi\u00e1m s\u00e1t 24\/7, gi\u1edd gi\u1ea5c ho\u00e0n to\u00e0n t\u1ef1 do.<\/p>\n<\/li>\n<li>\n<p data-path-to-node=\"9,1,0\"><b data-path-to-node=\"9,1,0\" data-index-in-node=\"0\">V\u1ec7 sinh:<\/b> Khu v\u1ef1c chung \u0111\u01b0\u1ee3c lau d\u1ecdn th\u01b0\u1eddng xuy\u00ean, m\u00f4i tr\u01b0\u1eddng s\u1ed1ng v\u0103n minh, l\u1ecbch s\u1ef1.<\/p>\n<\/li>\n<li>\n<p data-path-to-node=\"9,2,0\"><b data-path-to-node=\"9,2,0\" data-index-in-node=\"0\">Internet:<\/b> C\u00e1p quang t\u1ed1c \u0111\u1ed9 cao, \u1ed5n \u0111\u1ecbnh cho c\u00f4ng vi\u1ec7c v\u00e0 h\u1ecdc t\u1eadp.<\/p>\n<\/li>\n<\/ul>\n<p><img loading=\"lazy\" decoding=\"async\" class=\"alignnone size-medium wp-image-265\" src=\"https:\/\/trosinhvien.azdigi.shop\/wp-content\/uploads\/2026\/04\/nth-300x225.jpg\" alt=\"\" width=\"300\" height=\"225\" srcset=\"https:\/\/trosinhvien.azdigi.shop\/wp-content\/uploads\/2026\/04\/nth-300x225.jpg 300w, https:\/\/trosinhvien.azdigi.shop\/wp-content\/uploads\/2026\/04\/nth-1024x768.jpg 1024w, https:\/\/trosinhvien.azdigi.shop\/wp-content\/uploads\/2026\/04\/nth-768x576.jpg 768w, https:\/\/trosinhvien.azdigi.shop\/wp-content\/uploads\/2026\/04\/nth-1536x1152.jpg 1536w, https:\/\/trosinhvien.azdigi.shop\/wp-content\/uploads\/2026\/04\/nth-2048x1536.jpg 2048w, https:\/\/trosinhvien.azdigi.shop\/wp-content\/uploads\/2026\/04\/nth-600x450.jpg 600w\" sizes=\"auto, (max-width: 300px) 100vw, 300px\" \/><\/p>\n<h3 data-path-to-node=\"10\"><b data-path-to-node=\"10\" data-index-in-node=\"0\">4. Th\u00f4ng tin li\u00ean h\u1ec7 xem ph\u00f2ng<\/b><\/h3>\n<p data-path-to-node=\"11\">\u0110\u1eebng b\u1ecf l\u1ee1 c\u01a1 h\u1ed9i s\u1edf h\u1eefu c\u0103n ph\u00f2ng ch\u1ea5t l\u01b0\u1ee3ng v\u1edbi m\u1ee9c gi\u00e1 c\u1ef1c t\u1ed1t t\u1ea1i khu v\u1ef1c trung t\u00e2m Qu\u1eadn 4!<\/p>\n<ul data-path-to-node=\"12\">\n<li>\n<p data-path-to-node=\"12,0,0\"><b data-path-to-node=\"12,0,0\" data-index-in-node=\"0\">S\u1ed1 \u0111i\u1ec7n tho\u1ea1i\/Zalo:<\/b> 0907125464<\/p>\n<\/li>\n<li>\n<p data-path-to-node=\"12,1,0\"><b data-path-to-node=\"12,1,0\" data-index-in-node=\"0\">\u0110\u1ecba ch\u1ec9 xem ph\u00f2ng:<\/b> Nguy\u1ec5n Th\u1ea7n Hi\u1ebfn, Ph\u01b0\u1eddng 18, Qu\u1eadn 4.<\/p>\n<\/li>\n<\/ul>\n<p><img loading=\"lazy\" decoding=\"async\" class=\"alignnone size-medium wp-image-266\" src=\"https:\/\/trosinhvien.azdigi.shop\/wp-content\/uploads\/2026\/04\/nth1-300x225.jpg\" alt=\"\" width=\"300\" height=\"225\" srcset=\"https:\/\/trosinhvien.azdigi.shop\/wp-content\/uploads\/2026\/04\/nth1-300x225.jpg 300w, https:\/\/trosinhvien.azdigi.shop\/wp-content\/uploads\/2026\/04\/nth1-1024x768.jpg 1024w, https:\/\/trosinhvien.azdigi.shop\/wp-content\/uploads\/2026\/04\/nth1-768x576.jpg 768w, https:\/\/trosinhvien.azdigi.shop\/wp-content\/uploads\/2026\/04\/nth1-1536x1152.jpg 1536w, https:\/\/trosinhvien.azdigi.shop\/wp-content\/uploads\/2026\/04\/nth1-2048x1536.jpg 2048w, https:\/\/trosinhvien.azdigi.shop\/wp-content\/uploads\/2026\/04\/nth1-600x450.jpg 600w\" sizes=\"auto, (max-width: 300px) 100vw, 300px\" \/><\/p>\n","protected":false},"excerpt":{"rendered":"<h2 data-path-to-node=\"2\">Cho thu\u00ea ph\u00f2ng tr\u1ecd cao c\u1ea5p \u0111\u01b0\u1eddng Nguy\u1ec5n Th\u1ea7n Hi\u1ebfn, Q4. Gi\u00e1 5.5tr\/th\u00e1ng, di\u1ec7n t\u00edch 25m2, full n\u1ed9i th\u1ea5t Inverter m\u1edbi 100%. V\u1ecb tr\u00ed \u0111\u1eafc \u0111\u1ecba g\u1ea7n s\u00e1t Qu\u1eadn 1, di chuy\u1ec3n thu\u1eadn ti\u1ec7n qua c\u1ea7u Kh\u00e1nh H\u1ed9i. Kh\u00f4ng gian y\u00ean t\u0129nh, an ninh kh\u00f3a v\u00e2n tay, gi\u1edd gi\u1ea5c t\u1ef1 do, kh\u00f4ng chung ch\u1ee7.<\/h2>\n<p>&nbsp;<\/p>\n","protected":false},"featured_media":266,"comment_status":"open","ping_status":"closed","template":"","meta":[],"product_brand":[],"product_cat":[25],"product_tag":[],"class_list":{"0":"post-264","1":"product","2":"type-product","3":"status-publish","4":"has-post-thumbnail","6":"product_cat-quan-4","8":"first","9":"instock","10":"taxable","11":"shipping-taxable","12":"purchasable","13":"product-type-simple"},"yoast_head":"<!-- This site is optimized with the Yoast SEO plugin v26.8 - https:\/\/yoast.com\/product\/yoast-seo-wordpress\/ -->\n<title>Nguy\u1ec5n Th\u1ea7n Hi\u1ebfn-Q4 - Tr\u1ecd sinh vi\u00ean<\/title>\n<meta name=\"description\" content=\"Cho thu\u00ea ph\u00f2ng tr\u1ecd Nguy\u1ec5n Th\u1ea7n Hi\u1ebfn Q4 gi\u00e1 5.5tr. Ch\u1ec9 5 ph\u00fat qua Qu\u1eadn 1, full n\u1ed9i th\u1ea5t cao c\u1ea5p, gi\u1edd gi\u1ea5c t\u1ef1 do, an ninh kh\u00f3a v\u00e2n tay. Xem ph\u00f2ng ngay k\u1ebbo l\u1ee1!\" \/>\n<meta name=\"robots\" content=\"index, follow, max-snippet:-1, max-image-preview:large, max-video-preview:-1\" \/>\n<link rel=\"canonical\" href=\"https:\/\/trosinhvien.azdigi.shop\/index.php\/san-pham\/nguyen-than-hien-q4\/\" \/>\n<meta property=\"og:locale\" content=\"vi_VN\" \/>\n<meta property=\"og:type\" content=\"article\" \/>\n<meta property=\"og:title\" content=\"Nguy\u1ec5n Th\u1ea7n Hi\u1ebfn-Q4 - Tr\u1ecd sinh vi\u00ean\" \/>\n<meta property=\"og:description\" content=\"Cho thu\u00ea ph\u00f2ng tr\u1ecd Nguy\u1ec5n Th\u1ea7n Hi\u1ebfn Q4 gi\u00e1 5.5tr. Ch\u1ec9 5 ph\u00fat qua Qu\u1eadn 1, full n\u1ed9i th\u1ea5t cao c\u1ea5p, gi\u1edd gi\u1ea5c t\u1ef1 do, an ninh kh\u00f3a v\u00e2n tay. Xem ph\u00f2ng ngay k\u1ebbo l\u1ee1!\" \/>\n<meta property=\"og:url\" content=\"https:\/\/trosinhvien.azdigi.shop\/index.php\/san-pham\/nguyen-than-hien-q4\/\" \/>\n<meta property=\"og:site_name\" content=\"Tr\u1ecd sinh vi\u00ean\" \/>\n<meta property=\"og:image\" content=\"https:\/\/trosinhvien.azdigi.shop\/wp-content\/uploads\/2026\/04\/nth1-scaled.jpg\" \/>\n\t<meta property=\"og:image:width\" content=\"2560\" \/>\n\t<meta property=\"og:image:height\" content=\"1920\" \/>\n\t<meta property=\"og:image:type\" content=\"image\/jpeg\" \/>\n<meta name=\"twitter:card\" content=\"summary_large_image\" \/>\n<meta name=\"twitter:label1\" content=\"\u01af\u1edbc t\u00ednh th\u1eddi gian \u0111\u1ecdc\" \/>\n\t<meta name=\"twitter:data1\" content=\"3 ph\u00fat\" \/>\n<script type=\"application\/ld+json\" class=\"yoast-schema-graph\">{\"@context\":\"https:\/\/schema.org\",\"@graph\":[{\"@type\":\"WebPage\",\"@id\":\"https:\/\/trosinhvien.azdigi.shop\/index.php\/san-pham\/nguyen-than-hien-q4\/\",\"url\":\"https:\/\/trosinhvien.azdigi.shop\/index.php\/san-pham\/nguyen-than-hien-q4\/\",\"name\":\"Nguy\u1ec5n Th\u1ea7n Hi\u1ebfn-Q4 - Tr\u1ecd sinh vi\u00ean\",\"isPartOf\":{\"@id\":\"https:\/\/trosinhvien.azdigi.shop\/#website\"},\"primaryImageOfPage\":{\"@id\":\"https:\/\/trosinhvien.azdigi.shop\/index.php\/san-pham\/nguyen-than-hien-q4\/#primaryimage\"},\"image\":{\"@id\":\"https:\/\/trosinhvien.azdigi.shop\/index.php\/san-pham\/nguyen-than-hien-q4\/#primaryimage\"},\"thumbnailUrl\":\"https:\/\/trosinhvien.azdigi.shop\/wp-content\/uploads\/2026\/04\/nth1-scaled.jpg\",\"datePublished\":\"2026-04-09T12:50:18+00:00\",\"description\":\"Cho thu\u00ea ph\u00f2ng tr\u1ecd Nguy\u1ec5n Th\u1ea7n Hi\u1ebfn Q4 gi\u00e1 5.5tr. Ch\u1ec9 5 ph\u00fat qua Qu\u1eadn 1, full n\u1ed9i th\u1ea5t cao c\u1ea5p, gi\u1edd gi\u1ea5c t\u1ef1 do, an ninh kh\u00f3a v\u00e2n tay. Xem ph\u00f2ng ngay k\u1ebbo l\u1ee1!\",\"breadcrumb\":{\"@id\":\"https:\/\/trosinhvien.azdigi.shop\/index.php\/san-pham\/nguyen-than-hien-q4\/#breadcrumb\"},\"inLanguage\":\"vi\",\"potentialAction\":[{\"@type\":\"ReadAction\",\"target\":[\"https:\/\/trosinhvien.azdigi.shop\/index.php\/san-pham\/nguyen-than-hien-q4\/\"]}]},{\"@type\":\"ImageObject\",\"inLanguage\":\"vi\",\"@id\":\"https:\/\/trosinhvien.azdigi.shop\/index.php\/san-pham\/nguyen-than-hien-q4\/#primaryimage\",\"url\":\"https:\/\/trosinhvien.azdigi.shop\/wp-content\/uploads\/2026\/04\/nth1-scaled.jpg\",\"contentUrl\":\"https:\/\/trosinhvien.azdigi.shop\/wp-content\/uploads\/2026\/04\/nth1-scaled.jpg\",\"width\":2560,\"height\":1920},{\"@type\":\"BreadcrumbList\",\"@id\":\"https:\/\/trosinhvien.azdigi.shop\/index.php\/san-pham\/nguyen-than-hien-q4\/#breadcrumb\",\"itemListElement\":[{\"@type\":\"ListItem\",\"position\":1,\"name\":\"Trang ch\u1ee7\",\"item\":\"https:\/\/trosinhvien.azdigi.shop\/\"},{\"@type\":\"ListItem\",\"position\":2,\"name\":\"C\u1eeda h\u00e0ng\",\"item\":\"https:\/\/trosinhvien.azdigi.shop\/index.php\/cua-hang\/\"},{\"@type\":\"ListItem\",\"position\":3,\"name\":\"Nguy\u1ec5n Th\u1ea7n Hi\u1ebfn-Q4\"}]},{\"@type\":\"WebSite\",\"@id\":\"https:\/\/trosinhvien.azdigi.shop\/#website\",\"url\":\"https:\/\/trosinhvien.azdigi.shop\/\",\"name\":\"Tr\u1ecd sinh vi\u00ean\",\"description\":\"\",\"publisher\":{\"@id\":\"https:\/\/trosinhvien.azdigi.shop\/#\/schema\/person\/9c1e01826addcfa3a8c40f16418423fb\"},\"potentialAction\":[{\"@type\":\"SearchAction\",\"target\":{\"@type\":\"EntryPoint\",\"urlTemplate\":\"https:\/\/trosinhvien.azdigi.shop\/?s={search_term_string}\"},\"query-input\":{\"@type\":\"PropertyValueSpecification\",\"valueRequired\":true,\"valueName\":\"search_term_string\"}}],\"inLanguage\":\"vi\"},{\"@type\":[\"Person\",\"Organization\"],\"@id\":\"https:\/\/trosinhvien.azdigi.shop\/#\/schema\/person\/9c1e01826addcfa3a8c40f16418423fb\",\"name\":\"Thanh Tuyen\",\"image\":{\"@type\":\"ImageObject\",\"inLanguage\":\"vi\",\"@id\":\"https:\/\/trosinhvien.azdigi.shop\/#\/schema\/person\/image\/\",\"url\":\"https:\/\/trosinhvien.azdigi.shop\/wp-content\/uploads\/2026\/01\/Tuyen-1.png\",\"contentUrl\":\"https:\/\/trosinhvien.azdigi.shop\/wp-content\/uploads\/2026\/01\/Tuyen-1.png\",\"width\":500,\"height\":500,\"caption\":\"Thanh Tuyen\"},\"logo\":{\"@id\":\"https:\/\/trosinhvien.azdigi.shop\/#\/schema\/person\/image\/\"},\"sameAs\":[\"https:\/\/trosinhvien.azdigi.shop\"]}]}<\/script>\n<!-- \/ Yoast SEO plugin. -->","yoast_head_json":{"title":"Nguy\u1ec5n Th\u1ea7n Hi\u1ebfn-Q4 - Tr\u1ecd sinh vi\u00ean","description":"Cho thu\u00ea ph\u00f2ng tr\u1ecd Nguy\u1ec5n Th\u1ea7n Hi\u1ebfn Q4 gi\u00e1 5.5tr. Ch\u1ec9 5 ph\u00fat qua Qu\u1eadn 1, full n\u1ed9i th\u1ea5t cao c\u1ea5p, gi\u1edd gi\u1ea5c t\u1ef1 do, an ninh kh\u00f3a v\u00e2n tay. Xem ph\u00f2ng ngay k\u1ebbo l\u1ee1!","robots":{"index":"index","follow":"follow","max-snippet":"max-snippet:-1","max-image-preview":"max-image-preview:large","max-video-preview":"max-video-preview:-1"},"canonical":"https:\/\/trosinhvien.azdigi.shop\/index.php\/san-pham\/nguyen-than-hien-q4\/","og_locale":"vi_VN","og_type":"article","og_title":"Nguy\u1ec5n Th\u1ea7n Hi\u1ebfn-Q4 - Tr\u1ecd sinh vi\u00ean","og_description":"Cho thu\u00ea ph\u00f2ng tr\u1ecd Nguy\u1ec5n Th\u1ea7n Hi\u1ebfn Q4 gi\u00e1 5.5tr. Ch\u1ec9 5 ph\u00fat qua Qu\u1eadn 1, full n\u1ed9i th\u1ea5t cao c\u1ea5p, gi\u1edd gi\u1ea5c t\u1ef1 do, an ninh kh\u00f3a v\u00e2n tay. Xem ph\u00f2ng ngay k\u1ebbo l\u1ee1!","og_url":"https:\/\/trosinhvien.azdigi.shop\/index.php\/san-pham\/nguyen-than-hien-q4\/","og_site_name":"Tr\u1ecd sinh vi\u00ean","og_image":[{"width":2560,"height":1920,"url":"https:\/\/trosinhvien.azdigi.shop\/wp-content\/uploads\/2026\/04\/nth1-scaled.jpg","type":"image\/jpeg"}],"twitter_card":"summary_large_image","twitter_misc":{"\u01af\u1edbc t\u00ednh th\u1eddi gian \u0111\u1ecdc":"3 ph\u00fat"},"schema":{"@context":"https:\/\/schema.org","@graph":[{"@type":"WebPage","@id":"https:\/\/trosinhvien.azdigi.shop\/index.php\/san-pham\/nguyen-than-hien-q4\/","url":"https:\/\/trosinhvien.azdigi.shop\/index.php\/san-pham\/nguyen-than-hien-q4\/","name":"Nguy\u1ec5n Th\u1ea7n Hi\u1ebfn-Q4 - Tr\u1ecd sinh vi\u00ean","isPartOf":{"@id":"https:\/\/trosinhvien.azdigi.shop\/#website"},"primaryImageOfPage":{"@id":"https:\/\/trosinhvien.azdigi.shop\/index.php\/san-pham\/nguyen-than-hien-q4\/#primaryimage"},"image":{"@id":"https:\/\/trosinhvien.azdigi.shop\/index.php\/san-pham\/nguyen-than-hien-q4\/#primaryimage"},"thumbnailUrl":"https:\/\/trosinhvien.azdigi.shop\/wp-content\/uploads\/2026\/04\/nth1-scaled.jpg","datePublished":"2026-04-09T12:50:18+00:00","description":"Cho thu\u00ea ph\u00f2ng tr\u1ecd Nguy\u1ec5n Th\u1ea7n Hi\u1ebfn Q4 gi\u00e1 5.5tr. Ch\u1ec9 5 ph\u00fat qua Qu\u1eadn 1, full n\u1ed9i th\u1ea5t cao c\u1ea5p, gi\u1edd gi\u1ea5c t\u1ef1 do, an ninh kh\u00f3a v\u00e2n tay. Xem ph\u00f2ng ngay k\u1ebbo l\u1ee1!","breadcrumb":{"@id":"https:\/\/trosinhvien.azdigi.shop\/index.php\/san-pham\/nguyen-than-hien-q4\/#breadcrumb"},"inLanguage":"vi","potentialAction":[{"@type":"ReadAction","target":["https:\/\/trosinhvien.azdigi.shop\/index.php\/san-pham\/nguyen-than-hien-q4\/"]}]},{"@type":"ImageObject","inLanguage":"vi","@id":"https:\/\/trosinhvien.azdigi.shop\/index.php\/san-pham\/nguyen-than-hien-q4\/#primaryimage","url":"https:\/\/trosinhvien.azdigi.shop\/wp-content\/uploads\/2026\/04\/nth1-scaled.jpg","contentUrl":"https:\/\/trosinhvien.azdigi.shop\/wp-content\/uploads\/2026\/04\/nth1-scaled.jpg","width":2560,"height":1920},{"@type":"BreadcrumbList","@id":"https:\/\/trosinhvien.azdigi.shop\/index.php\/san-pham\/nguyen-than-hien-q4\/#breadcrumb","itemListElement":[{"@type":"ListItem","position":1,"name":"Trang ch\u1ee7","item":"https:\/\/trosinhvien.azdigi.shop\/"},{"@type":"ListItem","position":2,"name":"C\u1eeda h\u00e0ng","item":"https:\/\/trosinhvien.azdigi.shop\/index.php\/cua-hang\/"},{"@type":"ListItem","position":3,"name":"Nguy\u1ec5n Th\u1ea7n Hi\u1ebfn-Q4"}]},{"@type":"WebSite","@id":"https:\/\/trosinhvien.azdigi.shop\/#website","url":"https:\/\/trosinhvien.azdigi.shop\/","name":"Tr\u1ecd sinh vi\u00ean","description":"","publisher":{"@id":"https:\/\/trosinhvien.azdigi.shop\/#\/schema\/person\/9c1e01826addcfa3a8c40f16418423fb"},"potentialAction":[{"@type":"SearchAction","target":{"@type":"EntryPoint","urlTemplate":"https:\/\/trosinhvien.azdigi.shop\/?s={search_term_string}"},"query-input":{"@type":"PropertyValueSpecification","valueRequired":true,"valueName":"search_term_string"}}],"inLanguage":"vi"},{"@type":["Person","Organization"],"@id":"https:\/\/trosinhvien.azdigi.shop\/#\/schema\/person\/9c1e01826addcfa3a8c40f16418423fb","name":"Thanh Tuyen","image":{"@type":"ImageObject","inLanguage":"vi","@id":"https:\/\/trosinhvien.azdigi.shop\/#\/schema\/person\/image\/","url":"https:\/\/trosinhvien.azdigi.shop\/wp-content\/uploads\/2026\/01\/Tuyen-1.png","contentUrl":"https:\/\/trosinhvien.azdigi.shop\/wp-content\/uploads\/2026\/01\/Tuyen-1.png","width":500,"height":500,"caption":"Thanh Tuyen"},"logo":{"@id":"https:\/\/trosinhvien.azdigi.shop\/#\/schema\/person\/image\/"},"sameAs":["https:\/\/trosinhvien.azdigi.shop"]}]}},"_links":{"self":[{"href":"https:\/\/trosinhvien.azdigi.shop\/index.php\/wp-json\/wp\/v2\/product\/264","targetHints":{"allow":["GET"]}}],"collection":[{"href":"https:\/\/trosinhvien.azdigi.shop\/index.php\/wp-json\/wp\/v2\/product"}],"about":[{"href":"https:\/\/trosinhvien.azdigi.shop\/index.php\/wp-json\/wp\/v2\/types\/product"}],"replies":[{"embeddable":true,"href":"https:\/\/trosinhvien.azdigi.shop\/index.php\/wp-json\/wp\/v2\/comments?post=264"}],"wp:featuredmedia":[{"embeddable":true,"href":"https:\/\/trosinhvien.azdigi.shop\/index.php\/wp-json\/wp\/v2\/media\/266"}],"wp:attachment":[{"href":"https:\/\/trosinhvien.azdigi.shop\/index.php\/wp-json\/wp\/v2\/media?parent=264"}],"wp:term":[{"taxonomy":"product_brand","embeddable":true,"href":"https:\/\/trosinhvien.azdigi.shop\/index.php\/wp-json\/wp\/v2\/product_brand?post=264"},{"taxonomy":"product_cat","embeddable":true,"href":"https:\/\/trosinhvien.azdigi.shop\/index.php\/wp-json\/wp\/v2\/product_cat?post=264"},{"taxonomy":"product_tag","embeddable":true,"href":"https:\/\/trosinhvien.azdigi.shop\/index.php\/wp-json\/wp\/v2\/product_tag?post=264"}],"curies":[{"name":"wp","href":"https:\/\/api.w.org\/{rel}","templated":true}]}}