{"id":300,"date":"2026-04-09T15:34:02","date_gmt":"2026-04-09T15:34:02","guid":{"rendered":"https:\/\/trosinhvien.azdigi.shop\/?post_type=product&#038;p=300"},"modified":"2026-04-11T13:41:41","modified_gmt":"2026-04-11T13:41:41","slug":"nguyen-van-khoip-11-gv","status":"publish","type":"product","link":"https:\/\/trosinhvien.azdigi.shop\/index.php\/san-pham\/nguyen-van-khoip-11-gv\/","title":{"rendered":"Nguy\u1ec5n V\u0103n Kh\u1ed1i,P 11 -GV"},"content":{"rendered":"<div class=\"flex flex-col text-sm pb-25\">\n<section class=\"text-token-text-primary w-full focus:outline-none [--shadow-height:45px] has-data-writing-block:pointer-events-none has-data-writing-block:-mt-(--shadow-height) has-data-writing-block:pt-(--shadow-height) [&amp;:has([data-writing-block])&gt;*]:pointer-events-auto scroll-mt-[calc(var(--header-height)+min(200px,max(70px,20svh)))]\" dir=\"auto\" data-turn-id=\"request-WEB:6431bc9e-9dce-47e3-bb9b-74b594b06523-5\" data-testid=\"conversation-turn-12\" data-scroll-anchor=\"true\" data-turn=\"assistant\">\n<div class=\"text-base my-auto mx-auto pb-10 [--thread-content-margin:var(--thread-content-margin-xs,calc(var(--spacing)*4))] @w-sm\/main:[--thread-content-margin:var(--thread-content-margin-sm,calc(var(--spacing)*6))] @w-lg\/main:[--thread-content-margin:var(--thread-content-margin-lg,calc(var(--spacing)*16))] px-(--thread-content-margin)\">\n<div class=\"[--thread-content-max-width:40rem] @w-lg\/main:[--thread-content-max-width:48rem] mx-auto max-w-(--thread-content-max-width) flex-1 group\/turn-messages focus-visible:outline-hidden relative flex w-full min-w-0 flex-col agent-turn\">\n<div class=\"flex max-w-full flex-col gap-4 grow\">\n<div class=\"min-h-8 text-message relative flex w-full flex-col items-end gap-2 text-start break-words whitespace-normal outline-none keyboard-focused:focus-ring [.text-message+&amp;]:mt-1\" dir=\"auto\" tabindex=\"0\" data-message-author-role=\"assistant\" data-message-id=\"cb12f766-9f96-4b51-bac3-2c04406a871c\" data-message-model-slug=\"gpt-5-3\" data-turn-start-message=\"true\">\n<div class=\"flex w-full flex-col gap-1 empty:hidden\">\n<div class=\"markdown prose dark:prose-invert w-full wrap-break-word light markdown-new-styling\">\n<p data-start=\"587\" data-end=\"783\">B\u1ea1n \u0111ang t\u00ecm <strong data-start=\"600\" data-end=\"642\">ph\u00f2ng tr\u1ecd 8 Nguy\u1ec5n V\u0103n Kh\u1ed1i P11 G\u00f2 V\u1ea5p<\/strong> v\u1edbi kh\u00f4ng gian tho\u00e1ng m\u00e1t v\u00e0 \u0111\u1ea7y \u0111\u1ee7 ti\u1ec7n nghi? \u0110\u00e2y l\u00e0 l\u1ef1a ch\u1ecdn ph\u00f9 h\u1ee3p cho sinh vi\u00ean v\u00e0 ng\u01b0\u1eddi \u0111i l\u00e0m. Khu v\u1ef1c an ninh, thu\u1eadn ti\u1ec7n di chuy\u1ec3n.<\/p>\n<p data-start=\"785\" data-end=\"980\">Ph\u00f2ng \u0111\u01b0\u1ee3c thi\u1ebft k\u1ebf hi\u1ec7n \u0111\u1ea1i, c\u00f3 c\u1eeda s\u1ed5 l\u1edbn. Kh\u00f4ng gian lu\u00f4n th\u00f4ng tho\u00e1ng v\u00e0 \u0111\u00f3n \u00e1nh s\u00e1ng t\u1ef1 nhi\u00ean. B\u00ean trong \u0111\u00e3 trang b\u1ecb m\u00e1y l\u1ea1nh v\u00e0 t\u1ee7 l\u1ea1nh. B\u1ea1n c\u00f3 th\u1ec3 d\u1ecdn v\u00e0o \u1edf ngay m\u00e0 kh\u00f4ng c\u1ea7n mua s\u1eafm th\u00eam.<\/p>\n<p data-start=\"982\" data-end=\"1152\">\u0110\u1eb7c bi\u1ec7t, t\u00f2a nh\u00e0 c\u00f3 thang m\u00e1y. Vi\u1ec7c di chuy\u1ec3n tr\u1edf n\u00ean d\u1ec5 d\u00e0ng h\u01a1n, nh\u1ea5t l\u00e0 khi mang \u0111\u1ed3 \u0111\u1ea1c. \u0110\u00e2y l\u00e0 \u0111i\u1ec3m c\u1ed9ng l\u1edbn khi l\u1ef1a ch\u1ecdn <strong data-start=\"1109\" data-end=\"1151\">ph\u00f2ng tr\u1ecd 8 Nguy\u1ec5n V\u0103n Kh\u1ed1i P11 G\u00f2 V\u1ea5p<\/strong>.<\/p>\n<p data-start=\"1154\" data-end=\"1350\">Khu v\u1ef1c Nguy\u1ec5n V\u0103n Kh\u1ed1i kh\u00e1 s\u1ea7m u\u1ea5t. G\u1ea7n ch\u1ee3, si\u00eau th\u1ecb, qu\u00e1n \u0103n v\u00e0 c\u1eeda h\u00e0ng ti\u1ec7n l\u1ee3i. B\u1ea1n c\u00f3 th\u1ec3 \u0111\u00e1p \u1ee9ng \u0111\u1ea7y \u0111\u1ee7 nhu c\u1ea7u sinh ho\u1ea1t h\u1eb1ng ng\u00e0y. Giao th\u00f4ng thu\u1eadn ti\u1ec7n sang c\u00e1c khu v\u1ef1c kh\u00e1c c\u1ee7a G\u00f2 V\u1ea5p.<\/p>\n<p data-start=\"1352\" data-end=\"1501\">Chi ph\u00ed sinh ho\u1ea1t h\u1ee3p l\u00fd v\u00e0 minh b\u1ea1ch. Ph\u00f9 h\u1ee3p cho ng\u01b0\u1eddi c\u1ea7n n\u01a1i \u1edf l\u00e2u d\u00e0i v\u1edbi m\u1ee9c gi\u00e1 \u1ed5n \u0111\u1ecbnh. Kh\u00f4ng gian s\u1ea1ch s\u1ebd, ph\u00f9 h\u1ee3p cho c\u00e1 nh\u00e2n ho\u1eb7c c\u1eb7p \u0111\u00f4i.<\/p>\n<p data-start=\"1503\" data-end=\"1690\">\ud83d\udcb0 Gi\u00e1 thu\u00ea: 3.500.000 VN\u0110\/th\u00e1ng<br data-start=\"1535\" data-end=\"1538\" \/>\ud83d\udccd \u0110\u1ecba ch\u1ec9: 8 Nguy\u1ec5n V\u0103n Kh\u1ed1i, Ph\u01b0\u1eddng 11, G\u00f2 V\u1ea5p<br data-start=\"1586\" data-end=\"1589\" \/>\u26a1 \u0110i\u1ec7n: 3.800\u0111\/kWh | \ud83d\udca7 N\u01b0\u1edbc: 100.000\u0111\/ng\u01b0\u1eddi<br data-start=\"1633\" data-end=\"1636\" \/>\ud83e\uddfa D\u1ecbch v\u1ee5: 150.000\u0111\/ph\u00f2ng | M\u00e1y gi\u1eb7t: 50.000\u0111\/ng\u01b0\u1eddi<\/p>\n<p data-start=\"1692\" data-end=\"1744\">\ud83d\udc49 Xem v\u1ecb tr\u00ed Google Maps: <a class=\"decorated-link\" href=\"https:\/\/maps.google.com\" target=\"_new\" rel=\"noopener\" data-start=\"1719\" data-end=\"1742\">https:\/\/maps.google.com<\/a><\/p>\n<p data-start=\"1746\" data-end=\"1841\">\ud83d\udc49 Xem th\u00eam ph\u00f2ng Qu\u1eadn 7: \/can-ho-duplex-quan-7<br data-start=\"1793\" data-end=\"1796\" \/>\ud83d\udc49 Xem th\u00eam ph\u00f2ng G\u00f2 V\u1ea5p: \/phong-tro-go-vap<\/p>\n<p data-start=\"1843\" data-end=\"1937\">Li\u00ean h\u1ec7 ngay \u0111\u1ec3 xem ph\u00f2ng tr\u1ef1c ti\u1ebfp. Ph\u00f2ng \u0111\u1eb9p, ti\u1ec7n nghi, gi\u00e1 t\u1ed1t th\u01b0\u1eddng \u0111\u01b0\u1ee3c thu\u00ea r\u1ea5t nhanh!<\/p>\n<\/div>\n<\/div>\n<\/div>\n<\/div>\n<div class=\"mt-3 w-full empty:hidden\">\n<div class=\"text-center\"><\/div>\n<\/div>\n<\/div>\n<\/div>\n<\/section>\n<\/div>\n<div class=\"pointer-events-none h-px w-px absolute bottom-0\" aria-hidden=\"true\" data-edge=\"true\"><\/div>\n","protected":false},"excerpt":{"rendered":"<p>B\u1ea1n \u0111ang t\u00ecm ph\u00f2ng tr\u1ecd 8 Nguy\u1ec5n V\u0103n Kh\u1ed1i P11 G\u00f2 V\u1ea5p v\u1edbi kh\u00f4ng gian tho\u00e1ng m\u00e1t v\u00e0 \u0111\u1ea7y \u0111\u1ee7 ti\u1ec7n nghi? \u0110\u00e2y l\u00e0 l\u1ef1a ch\u1ecdn ph\u00f9 h\u1ee3p cho sinh vi\u00ean v\u00e0 ng\u01b0\u1eddi \u0111i l\u00e0m. Khu v\u1ef1c an ninh, thu\u1eadn ti\u1ec7n di chuy\u1ec3n. Ph\u00f2ng \u0111\u01b0\u1ee3c thi\u1ebft k\u1ebf hi\u1ec7n \u0111\u1ea1i, c\u00f3 c\u1eeda s\u1ed5 l\u1edbn. Kh\u00f4ng gian [&#8230;]\n","protected":false},"featured_media":301,"comment_status":"open","ping_status":"closed","template":"","meta":[],"product_brand":[],"product_cat":[24],"product_tag":[],"class_list":{"0":"post-300","1":"product","2":"type-product","3":"status-publish","4":"has-post-thumbnail","6":"product_cat-go-vap","8":"first","9":"instock","10":"taxable","11":"shipping-taxable","12":"purchasable","13":"product-type-simple"},"yoast_head":"<!-- This site is optimized with the Yoast SEO plugin v26.8 - https:\/\/yoast.com\/product\/yoast-seo-wordpress\/ -->\n<title>Nguy\u1ec5n V\u0103n Kh\u1ed1i,P 11 -GV - Tr\u1ecd sinh vi\u00ean<\/title>\n<meta name=\"description\" content=\"Ph\u00f2ng tr\u1ecd G\u00f2 V\u1ea5p c\u00f3 thang m\u00e1y, c\u1eeda s\u1ed5 tr\u1eddi tho\u00e1ng m\u00e1t, \u0111\u1ea7y \u0111\u1ee7 m\u00e1y l\u1ea1nh, t\u1ee7 l\u1ea1nh. G\u1ea7n ch\u1ee3, ti\u1ec7n di chuy\u1ec3n, gi\u00e1 3.5 tri\u1ec7u\/th\u00e1ng, an ninh t\u1ed1t.\" \/>\n<meta name=\"robots\" content=\"index, follow, max-snippet:-1, max-image-preview:large, max-video-preview:-1\" \/>\n<link rel=\"canonical\" href=\"https:\/\/trosinhvien.azdigi.shop\/index.php\/san-pham\/nguyen-van-khoip-11-gv\/\" \/>\n<meta property=\"og:locale\" content=\"vi_VN\" \/>\n<meta property=\"og:type\" content=\"article\" \/>\n<meta property=\"og:title\" content=\"Nguy\u1ec5n V\u0103n Kh\u1ed1i,P 11 -GV - Tr\u1ecd sinh vi\u00ean\" \/>\n<meta property=\"og:description\" content=\"Ph\u00f2ng tr\u1ecd G\u00f2 V\u1ea5p c\u00f3 thang m\u00e1y, c\u1eeda s\u1ed5 tr\u1eddi tho\u00e1ng m\u00e1t, \u0111\u1ea7y \u0111\u1ee7 m\u00e1y l\u1ea1nh, t\u1ee7 l\u1ea1nh. G\u1ea7n ch\u1ee3, ti\u1ec7n di chuy\u1ec3n, gi\u00e1 3.5 tri\u1ec7u\/th\u00e1ng, an ninh t\u1ed1t.\" \/>\n<meta property=\"og:url\" content=\"https:\/\/trosinhvien.azdigi.shop\/index.php\/san-pham\/nguyen-van-khoip-11-gv\/\" \/>\n<meta property=\"og:site_name\" content=\"Tr\u1ecd sinh vi\u00ean\" \/>\n<meta property=\"article:modified_time\" content=\"2026-04-11T13:41:41+00:00\" \/>\n<meta property=\"og:image\" content=\"https:\/\/trosinhvien.azdigi.shop\/wp-content\/uploads\/2026\/04\/z7709122528382_c7089c60be2439bb69c32320f5dbc961.jpg\" \/>\n\t<meta property=\"og:image:width\" content=\"853\" \/>\n\t<meta property=\"og:image:height\" content=\"1280\" \/>\n\t<meta property=\"og:image:type\" content=\"image\/jpeg\" \/>\n<meta name=\"twitter:card\" content=\"summary_large_image\" \/>\n<meta name=\"twitter:label1\" content=\"\u01af\u1edbc t\u00ednh th\u1eddi gian \u0111\u1ecdc\" \/>\n\t<meta name=\"twitter:data1\" content=\"2 ph\u00fat\" \/>\n<script type=\"application\/ld+json\" class=\"yoast-schema-graph\">{\"@context\":\"https:\/\/schema.org\",\"@graph\":[{\"@type\":\"WebPage\",\"@id\":\"https:\/\/trosinhvien.azdigi.shop\/index.php\/san-pham\/nguyen-van-khoip-11-gv\/\",\"url\":\"https:\/\/trosinhvien.azdigi.shop\/index.php\/san-pham\/nguyen-van-khoip-11-gv\/\",\"name\":\"Nguy\u1ec5n V\u0103n Kh\u1ed1i,P 11 -GV - Tr\u1ecd sinh vi\u00ean\",\"isPartOf\":{\"@id\":\"https:\/\/trosinhvien.azdigi.shop\/#website\"},\"primaryImageOfPage\":{\"@id\":\"https:\/\/trosinhvien.azdigi.shop\/index.php\/san-pham\/nguyen-van-khoip-11-gv\/#primaryimage\"},\"image\":{\"@id\":\"https:\/\/trosinhvien.azdigi.shop\/index.php\/san-pham\/nguyen-van-khoip-11-gv\/#primaryimage\"},\"thumbnailUrl\":\"https:\/\/trosinhvien.azdigi.shop\/wp-content\/uploads\/2026\/04\/z7709122528382_c7089c60be2439bb69c32320f5dbc961.jpg\",\"datePublished\":\"2026-04-09T15:34:02+00:00\",\"dateModified\":\"2026-04-11T13:41:41+00:00\",\"description\":\"Ph\u00f2ng tr\u1ecd G\u00f2 V\u1ea5p c\u00f3 thang m\u00e1y, c\u1eeda s\u1ed5 tr\u1eddi tho\u00e1ng m\u00e1t, \u0111\u1ea7y \u0111\u1ee7 m\u00e1y l\u1ea1nh, t\u1ee7 l\u1ea1nh. G\u1ea7n ch\u1ee3, ti\u1ec7n di chuy\u1ec3n, gi\u00e1 3.5 tri\u1ec7u\/th\u00e1ng, an ninh t\u1ed1t.\",\"breadcrumb\":{\"@id\":\"https:\/\/trosinhvien.azdigi.shop\/index.php\/san-pham\/nguyen-van-khoip-11-gv\/#breadcrumb\"},\"inLanguage\":\"vi\",\"potentialAction\":[{\"@type\":\"ReadAction\",\"target\":[\"https:\/\/trosinhvien.azdigi.shop\/index.php\/san-pham\/nguyen-van-khoip-11-gv\/\"]}]},{\"@type\":\"ImageObject\",\"inLanguage\":\"vi\",\"@id\":\"https:\/\/trosinhvien.azdigi.shop\/index.php\/san-pham\/nguyen-van-khoip-11-gv\/#primaryimage\",\"url\":\"https:\/\/trosinhvien.azdigi.shop\/wp-content\/uploads\/2026\/04\/z7709122528382_c7089c60be2439bb69c32320f5dbc961.jpg\",\"contentUrl\":\"https:\/\/trosinhvien.azdigi.shop\/wp-content\/uploads\/2026\/04\/z7709122528382_c7089c60be2439bb69c32320f5dbc961.jpg\",\"width\":853,\"height\":1280},{\"@type\":\"BreadcrumbList\",\"@id\":\"https:\/\/trosinhvien.azdigi.shop\/index.php\/san-pham\/nguyen-van-khoip-11-gv\/#breadcrumb\",\"itemListElement\":[{\"@type\":\"ListItem\",\"position\":1,\"name\":\"Trang ch\u1ee7\",\"item\":\"https:\/\/trosinhvien.azdigi.shop\/\"},{\"@type\":\"ListItem\",\"position\":2,\"name\":\"C\u1eeda h\u00e0ng\",\"item\":\"https:\/\/trosinhvien.azdigi.shop\/index.php\/cua-hang\/\"},{\"@type\":\"ListItem\",\"position\":3,\"name\":\"Nguy\u1ec5n V\u0103n Kh\u1ed1i,P 11 -GV\"}]},{\"@type\":\"WebSite\",\"@id\":\"https:\/\/trosinhvien.azdigi.shop\/#website\",\"url\":\"https:\/\/trosinhvien.azdigi.shop\/\",\"name\":\"Tr\u1ecd sinh vi\u00ean\",\"description\":\"\",\"publisher\":{\"@id\":\"https:\/\/trosinhvien.azdigi.shop\/#\/schema\/person\/9c1e01826addcfa3a8c40f16418423fb\"},\"potentialAction\":[{\"@type\":\"SearchAction\",\"target\":{\"@type\":\"EntryPoint\",\"urlTemplate\":\"https:\/\/trosinhvien.azdigi.shop\/?s={search_term_string}\"},\"query-input\":{\"@type\":\"PropertyValueSpecification\",\"valueRequired\":true,\"valueName\":\"search_term_string\"}}],\"inLanguage\":\"vi\"},{\"@type\":[\"Person\",\"Organization\"],\"@id\":\"https:\/\/trosinhvien.azdigi.shop\/#\/schema\/person\/9c1e01826addcfa3a8c40f16418423fb\",\"name\":\"Thanh Tuyen\",\"image\":{\"@type\":\"ImageObject\",\"inLanguage\":\"vi\",\"@id\":\"https:\/\/trosinhvien.azdigi.shop\/#\/schema\/person\/image\/\",\"url\":\"https:\/\/trosinhvien.azdigi.shop\/wp-content\/uploads\/2026\/01\/Tuyen-1.png\",\"contentUrl\":\"https:\/\/trosinhvien.azdigi.shop\/wp-content\/uploads\/2026\/01\/Tuyen-1.png\",\"width\":500,\"height\":500,\"caption\":\"Thanh Tuyen\"},\"logo\":{\"@id\":\"https:\/\/trosinhvien.azdigi.shop\/#\/schema\/person\/image\/\"},\"sameAs\":[\"https:\/\/trosinhvien.azdigi.shop\"]}]}<\/script>\n<!-- \/ Yoast SEO plugin. -->","yoast_head_json":{"title":"Nguy\u1ec5n V\u0103n Kh\u1ed1i,P 11 -GV - Tr\u1ecd sinh vi\u00ean","description":"Ph\u00f2ng tr\u1ecd G\u00f2 V\u1ea5p c\u00f3 thang m\u00e1y, c\u1eeda s\u1ed5 tr\u1eddi tho\u00e1ng m\u00e1t, \u0111\u1ea7y \u0111\u1ee7 m\u00e1y l\u1ea1nh, t\u1ee7 l\u1ea1nh. G\u1ea7n ch\u1ee3, ti\u1ec7n di chuy\u1ec3n, gi\u00e1 3.5 tri\u1ec7u\/th\u00e1ng, an ninh t\u1ed1t.","robots":{"index":"index","follow":"follow","max-snippet":"max-snippet:-1","max-image-preview":"max-image-preview:large","max-video-preview":"max-video-preview:-1"},"canonical":"https:\/\/trosinhvien.azdigi.shop\/index.php\/san-pham\/nguyen-van-khoip-11-gv\/","og_locale":"vi_VN","og_type":"article","og_title":"Nguy\u1ec5n V\u0103n Kh\u1ed1i,P 11 -GV - Tr\u1ecd sinh vi\u00ean","og_description":"Ph\u00f2ng tr\u1ecd G\u00f2 V\u1ea5p c\u00f3 thang m\u00e1y, c\u1eeda s\u1ed5 tr\u1eddi tho\u00e1ng m\u00e1t, \u0111\u1ea7y \u0111\u1ee7 m\u00e1y l\u1ea1nh, t\u1ee7 l\u1ea1nh. G\u1ea7n ch\u1ee3, ti\u1ec7n di chuy\u1ec3n, gi\u00e1 3.5 tri\u1ec7u\/th\u00e1ng, an ninh t\u1ed1t.","og_url":"https:\/\/trosinhvien.azdigi.shop\/index.php\/san-pham\/nguyen-van-khoip-11-gv\/","og_site_name":"Tr\u1ecd sinh vi\u00ean","article_modified_time":"2026-04-11T13:41:41+00:00","og_image":[{"width":853,"height":1280,"url":"https:\/\/trosinhvien.azdigi.shop\/wp-content\/uploads\/2026\/04\/z7709122528382_c7089c60be2439bb69c32320f5dbc961.jpg","type":"image\/jpeg"}],"twitter_card":"summary_large_image","twitter_misc":{"\u01af\u1edbc t\u00ednh th\u1eddi gian \u0111\u1ecdc":"2 ph\u00fat"},"schema":{"@context":"https:\/\/schema.org","@graph":[{"@type":"WebPage","@id":"https:\/\/trosinhvien.azdigi.shop\/index.php\/san-pham\/nguyen-van-khoip-11-gv\/","url":"https:\/\/trosinhvien.azdigi.shop\/index.php\/san-pham\/nguyen-van-khoip-11-gv\/","name":"Nguy\u1ec5n V\u0103n Kh\u1ed1i,P 11 -GV - Tr\u1ecd sinh vi\u00ean","isPartOf":{"@id":"https:\/\/trosinhvien.azdigi.shop\/#website"},"primaryImageOfPage":{"@id":"https:\/\/trosinhvien.azdigi.shop\/index.php\/san-pham\/nguyen-van-khoip-11-gv\/#primaryimage"},"image":{"@id":"https:\/\/trosinhvien.azdigi.shop\/index.php\/san-pham\/nguyen-van-khoip-11-gv\/#primaryimage"},"thumbnailUrl":"https:\/\/trosinhvien.azdigi.shop\/wp-content\/uploads\/2026\/04\/z7709122528382_c7089c60be2439bb69c32320f5dbc961.jpg","datePublished":"2026-04-09T15:34:02+00:00","dateModified":"2026-04-11T13:41:41+00:00","description":"Ph\u00f2ng tr\u1ecd G\u00f2 V\u1ea5p c\u00f3 thang m\u00e1y, c\u1eeda s\u1ed5 tr\u1eddi tho\u00e1ng m\u00e1t, \u0111\u1ea7y \u0111\u1ee7 m\u00e1y l\u1ea1nh, t\u1ee7 l\u1ea1nh. G\u1ea7n ch\u1ee3, ti\u1ec7n di chuy\u1ec3n, gi\u00e1 3.5 tri\u1ec7u\/th\u00e1ng, an ninh t\u1ed1t.","breadcrumb":{"@id":"https:\/\/trosinhvien.azdigi.shop\/index.php\/san-pham\/nguyen-van-khoip-11-gv\/#breadcrumb"},"inLanguage":"vi","potentialAction":[{"@type":"ReadAction","target":["https:\/\/trosinhvien.azdigi.shop\/index.php\/san-pham\/nguyen-van-khoip-11-gv\/"]}]},{"@type":"ImageObject","inLanguage":"vi","@id":"https:\/\/trosinhvien.azdigi.shop\/index.php\/san-pham\/nguyen-van-khoip-11-gv\/#primaryimage","url":"https:\/\/trosinhvien.azdigi.shop\/wp-content\/uploads\/2026\/04\/z7709122528382_c7089c60be2439bb69c32320f5dbc961.jpg","contentUrl":"https:\/\/trosinhvien.azdigi.shop\/wp-content\/uploads\/2026\/04\/z7709122528382_c7089c60be2439bb69c32320f5dbc961.jpg","width":853,"height":1280},{"@type":"BreadcrumbList","@id":"https:\/\/trosinhvien.azdigi.shop\/index.php\/san-pham\/nguyen-van-khoip-11-gv\/#breadcrumb","itemListElement":[{"@type":"ListItem","position":1,"name":"Trang ch\u1ee7","item":"https:\/\/trosinhvien.azdigi.shop\/"},{"@type":"ListItem","position":2,"name":"C\u1eeda h\u00e0ng","item":"https:\/\/trosinhvien.azdigi.shop\/index.php\/cua-hang\/"},{"@type":"ListItem","position":3,"name":"Nguy\u1ec5n V\u0103n Kh\u1ed1i,P 11 -GV"}]},{"@type":"WebSite","@id":"https:\/\/trosinhvien.azdigi.shop\/#website","url":"https:\/\/trosinhvien.azdigi.shop\/","name":"Tr\u1ecd sinh vi\u00ean","description":"","publisher":{"@id":"https:\/\/trosinhvien.azdigi.shop\/#\/schema\/person\/9c1e01826addcfa3a8c40f16418423fb"},"potentialAction":[{"@type":"SearchAction","target":{"@type":"EntryPoint","urlTemplate":"https:\/\/trosinhvien.azdigi.shop\/?s={search_term_string}"},"query-input":{"@type":"PropertyValueSpecification","valueRequired":true,"valueName":"search_term_string"}}],"inLanguage":"vi"},{"@type":["Person","Organization"],"@id":"https:\/\/trosinhvien.azdigi.shop\/#\/schema\/person\/9c1e01826addcfa3a8c40f16418423fb","name":"Thanh Tuyen","image":{"@type":"ImageObject","inLanguage":"vi","@id":"https:\/\/trosinhvien.azdigi.shop\/#\/schema\/person\/image\/","url":"https:\/\/trosinhvien.azdigi.shop\/wp-content\/uploads\/2026\/01\/Tuyen-1.png","contentUrl":"https:\/\/trosinhvien.azdigi.shop\/wp-content\/uploads\/2026\/01\/Tuyen-1.png","width":500,"height":500,"caption":"Thanh Tuyen"},"logo":{"@id":"https:\/\/trosinhvien.azdigi.shop\/#\/schema\/person\/image\/"},"sameAs":["https:\/\/trosinhvien.azdigi.shop"]}]}},"_links":{"self":[{"href":"https:\/\/trosinhvien.azdigi.shop\/index.php\/wp-json\/wp\/v2\/product\/300","targetHints":{"allow":["GET"]}}],"collection":[{"href":"https:\/\/trosinhvien.azdigi.shop\/index.php\/wp-json\/wp\/v2\/product"}],"about":[{"href":"https:\/\/trosinhvien.azdigi.shop\/index.php\/wp-json\/wp\/v2\/types\/product"}],"replies":[{"embeddable":true,"href":"https:\/\/trosinhvien.azdigi.shop\/index.php\/wp-json\/wp\/v2\/comments?post=300"}],"wp:featuredmedia":[{"embeddable":true,"href":"https:\/\/trosinhvien.azdigi.shop\/index.php\/wp-json\/wp\/v2\/media\/301"}],"wp:attachment":[{"href":"https:\/\/trosinhvien.azdigi.shop\/index.php\/wp-json\/wp\/v2\/media?parent=300"}],"wp:term":[{"taxonomy":"product_brand","embeddable":true,"href":"https:\/\/trosinhvien.azdigi.shop\/index.php\/wp-json\/wp\/v2\/product_brand?post=300"},{"taxonomy":"product_cat","embeddable":true,"href":"https:\/\/trosinhvien.azdigi.shop\/index.php\/wp-json\/wp\/v2\/product_cat?post=300"},{"taxonomy":"product_tag","embeddable":true,"href":"https:\/\/trosinhvien.azdigi.shop\/index.php\/wp-json\/wp\/v2\/product_tag?post=300"}],"curies":[{"name":"wp","href":"https:\/\/api.w.org\/{rel}","templated":true}]}}