{"id":317,"date":"2026-04-09T16:08:32","date_gmt":"2026-04-09T16:08:32","guid":{"rendered":"https:\/\/trosinhvien.azdigi.shop\/?post_type=product&#038;p=317"},"modified":"2026-04-11T14:17:20","modified_gmt":"2026-04-11T14:17:20","slug":"605-le-van-luong-q7","status":"publish","type":"product","link":"https:\/\/trosinhvien.azdigi.shop\/index.php\/san-pham\/605-le-van-luong-q7\/","title":{"rendered":"605 L\u00ea V\u0103n L\u01b0\u01a1ng-Q7"},"content":{"rendered":"<div class=\"flex flex-col text-sm pb-25\">\n<section class=\"text-token-text-primary w-full focus:outline-none [--shadow-height:45px] has-data-writing-block:pointer-events-none has-data-writing-block:-mt-(--shadow-height) has-data-writing-block:pt-(--shadow-height) [&amp;:has([data-writing-block])&gt;*]:pointer-events-auto scroll-mt-[calc(var(--header-height)+min(200px,max(70px,20svh)))]\" dir=\"auto\" data-turn-id=\"request-WEB:6431bc9e-9dce-47e3-bb9b-74b594b06523-9\" data-testid=\"conversation-turn-20\" data-scroll-anchor=\"true\" data-turn=\"assistant\">\n<div class=\"text-base my-auto mx-auto pb-10 [--thread-content-margin:var(--thread-content-margin-xs,calc(var(--spacing)*4))] @w-sm\/main:[--thread-content-margin:var(--thread-content-margin-sm,calc(var(--spacing)*6))] @w-lg\/main:[--thread-content-margin:var(--thread-content-margin-lg,calc(var(--spacing)*16))] px-(--thread-content-margin)\">\n<div class=\"[--thread-content-max-width:40rem] @w-lg\/main:[--thread-content-max-width:48rem] mx-auto max-w-(--thread-content-max-width) flex-1 group\/turn-messages focus-visible:outline-hidden relative flex w-full min-w-0 flex-col agent-turn\">\n<div class=\"flex max-w-full flex-col gap-4 grow\">\n<div class=\"min-h-8 text-message relative flex w-full flex-col items-end gap-2 text-start break-words whitespace-normal outline-none keyboard-focused:focus-ring [.text-message+&amp;]:mt-1\" dir=\"auto\" tabindex=\"0\" data-message-author-role=\"assistant\" data-message-id=\"22b00390-79b7-47e0-ad64-55d04be599e9\" data-message-model-slug=\"gpt-5-3\" data-turn-start-message=\"true\">\n<div class=\"flex w-full flex-col gap-1 empty:hidden\">\n<div class=\"markdown prose dark:prose-invert w-full wrap-break-word light markdown-new-styling\">\n<p data-start=\"533\" data-end=\"718\">B\u1ea1n \u0111ang t\u00ecm c\u0103n h\u1ed9 <strong data-start=\"553\" data-end=\"580\">605 L\u00ea V\u0103n L\u01b0\u01a1ng Qu\u1eadn 7<\/strong> v\u1edbi thi\u1ebft k\u1ebf \u0111\u1eb9p v\u00e0 \u0111\u1ea7y \u0111\u1ee7 ti\u1ec7n nghi? \u0110\u00e2y l\u00e0 l\u1ef1a ch\u1ecdn l\u00fd t\u01b0\u1edfng cho sinh vi\u00ean, ng\u01b0\u1eddi \u0111i l\u00e0m ho\u1eb7c c\u1eb7p \u0111\u00f4i. V\u1ecb tr\u00ed thu\u1eadn ti\u1ec7n, d\u1ec5 di chuy\u1ec3n.<\/p>\n<p data-start=\"720\" data-end=\"884\">C\u0103n h\u1ed9 \u0111\u01b0\u1ee3c thi\u1ebft k\u1ebf d\u1ea1ng duplex (g\u00e1c x\u1ebfp). Kh\u00f4ng gian \u0111\u01b0\u1ee3c t\u1ed1i \u01b0u th\u00f4ng minh. Khu v\u1ef1c sinh ho\u1ea1t v\u00e0 ngh\u1ec9 ng\u01a1i t\u00e1ch bi\u1ec7t r\u00f5 r\u00e0ng. T\u1ea1o c\u1ea3m gi\u00e1c ri\u00eang t\u01b0 v\u00e0 tho\u1ea3i m\u00e1i.<\/p>\n<p data-start=\"886\" data-end=\"1043\">B\u00ean trong \u0111\u00e3 trang b\u1ecb \u0111\u1ea7y \u0111\u1ee7 n\u1ed9i th\u1ea5t. Bao g\u1ed3m gi\u01b0\u1eddng, t\u1ee7, m\u00e1y l\u1ea1nh v\u00e0 khu b\u1ebfp. B\u1ea1n ch\u1ec9 c\u1ea7n d\u1ecdn v\u00e0o l\u00e0 c\u00f3 th\u1ec3 \u1edf ngay. Ti\u1ebft ki\u1ec7m th\u1eddi gian v\u00e0 chi ph\u00ed mua s\u1eafm.<\/p>\n<p data-start=\"1045\" data-end=\"1211\">Kh\u00f4ng gian ph\u00f2ng s\u1ea1ch s\u1ebd, tho\u00e1ng m\u00e1t. Ph\u00f9 h\u1ee3p cho nhu c\u1ea7u \u1edf l\u00e2u d\u00e0i. \u0110\u1eb7c bi\u1ec7t, c\u0103n h\u1ed9 <strong data-start=\"1131\" data-end=\"1158\">605 L\u00ea V\u0103n L\u01b0\u01a1ng Qu\u1eadn 7<\/strong> n\u1eb1m \u1edf khu v\u1ef1c an ninh t\u1ed1t. M\u00f4i tr\u01b0\u1eddng s\u1ed1ng y\u00ean t\u0129nh.<\/p>\n<p data-start=\"1213\" data-end=\"1399\">Khu v\u1ef1c L\u00ea V\u0103n L\u01b0\u01a1ng r\u1ea5t s\u1ea7m u\u1ea5t. G\u1ea7n ch\u1ee3, si\u00eau th\u1ecb, qu\u00e1n \u0103n v\u00e0 c\u1eeda h\u00e0ng ti\u1ec7n l\u1ee3i. Vi\u1ec7c di chuy\u1ec3n sang Qu\u1eadn 4, Qu\u1eadn 1 c\u0169ng r\u1ea5t d\u1ec5 d\u00e0ng. \u0110\u00e2y l\u00e0 \u0111i\u1ec3m c\u1ed9ng l\u1edbn khi ch\u1ecdn thu\u00ea c\u0103n h\u1ed9 t\u1ea1i \u0111\u00e2y.<\/p>\n<p data-start=\"1401\" data-end=\"1474\">\ud83d\udcb0 Gi\u00e1 thu\u00ea: 4.500.000 VN\u0110\/th\u00e1ng<br data-start=\"1433\" data-end=\"1436\" \/>\ud83d\udccd \u0110\u1ecba ch\u1ec9: 605 L\u00ea V\u0103n L\u01b0\u01a1ng, Qu\u1eadn 7<\/p>\n<p data-start=\"1476\" data-end=\"1528\">\ud83d\udc49 Xem v\u1ecb tr\u00ed Google Maps: <a class=\"decorated-link\" href=\"https:\/\/maps.google.com\" target=\"_new\" rel=\"noopener\" data-start=\"1503\" data-end=\"1526\">https:\/\/maps.google.com<\/a><\/p>\n<p data-start=\"1530\" data-end=\"1626\">\ud83d\udc49 Xem th\u00eam c\u0103n h\u1ed9 Qu\u1eadn 7: \/can-ho-duplex-quan-7<br data-start=\"1578\" data-end=\"1581\" \/>\ud83d\udc49 Xem th\u00eam ph\u00f2ng gi\u00e1 r\u1ebb: \/phong-tro-go-vap<\/p>\n<p data-start=\"1628\" data-end=\"1725\">Li\u00ean h\u1ec7 ngay \u0111\u1ec3 xem ph\u00f2ng tr\u1ef1c ti\u1ebfp. C\u0103n h\u1ed9 \u0111\u1eb9p, ti\u1ec7n nghi v\u00e0 gi\u00e1 t\u1ed1t th\u01b0\u1eddng \u0111\u01b0\u1ee3c thu\u00ea r\u1ea5t nhanh!<\/p>\n<\/div>\n<\/div>\n<\/div>\n<\/div>\n<div class=\"z-0 flex min-h-[46px] justify-start\"><\/div>\n<div class=\"mt-3 w-full empty:hidden\">\n<div class=\"text-center\"><\/div>\n<\/div>\n<\/div>\n<\/div>\n<\/section>\n<\/div>\n<div class=\"pointer-events-none h-px w-px absolute bottom-0\" aria-hidden=\"true\" data-edge=\"true\"><\/div>\n","protected":false},"excerpt":{"rendered":"<p>B\u1ea1n \u0111ang t\u00ecm c\u0103n h\u1ed9 605 L\u00ea V\u0103n L\u01b0\u01a1ng Qu\u1eadn 7 v\u1edbi thi\u1ebft k\u1ebf \u0111\u1eb9p v\u00e0 \u0111\u1ea7y \u0111\u1ee7 ti\u1ec7n nghi? \u0110\u00e2y l\u00e0 l\u1ef1a ch\u1ecdn l\u00fd t\u01b0\u1edfng cho sinh vi\u00ean, ng\u01b0\u1eddi \u0111i l\u00e0m ho\u1eb7c c\u1eb7p \u0111\u00f4i. V\u1ecb tr\u00ed thu\u1eadn ti\u1ec7n, d\u1ec5 di chuy\u1ec3n. C\u0103n h\u1ed9 \u0111\u01b0\u1ee3c thi\u1ebft k\u1ebf d\u1ea1ng duplex (g\u00e1c x\u1ebfp). Kh\u00f4ng gian \u0111\u01b0\u1ee3c t\u1ed1i [&#8230;]\n","protected":false},"featured_media":318,"comment_status":"open","ping_status":"closed","template":"","meta":[],"product_brand":[],"product_cat":[35],"product_tag":[],"class_list":{"0":"post-317","1":"product","2":"type-product","3":"status-publish","4":"has-post-thumbnail","6":"product_cat-quan-7","8":"first","9":"instock","10":"taxable","11":"shipping-taxable","12":"purchasable","13":"product-type-variable"},"yoast_head":"<!-- This site is optimized with the Yoast SEO plugin v26.8 - https:\/\/yoast.com\/product\/yoast-seo-wordpress\/ -->\n<title>605 L\u00ea V\u0103n L\u01b0\u01a1ng-Q7 - Tr\u1ecd sinh vi\u00ean<\/title>\n<meta name=\"description\" content=\"C\u0103n h\u1ed9 g\u00e1c x\u1ebfp Qu\u1eadn 7 full n\u1ed9i th\u1ea5t, r\u1ed9ng r\u00e3i, tho\u00e1ng m\u00e1t. G\u1ea7n ch\u1ee3, ti\u1ec7n di chuy\u1ec3n, ph\u00f9 h\u1ee3p \u1edf l\u00e2u d\u00e0i, gi\u00e1 4.5 tri\u1ec7u\/th\u00e1ng.\" \/>\n<meta name=\"robots\" content=\"index, follow, max-snippet:-1, max-image-preview:large, max-video-preview:-1\" \/>\n<link rel=\"canonical\" href=\"https:\/\/trosinhvien.azdigi.shop\/index.php\/san-pham\/605-le-van-luong-q7\/\" \/>\n<meta property=\"og:locale\" content=\"vi_VN\" \/>\n<meta property=\"og:type\" content=\"article\" \/>\n<meta property=\"og:title\" content=\"605 L\u00ea V\u0103n L\u01b0\u01a1ng-Q7 - Tr\u1ecd sinh vi\u00ean\" \/>\n<meta property=\"og:description\" content=\"C\u0103n h\u1ed9 g\u00e1c x\u1ebfp Qu\u1eadn 7 full n\u1ed9i th\u1ea5t, r\u1ed9ng r\u00e3i, tho\u00e1ng m\u00e1t. G\u1ea7n ch\u1ee3, ti\u1ec7n di chuy\u1ec3n, ph\u00f9 h\u1ee3p \u1edf l\u00e2u d\u00e0i, gi\u00e1 4.5 tri\u1ec7u\/th\u00e1ng.\" \/>\n<meta property=\"og:url\" content=\"https:\/\/trosinhvien.azdigi.shop\/index.php\/san-pham\/605-le-van-luong-q7\/\" \/>\n<meta property=\"og:site_name\" content=\"Tr\u1ecd sinh vi\u00ean\" \/>\n<meta property=\"article:modified_time\" content=\"2026-04-11T14:17:20+00:00\" \/>\n<meta property=\"og:image\" content=\"https:\/\/trosinhvien.azdigi.shop\/wp-content\/uploads\/2026\/04\/z7709258189036_ab22dc94b8e5e027a9673133baa70ea8.jpg\" \/>\n\t<meta property=\"og:image:width\" content=\"1281\" \/>\n\t<meta property=\"og:image:height\" content=\"961\" \/>\n\t<meta property=\"og:image:type\" content=\"image\/jpeg\" \/>\n<meta name=\"twitter:card\" content=\"summary_large_image\" \/>\n<meta name=\"twitter:label1\" content=\"\u01af\u1edbc t\u00ednh th\u1eddi gian \u0111\u1ecdc\" \/>\n\t<meta name=\"twitter:data1\" content=\"2 ph\u00fat\" \/>\n<script type=\"application\/ld+json\" class=\"yoast-schema-graph\">{\"@context\":\"https:\/\/schema.org\",\"@graph\":[{\"@type\":\"WebPage\",\"@id\":\"https:\/\/trosinhvien.azdigi.shop\/index.php\/san-pham\/605-le-van-luong-q7\/\",\"url\":\"https:\/\/trosinhvien.azdigi.shop\/index.php\/san-pham\/605-le-van-luong-q7\/\",\"name\":\"605 L\u00ea V\u0103n L\u01b0\u01a1ng-Q7 - Tr\u1ecd sinh vi\u00ean\",\"isPartOf\":{\"@id\":\"https:\/\/trosinhvien.azdigi.shop\/#website\"},\"primaryImageOfPage\":{\"@id\":\"https:\/\/trosinhvien.azdigi.shop\/index.php\/san-pham\/605-le-van-luong-q7\/#primaryimage\"},\"image\":{\"@id\":\"https:\/\/trosinhvien.azdigi.shop\/index.php\/san-pham\/605-le-van-luong-q7\/#primaryimage\"},\"thumbnailUrl\":\"https:\/\/trosinhvien.azdigi.shop\/wp-content\/uploads\/2026\/04\/z7709258189036_ab22dc94b8e5e027a9673133baa70ea8.jpg\",\"datePublished\":\"2026-04-09T16:08:32+00:00\",\"dateModified\":\"2026-04-11T14:17:20+00:00\",\"description\":\"C\u0103n h\u1ed9 g\u00e1c x\u1ebfp Qu\u1eadn 7 full n\u1ed9i th\u1ea5t, r\u1ed9ng r\u00e3i, tho\u00e1ng m\u00e1t. G\u1ea7n ch\u1ee3, ti\u1ec7n di chuy\u1ec3n, ph\u00f9 h\u1ee3p \u1edf l\u00e2u d\u00e0i, gi\u00e1 4.5 tri\u1ec7u\/th\u00e1ng.\",\"breadcrumb\":{\"@id\":\"https:\/\/trosinhvien.azdigi.shop\/index.php\/san-pham\/605-le-van-luong-q7\/#breadcrumb\"},\"inLanguage\":\"vi\",\"potentialAction\":[{\"@type\":\"ReadAction\",\"target\":[\"https:\/\/trosinhvien.azdigi.shop\/index.php\/san-pham\/605-le-van-luong-q7\/\"]}]},{\"@type\":\"ImageObject\",\"inLanguage\":\"vi\",\"@id\":\"https:\/\/trosinhvien.azdigi.shop\/index.php\/san-pham\/605-le-van-luong-q7\/#primaryimage\",\"url\":\"https:\/\/trosinhvien.azdigi.shop\/wp-content\/uploads\/2026\/04\/z7709258189036_ab22dc94b8e5e027a9673133baa70ea8.jpg\",\"contentUrl\":\"https:\/\/trosinhvien.azdigi.shop\/wp-content\/uploads\/2026\/04\/z7709258189036_ab22dc94b8e5e027a9673133baa70ea8.jpg\",\"width\":1281,\"height\":961},{\"@type\":\"BreadcrumbList\",\"@id\":\"https:\/\/trosinhvien.azdigi.shop\/index.php\/san-pham\/605-le-van-luong-q7\/#breadcrumb\",\"itemListElement\":[{\"@type\":\"ListItem\",\"position\":1,\"name\":\"Trang ch\u1ee7\",\"item\":\"https:\/\/trosinhvien.azdigi.shop\/\"},{\"@type\":\"ListItem\",\"position\":2,\"name\":\"C\u1eeda h\u00e0ng\",\"item\":\"https:\/\/trosinhvien.azdigi.shop\/index.php\/cua-hang\/\"},{\"@type\":\"ListItem\",\"position\":3,\"name\":\"605 L\u00ea V\u0103n L\u01b0\u01a1ng-Q7\"}]},{\"@type\":\"WebSite\",\"@id\":\"https:\/\/trosinhvien.azdigi.shop\/#website\",\"url\":\"https:\/\/trosinhvien.azdigi.shop\/\",\"name\":\"Tr\u1ecd sinh vi\u00ean\",\"description\":\"\",\"publisher\":{\"@id\":\"https:\/\/trosinhvien.azdigi.shop\/#\/schema\/person\/9c1e01826addcfa3a8c40f16418423fb\"},\"potentialAction\":[{\"@type\":\"SearchAction\",\"target\":{\"@type\":\"EntryPoint\",\"urlTemplate\":\"https:\/\/trosinhvien.azdigi.shop\/?s={search_term_string}\"},\"query-input\":{\"@type\":\"PropertyValueSpecification\",\"valueRequired\":true,\"valueName\":\"search_term_string\"}}],\"inLanguage\":\"vi\"},{\"@type\":[\"Person\",\"Organization\"],\"@id\":\"https:\/\/trosinhvien.azdigi.shop\/#\/schema\/person\/9c1e01826addcfa3a8c40f16418423fb\",\"name\":\"Thanh Tuyen\",\"image\":{\"@type\":\"ImageObject\",\"inLanguage\":\"vi\",\"@id\":\"https:\/\/trosinhvien.azdigi.shop\/#\/schema\/person\/image\/\",\"url\":\"https:\/\/trosinhvien.azdigi.shop\/wp-content\/uploads\/2026\/01\/Tuyen-1.png\",\"contentUrl\":\"https:\/\/trosinhvien.azdigi.shop\/wp-content\/uploads\/2026\/01\/Tuyen-1.png\",\"width\":500,\"height\":500,\"caption\":\"Thanh Tuyen\"},\"logo\":{\"@id\":\"https:\/\/trosinhvien.azdigi.shop\/#\/schema\/person\/image\/\"},\"sameAs\":[\"https:\/\/trosinhvien.azdigi.shop\"]}]}<\/script>\n<!-- \/ Yoast SEO plugin. -->","yoast_head_json":{"title":"605 L\u00ea V\u0103n L\u01b0\u01a1ng-Q7 - Tr\u1ecd sinh vi\u00ean","description":"C\u0103n h\u1ed9 g\u00e1c x\u1ebfp Qu\u1eadn 7 full n\u1ed9i th\u1ea5t, r\u1ed9ng r\u00e3i, tho\u00e1ng m\u00e1t. G\u1ea7n ch\u1ee3, ti\u1ec7n di chuy\u1ec3n, ph\u00f9 h\u1ee3p \u1edf l\u00e2u d\u00e0i, gi\u00e1 4.5 tri\u1ec7u\/th\u00e1ng.","robots":{"index":"index","follow":"follow","max-snippet":"max-snippet:-1","max-image-preview":"max-image-preview:large","max-video-preview":"max-video-preview:-1"},"canonical":"https:\/\/trosinhvien.azdigi.shop\/index.php\/san-pham\/605-le-van-luong-q7\/","og_locale":"vi_VN","og_type":"article","og_title":"605 L\u00ea V\u0103n L\u01b0\u01a1ng-Q7 - Tr\u1ecd sinh vi\u00ean","og_description":"C\u0103n h\u1ed9 g\u00e1c x\u1ebfp Qu\u1eadn 7 full n\u1ed9i th\u1ea5t, r\u1ed9ng r\u00e3i, tho\u00e1ng m\u00e1t. G\u1ea7n ch\u1ee3, ti\u1ec7n di chuy\u1ec3n, ph\u00f9 h\u1ee3p \u1edf l\u00e2u d\u00e0i, gi\u00e1 4.5 tri\u1ec7u\/th\u00e1ng.","og_url":"https:\/\/trosinhvien.azdigi.shop\/index.php\/san-pham\/605-le-van-luong-q7\/","og_site_name":"Tr\u1ecd sinh vi\u00ean","article_modified_time":"2026-04-11T14:17:20+00:00","og_image":[{"width":1281,"height":961,"url":"https:\/\/trosinhvien.azdigi.shop\/wp-content\/uploads\/2026\/04\/z7709258189036_ab22dc94b8e5e027a9673133baa70ea8.jpg","type":"image\/jpeg"}],"twitter_card":"summary_large_image","twitter_misc":{"\u01af\u1edbc t\u00ednh th\u1eddi gian \u0111\u1ecdc":"2 ph\u00fat"},"schema":{"@context":"https:\/\/schema.org","@graph":[{"@type":"WebPage","@id":"https:\/\/trosinhvien.azdigi.shop\/index.php\/san-pham\/605-le-van-luong-q7\/","url":"https:\/\/trosinhvien.azdigi.shop\/index.php\/san-pham\/605-le-van-luong-q7\/","name":"605 L\u00ea V\u0103n L\u01b0\u01a1ng-Q7 - Tr\u1ecd sinh vi\u00ean","isPartOf":{"@id":"https:\/\/trosinhvien.azdigi.shop\/#website"},"primaryImageOfPage":{"@id":"https:\/\/trosinhvien.azdigi.shop\/index.php\/san-pham\/605-le-van-luong-q7\/#primaryimage"},"image":{"@id":"https:\/\/trosinhvien.azdigi.shop\/index.php\/san-pham\/605-le-van-luong-q7\/#primaryimage"},"thumbnailUrl":"https:\/\/trosinhvien.azdigi.shop\/wp-content\/uploads\/2026\/04\/z7709258189036_ab22dc94b8e5e027a9673133baa70ea8.jpg","datePublished":"2026-04-09T16:08:32+00:00","dateModified":"2026-04-11T14:17:20+00:00","description":"C\u0103n h\u1ed9 g\u00e1c x\u1ebfp Qu\u1eadn 7 full n\u1ed9i th\u1ea5t, r\u1ed9ng r\u00e3i, tho\u00e1ng m\u00e1t. G\u1ea7n ch\u1ee3, ti\u1ec7n di chuy\u1ec3n, ph\u00f9 h\u1ee3p \u1edf l\u00e2u d\u00e0i, gi\u00e1 4.5 tri\u1ec7u\/th\u00e1ng.","breadcrumb":{"@id":"https:\/\/trosinhvien.azdigi.shop\/index.php\/san-pham\/605-le-van-luong-q7\/#breadcrumb"},"inLanguage":"vi","potentialAction":[{"@type":"ReadAction","target":["https:\/\/trosinhvien.azdigi.shop\/index.php\/san-pham\/605-le-van-luong-q7\/"]}]},{"@type":"ImageObject","inLanguage":"vi","@id":"https:\/\/trosinhvien.azdigi.shop\/index.php\/san-pham\/605-le-van-luong-q7\/#primaryimage","url":"https:\/\/trosinhvien.azdigi.shop\/wp-content\/uploads\/2026\/04\/z7709258189036_ab22dc94b8e5e027a9673133baa70ea8.jpg","contentUrl":"https:\/\/trosinhvien.azdigi.shop\/wp-content\/uploads\/2026\/04\/z7709258189036_ab22dc94b8e5e027a9673133baa70ea8.jpg","width":1281,"height":961},{"@type":"BreadcrumbList","@id":"https:\/\/trosinhvien.azdigi.shop\/index.php\/san-pham\/605-le-van-luong-q7\/#breadcrumb","itemListElement":[{"@type":"ListItem","position":1,"name":"Trang ch\u1ee7","item":"https:\/\/trosinhvien.azdigi.shop\/"},{"@type":"ListItem","position":2,"name":"C\u1eeda h\u00e0ng","item":"https:\/\/trosinhvien.azdigi.shop\/index.php\/cua-hang\/"},{"@type":"ListItem","position":3,"name":"605 L\u00ea V\u0103n L\u01b0\u01a1ng-Q7"}]},{"@type":"WebSite","@id":"https:\/\/trosinhvien.azdigi.shop\/#website","url":"https:\/\/trosinhvien.azdigi.shop\/","name":"Tr\u1ecd sinh vi\u00ean","description":"","publisher":{"@id":"https:\/\/trosinhvien.azdigi.shop\/#\/schema\/person\/9c1e01826addcfa3a8c40f16418423fb"},"potentialAction":[{"@type":"SearchAction","target":{"@type":"EntryPoint","urlTemplate":"https:\/\/trosinhvien.azdigi.shop\/?s={search_term_string}"},"query-input":{"@type":"PropertyValueSpecification","valueRequired":true,"valueName":"search_term_string"}}],"inLanguage":"vi"},{"@type":["Person","Organization"],"@id":"https:\/\/trosinhvien.azdigi.shop\/#\/schema\/person\/9c1e01826addcfa3a8c40f16418423fb","name":"Thanh Tuyen","image":{"@type":"ImageObject","inLanguage":"vi","@id":"https:\/\/trosinhvien.azdigi.shop\/#\/schema\/person\/image\/","url":"https:\/\/trosinhvien.azdigi.shop\/wp-content\/uploads\/2026\/01\/Tuyen-1.png","contentUrl":"https:\/\/trosinhvien.azdigi.shop\/wp-content\/uploads\/2026\/01\/Tuyen-1.png","width":500,"height":500,"caption":"Thanh Tuyen"},"logo":{"@id":"https:\/\/trosinhvien.azdigi.shop\/#\/schema\/person\/image\/"},"sameAs":["https:\/\/trosinhvien.azdigi.shop"]}]}},"_links":{"self":[{"href":"https:\/\/trosinhvien.azdigi.shop\/index.php\/wp-json\/wp\/v2\/product\/317","targetHints":{"allow":["GET"]}}],"collection":[{"href":"https:\/\/trosinhvien.azdigi.shop\/index.php\/wp-json\/wp\/v2\/product"}],"about":[{"href":"https:\/\/trosinhvien.azdigi.shop\/index.php\/wp-json\/wp\/v2\/types\/product"}],"replies":[{"embeddable":true,"href":"https:\/\/trosinhvien.azdigi.shop\/index.php\/wp-json\/wp\/v2\/comments?post=317"}],"wp:featuredmedia":[{"embeddable":true,"href":"https:\/\/trosinhvien.azdigi.shop\/index.php\/wp-json\/wp\/v2\/media\/318"}],"wp:attachment":[{"href":"https:\/\/trosinhvien.azdigi.shop\/index.php\/wp-json\/wp\/v2\/media?parent=317"}],"wp:term":[{"taxonomy":"product_brand","embeddable":true,"href":"https:\/\/trosinhvien.azdigi.shop\/index.php\/wp-json\/wp\/v2\/product_brand?post=317"},{"taxonomy":"product_cat","embeddable":true,"href":"https:\/\/trosinhvien.azdigi.shop\/index.php\/wp-json\/wp\/v2\/product_cat?post=317"},{"taxonomy":"product_tag","embeddable":true,"href":"https:\/\/trosinhvien.azdigi.shop\/index.php\/wp-json\/wp\/v2\/product_tag?post=317"}],"curies":[{"name":"wp","href":"https:\/\/api.w.org\/{rel}","templated":true}]}}