{"id":360,"date":"2026-04-10T07:06:22","date_gmt":"2026-04-10T07:06:22","guid":{"rendered":"https:\/\/trosinhvien.azdigi.shop\/?post_type=product&#038;p=360"},"modified":"2026-04-11T13:52:17","modified_gmt":"2026-04-11T13:52:17","slug":"phan-huy-ich-gv","status":"publish","type":"product","link":"https:\/\/trosinhvien.azdigi.shop\/index.php\/san-pham\/phan-huy-ich-gv\/","title":{"rendered":"Phan Huy \u00cdch- GV"},"content":{"rendered":"<div class=\"flex flex-col text-sm pb-25\">\n<section class=\"text-token-text-primary w-full focus:outline-none [--shadow-height:45px] has-data-writing-block:pointer-events-none has-data-writing-block:-mt-(--shadow-height) has-data-writing-block:pt-(--shadow-height) [&amp;:has([data-writing-block])&gt;*]:pointer-events-auto scroll-mt-[calc(var(--header-height)+min(200px,max(70px,20svh)))]\" dir=\"auto\" data-turn-id=\"request-WEB:4a10be37-d950-4743-963b-c1ff929ffdf4-7\" data-testid=\"conversation-turn-16\" data-scroll-anchor=\"true\" data-turn=\"assistant\">\n<div class=\"text-base my-auto mx-auto pb-10 [--thread-content-margin:var(--thread-content-margin-xs,calc(var(--spacing)*4))] @w-sm\/main:[--thread-content-margin:var(--thread-content-margin-sm,calc(var(--spacing)*6))] @w-lg\/main:[--thread-content-margin:var(--thread-content-margin-lg,calc(var(--spacing)*16))] px-(--thread-content-margin)\">\n<div class=\"[--thread-content-max-width:40rem] @w-lg\/main:[--thread-content-max-width:48rem] mx-auto max-w-(--thread-content-max-width) flex-1 group\/turn-messages focus-visible:outline-hidden relative flex w-full min-w-0 flex-col agent-turn\">\n<div class=\"flex max-w-full flex-col gap-4 grow\">\n<div class=\"min-h-8 text-message relative flex w-full flex-col items-end gap-2 text-start break-words whitespace-normal outline-none keyboard-focused:focus-ring [.text-message+&amp;]:mt-1\" dir=\"auto\" tabindex=\"0\" data-message-author-role=\"assistant\" data-message-id=\"26e1e05c-cafa-4aa9-a6c6-8702022f52a5\" data-message-model-slug=\"gpt-5-3\" data-turn-start-message=\"true\">\n<div class=\"flex w-full flex-col gap-1 empty:hidden\">\n<div class=\"markdown prose dark:prose-invert w-full wrap-break-word dark markdown-new-styling\">\n<p data-start=\"103\" data-end=\"345\">Cho thu\u00ea ph\u00f2ng tr\u1ecd \u0111\u01b0\u1eddng Phan Huy \u00cdch, G\u00f2 V\u1ea5p gi\u00e1 ch\u1ec9 t\u1eeb 3tr2\/th\u00e1ng. Ph\u00f9 h\u1ee3p cho sinh vi\u00ean v\u00e0 ng\u01b0\u1eddi \u0111i l\u00e0m c\u1ea7n ch\u1ed7 \u1edf \u1ed5n \u0111\u1ecbnh. Ph\u00f2ng s\u1ea1ch s\u1ebd, g\u1ecdn g\u00e0ng, c\u00f3 c\u1eeda s\u1ed5 tho\u00e1ng m\u00e1t. Kh\u00f4ng gian \u0111\u00f3n \u00e1nh s\u00e1ng t\u1ef1 nhi\u00ean, t\u1ea1o c\u1ea3m gi\u00e1c d\u1ec5 ch\u1ecbu khi sinh ho\u1ea1t.<\/p>\n<p data-start=\"347\" data-end=\"515\">M\u1ed9t s\u1ed1 ph\u00f2ng c\u00f3 g\u00e1c l\u1eedng, gi\u00fap t\u0103ng di\u1ec7n t\u00edch s\u1eed d\u1ee5ng. N\u1ed9i th\u1ea5t trang b\u1ecb c\u01a1 b\u1ea3n nh\u01b0 gi\u01b0\u1eddng, t\u1ee7, m\u00e1y l\u1ea1nh ho\u1eb7c qu\u1ea1t. B\u1ea1n c\u00f3 th\u1ec3 d\u1ecdn v\u00e0o \u1edf ngay, kh\u00f4ng c\u1ea7n chu\u1ea9n b\u1ecb nhi\u1ec1u.<\/p>\n<p data-start=\"517\" data-end=\"664\">Khu tr\u1ecd n\u1eb1m trong khu d\u00e2n c\u01b0 y\u00ean t\u0129nh, an ninh t\u1ed1t. C\u00f3 camera gi\u00e1m s\u00e1t v\u00e0 c\u1ed5ng kh\u00f3a an to\u00e0n. L\u1ed1i \u0111i r\u1ed9ng, c\u00f3 ch\u1ed7 \u0111\u1ec3 xe ri\u00eang, thu\u1eadn ti\u1ec7n h\u1eb1ng ng\u00e0y.<\/p>\n<p data-start=\"666\" data-end=\"805\">V\u1ecb tr\u00ed tr\u00ean \u0111\u01b0\u1eddng Phan Huy \u00cdch gi\u00fap di chuy\u1ec3n d\u1ec5 d\u00e0ng. Thu\u1eadn ti\u1ec7n sang T\u00e2n B\u00ecnh v\u00e0 Qu\u1eadn 12. G\u1ea7n ch\u1ee3, si\u00eau th\u1ecb v\u00e0 nhi\u1ec1u ti\u1ec7n \u00edch xung quanh.<\/p>\n<p data-start=\"807\" data-end=\"960\">Chi ph\u00ed \u0111i\u1ec7n n\u01b0\u1edbc r\u00f5 r\u00e0ng, t\u00ednh h\u1ee3p l\u00fd. Kh\u00f4ng ph\u00e1t sinh ph\u00ed \u1ea9n. Gi\u1edd gi\u1ea5c t\u1ef1 do, ph\u00f9 h\u1ee3p ng\u01b0\u1eddi b\u1eadn r\u1ed9n. V\u1edbi gi\u00e1 3tr2\/th\u00e1ng, \u0111\u00e2y l\u00e0 l\u1ef1a ch\u1ecdn \u0111\u00e1ng c\u00e2n nh\u1eafc.<\/p>\n<\/div>\n<\/div>\n<\/div>\n<\/div>\n<\/div>\n<\/div>\n<\/section>\n<\/div>\n<p data-start=\"716\" data-end=\"785\">\ud83d\udcde <strong data-start=\"719\" data-end=\"785\">Li\u00ean h\u1ec7 ngay 0907125464 \u0111\u1ec3 xem ph\u00f2ng \u2013 ph\u00f2ng \u0111\u1eb9p gi\u00e1 t\u1ed1t kh\u00f4ng c\u00f2n nhi\u1ec1u!<\/strong><\/p>\n","protected":false},"excerpt":{"rendered":"<p>N\u1ed9i th\u1ea5t trang b\u1ecb c\u01a1 b\u1ea3n nh\u01b0 gi\u01b0\u1eddng, t\u1ee7, m\u00e1y l\u1ea1nh ho\u1eb7c qu\u1ea1t, t\u00f9y ph\u00f2ng, gi\u00fap b\u1ea1n c\u00f3 th\u1ec3 d\u1ecdn v\u00e0o \u1edf ngay m\u00e0 kh\u00f4ng c\u1ea7n s\u1eafm s\u1eeda nhi\u1ec1u. Khu tr\u1ecd n\u1eb1m trong khu d\u00e2n c\u01b0 y\u00ean t\u0129nh, an ninh \u0111\u1ea3m b\u1ea3o v\u1edbi h\u1ec7 th\u1ed1ng camera gi\u00e1m s\u00e1t v\u00e0 c\u1ed5ng kh\u00f3a an to\u00e0n. L\u1ed1i \u0111i r\u1ed9ng, c\u00f3 ch\u1ed7 \u0111\u1ec3 xe ri\u00eang, thu\u1eadn ti\u1ec7n cho sinh ho\u1ea1t h\u1eb1ng ng\u00e0y.<\/p>\n","protected":false},"featured_media":361,"comment_status":"open","ping_status":"closed","template":"","meta":[],"product_brand":[],"product_cat":[24],"product_tag":[],"class_list":{"0":"post-360","1":"product","2":"type-product","3":"status-publish","4":"has-post-thumbnail","6":"product_cat-go-vap","8":"first","9":"outofstock","10":"taxable","11":"shipping-taxable","12":"product-type-variable"},"yoast_head":"<!-- This site is optimized with the Yoast SEO plugin v26.8 - https:\/\/yoast.com\/product\/yoast-seo-wordpress\/ -->\n<title>Phan Huy \u00cdch- GV - Tr\u1ecd sinh vi\u00ean<\/title>\n<meta name=\"description\" content=\"Ph\u00f2ng tr\u1ecd g\u00e1c l\u1eedng Phan Huy \u00cdch full n\u1ed9i th\u1ea5t, s\u1ea1ch \u0111\u1eb9p, tho\u00e1ng m\u00e1t. C\u00f3 b\u1ebfp ri\u00eang, WC ri\u00eang, gi\u00e1 3.2 tri\u1ec7u\/th\u00e1ng, ph\u00f9 h\u1ee3p \u1edf l\u00e2u d\u00e0i.\" \/>\n<meta name=\"robots\" content=\"index, follow, max-snippet:-1, max-image-preview:large, max-video-preview:-1\" \/>\n<link rel=\"canonical\" href=\"https:\/\/trosinhvien.azdigi.shop\/index.php\/san-pham\/phan-huy-ich-gv\/\" \/>\n<meta property=\"og:locale\" content=\"vi_VN\" \/>\n<meta property=\"og:type\" content=\"article\" \/>\n<meta property=\"og:title\" content=\"Phan Huy \u00cdch- GV - Tr\u1ecd sinh vi\u00ean\" \/>\n<meta property=\"og:description\" content=\"Ph\u00f2ng tr\u1ecd g\u00e1c l\u1eedng Phan Huy \u00cdch full n\u1ed9i th\u1ea5t, s\u1ea1ch \u0111\u1eb9p, tho\u00e1ng m\u00e1t. C\u00f3 b\u1ebfp ri\u00eang, WC ri\u00eang, gi\u00e1 3.2 tri\u1ec7u\/th\u00e1ng, ph\u00f9 h\u1ee3p \u1edf l\u00e2u d\u00e0i.\" \/>\n<meta property=\"og:url\" content=\"https:\/\/trosinhvien.azdigi.shop\/index.php\/san-pham\/phan-huy-ich-gv\/\" \/>\n<meta property=\"og:site_name\" content=\"Tr\u1ecd sinh vi\u00ean\" \/>\n<meta property=\"article:modified_time\" content=\"2026-04-11T13:52:17+00:00\" \/>\n<meta property=\"og:image\" content=\"https:\/\/trosinhvien.azdigi.shop\/wp-content\/uploads\/2026\/04\/z7710750045336_6f4da74bfcee1baeecaed236cb62dffe-scaled.jpg\" \/>\n\t<meta property=\"og:image:width\" content=\"2560\" \/>\n\t<meta property=\"og:image:height\" content=\"1920\" \/>\n\t<meta property=\"og:image:type\" content=\"image\/jpeg\" \/>\n<meta name=\"twitter:card\" content=\"summary_large_image\" \/>\n<meta name=\"twitter:label1\" content=\"\u01af\u1edbc t\u00ednh th\u1eddi gian \u0111\u1ecdc\" \/>\n\t<meta name=\"twitter:data1\" content=\"2 ph\u00fat\" \/>\n<script type=\"application\/ld+json\" class=\"yoast-schema-graph\">{\"@context\":\"https:\/\/schema.org\",\"@graph\":[{\"@type\":\"WebPage\",\"@id\":\"https:\/\/trosinhvien.azdigi.shop\/index.php\/san-pham\/phan-huy-ich-gv\/\",\"url\":\"https:\/\/trosinhvien.azdigi.shop\/index.php\/san-pham\/phan-huy-ich-gv\/\",\"name\":\"Phan Huy \u00cdch- GV - Tr\u1ecd sinh vi\u00ean\",\"isPartOf\":{\"@id\":\"https:\/\/trosinhvien.azdigi.shop\/#website\"},\"primaryImageOfPage\":{\"@id\":\"https:\/\/trosinhvien.azdigi.shop\/index.php\/san-pham\/phan-huy-ich-gv\/#primaryimage\"},\"image\":{\"@id\":\"https:\/\/trosinhvien.azdigi.shop\/index.php\/san-pham\/phan-huy-ich-gv\/#primaryimage\"},\"thumbnailUrl\":\"https:\/\/trosinhvien.azdigi.shop\/wp-content\/uploads\/2026\/04\/z7710750045336_6f4da74bfcee1baeecaed236cb62dffe-scaled.jpg\",\"datePublished\":\"2026-04-10T07:06:22+00:00\",\"dateModified\":\"2026-04-11T13:52:17+00:00\",\"description\":\"Ph\u00f2ng tr\u1ecd g\u00e1c l\u1eedng Phan Huy \u00cdch full n\u1ed9i th\u1ea5t, s\u1ea1ch \u0111\u1eb9p, tho\u00e1ng m\u00e1t. C\u00f3 b\u1ebfp ri\u00eang, WC ri\u00eang, gi\u00e1 3.2 tri\u1ec7u\/th\u00e1ng, ph\u00f9 h\u1ee3p \u1edf l\u00e2u d\u00e0i.\",\"breadcrumb\":{\"@id\":\"https:\/\/trosinhvien.azdigi.shop\/index.php\/san-pham\/phan-huy-ich-gv\/#breadcrumb\"},\"inLanguage\":\"vi\",\"potentialAction\":[{\"@type\":\"ReadAction\",\"target\":[\"https:\/\/trosinhvien.azdigi.shop\/index.php\/san-pham\/phan-huy-ich-gv\/\"]}]},{\"@type\":\"ImageObject\",\"inLanguage\":\"vi\",\"@id\":\"https:\/\/trosinhvien.azdigi.shop\/index.php\/san-pham\/phan-huy-ich-gv\/#primaryimage\",\"url\":\"https:\/\/trosinhvien.azdigi.shop\/wp-content\/uploads\/2026\/04\/z7710750045336_6f4da74bfcee1baeecaed236cb62dffe-scaled.jpg\",\"contentUrl\":\"https:\/\/trosinhvien.azdigi.shop\/wp-content\/uploads\/2026\/04\/z7710750045336_6f4da74bfcee1baeecaed236cb62dffe-scaled.jpg\",\"width\":2560,\"height\":1920},{\"@type\":\"BreadcrumbList\",\"@id\":\"https:\/\/trosinhvien.azdigi.shop\/index.php\/san-pham\/phan-huy-ich-gv\/#breadcrumb\",\"itemListElement\":[{\"@type\":\"ListItem\",\"position\":1,\"name\":\"Trang ch\u1ee7\",\"item\":\"https:\/\/trosinhvien.azdigi.shop\/\"},{\"@type\":\"ListItem\",\"position\":2,\"name\":\"C\u1eeda h\u00e0ng\",\"item\":\"https:\/\/trosinhvien.azdigi.shop\/index.php\/cua-hang\/\"},{\"@type\":\"ListItem\",\"position\":3,\"name\":\"Phan Huy \u00cdch- GV\"}]},{\"@type\":\"WebSite\",\"@id\":\"https:\/\/trosinhvien.azdigi.shop\/#website\",\"url\":\"https:\/\/trosinhvien.azdigi.shop\/\",\"name\":\"Tr\u1ecd sinh vi\u00ean\",\"description\":\"\",\"publisher\":{\"@id\":\"https:\/\/trosinhvien.azdigi.shop\/#\/schema\/person\/9c1e01826addcfa3a8c40f16418423fb\"},\"potentialAction\":[{\"@type\":\"SearchAction\",\"target\":{\"@type\":\"EntryPoint\",\"urlTemplate\":\"https:\/\/trosinhvien.azdigi.shop\/?s={search_term_string}\"},\"query-input\":{\"@type\":\"PropertyValueSpecification\",\"valueRequired\":true,\"valueName\":\"search_term_string\"}}],\"inLanguage\":\"vi\"},{\"@type\":[\"Person\",\"Organization\"],\"@id\":\"https:\/\/trosinhvien.azdigi.shop\/#\/schema\/person\/9c1e01826addcfa3a8c40f16418423fb\",\"name\":\"Thanh Tuyen\",\"image\":{\"@type\":\"ImageObject\",\"inLanguage\":\"vi\",\"@id\":\"https:\/\/trosinhvien.azdigi.shop\/#\/schema\/person\/image\/\",\"url\":\"https:\/\/trosinhvien.azdigi.shop\/wp-content\/uploads\/2026\/01\/Tuyen-1.png\",\"contentUrl\":\"https:\/\/trosinhvien.azdigi.shop\/wp-content\/uploads\/2026\/01\/Tuyen-1.png\",\"width\":500,\"height\":500,\"caption\":\"Thanh Tuyen\"},\"logo\":{\"@id\":\"https:\/\/trosinhvien.azdigi.shop\/#\/schema\/person\/image\/\"},\"sameAs\":[\"https:\/\/trosinhvien.azdigi.shop\"]}]}<\/script>\n<!-- \/ Yoast SEO plugin. -->","yoast_head_json":{"title":"Phan Huy \u00cdch- GV - Tr\u1ecd sinh vi\u00ean","description":"Ph\u00f2ng tr\u1ecd g\u00e1c l\u1eedng Phan Huy \u00cdch full n\u1ed9i th\u1ea5t, s\u1ea1ch \u0111\u1eb9p, tho\u00e1ng m\u00e1t. C\u00f3 b\u1ebfp ri\u00eang, WC ri\u00eang, gi\u00e1 3.2 tri\u1ec7u\/th\u00e1ng, ph\u00f9 h\u1ee3p \u1edf l\u00e2u d\u00e0i.","robots":{"index":"index","follow":"follow","max-snippet":"max-snippet:-1","max-image-preview":"max-image-preview:large","max-video-preview":"max-video-preview:-1"},"canonical":"https:\/\/trosinhvien.azdigi.shop\/index.php\/san-pham\/phan-huy-ich-gv\/","og_locale":"vi_VN","og_type":"article","og_title":"Phan Huy \u00cdch- GV - Tr\u1ecd sinh vi\u00ean","og_description":"Ph\u00f2ng tr\u1ecd g\u00e1c l\u1eedng Phan Huy \u00cdch full n\u1ed9i th\u1ea5t, s\u1ea1ch \u0111\u1eb9p, tho\u00e1ng m\u00e1t. C\u00f3 b\u1ebfp ri\u00eang, WC ri\u00eang, gi\u00e1 3.2 tri\u1ec7u\/th\u00e1ng, ph\u00f9 h\u1ee3p \u1edf l\u00e2u d\u00e0i.","og_url":"https:\/\/trosinhvien.azdigi.shop\/index.php\/san-pham\/phan-huy-ich-gv\/","og_site_name":"Tr\u1ecd sinh vi\u00ean","article_modified_time":"2026-04-11T13:52:17+00:00","og_image":[{"width":2560,"height":1920,"url":"https:\/\/trosinhvien.azdigi.shop\/wp-content\/uploads\/2026\/04\/z7710750045336_6f4da74bfcee1baeecaed236cb62dffe-scaled.jpg","type":"image\/jpeg"}],"twitter_card":"summary_large_image","twitter_misc":{"\u01af\u1edbc t\u00ednh th\u1eddi gian \u0111\u1ecdc":"2 ph\u00fat"},"schema":{"@context":"https:\/\/schema.org","@graph":[{"@type":"WebPage","@id":"https:\/\/trosinhvien.azdigi.shop\/index.php\/san-pham\/phan-huy-ich-gv\/","url":"https:\/\/trosinhvien.azdigi.shop\/index.php\/san-pham\/phan-huy-ich-gv\/","name":"Phan Huy \u00cdch- GV - Tr\u1ecd sinh vi\u00ean","isPartOf":{"@id":"https:\/\/trosinhvien.azdigi.shop\/#website"},"primaryImageOfPage":{"@id":"https:\/\/trosinhvien.azdigi.shop\/index.php\/san-pham\/phan-huy-ich-gv\/#primaryimage"},"image":{"@id":"https:\/\/trosinhvien.azdigi.shop\/index.php\/san-pham\/phan-huy-ich-gv\/#primaryimage"},"thumbnailUrl":"https:\/\/trosinhvien.azdigi.shop\/wp-content\/uploads\/2026\/04\/z7710750045336_6f4da74bfcee1baeecaed236cb62dffe-scaled.jpg","datePublished":"2026-04-10T07:06:22+00:00","dateModified":"2026-04-11T13:52:17+00:00","description":"Ph\u00f2ng tr\u1ecd g\u00e1c l\u1eedng Phan Huy \u00cdch full n\u1ed9i th\u1ea5t, s\u1ea1ch \u0111\u1eb9p, tho\u00e1ng m\u00e1t. C\u00f3 b\u1ebfp ri\u00eang, WC ri\u00eang, gi\u00e1 3.2 tri\u1ec7u\/th\u00e1ng, ph\u00f9 h\u1ee3p \u1edf l\u00e2u d\u00e0i.","breadcrumb":{"@id":"https:\/\/trosinhvien.azdigi.shop\/index.php\/san-pham\/phan-huy-ich-gv\/#breadcrumb"},"inLanguage":"vi","potentialAction":[{"@type":"ReadAction","target":["https:\/\/trosinhvien.azdigi.shop\/index.php\/san-pham\/phan-huy-ich-gv\/"]}]},{"@type":"ImageObject","inLanguage":"vi","@id":"https:\/\/trosinhvien.azdigi.shop\/index.php\/san-pham\/phan-huy-ich-gv\/#primaryimage","url":"https:\/\/trosinhvien.azdigi.shop\/wp-content\/uploads\/2026\/04\/z7710750045336_6f4da74bfcee1baeecaed236cb62dffe-scaled.jpg","contentUrl":"https:\/\/trosinhvien.azdigi.shop\/wp-content\/uploads\/2026\/04\/z7710750045336_6f4da74bfcee1baeecaed236cb62dffe-scaled.jpg","width":2560,"height":1920},{"@type":"BreadcrumbList","@id":"https:\/\/trosinhvien.azdigi.shop\/index.php\/san-pham\/phan-huy-ich-gv\/#breadcrumb","itemListElement":[{"@type":"ListItem","position":1,"name":"Trang ch\u1ee7","item":"https:\/\/trosinhvien.azdigi.shop\/"},{"@type":"ListItem","position":2,"name":"C\u1eeda h\u00e0ng","item":"https:\/\/trosinhvien.azdigi.shop\/index.php\/cua-hang\/"},{"@type":"ListItem","position":3,"name":"Phan Huy \u00cdch- GV"}]},{"@type":"WebSite","@id":"https:\/\/trosinhvien.azdigi.shop\/#website","url":"https:\/\/trosinhvien.azdigi.shop\/","name":"Tr\u1ecd sinh vi\u00ean","description":"","publisher":{"@id":"https:\/\/trosinhvien.azdigi.shop\/#\/schema\/person\/9c1e01826addcfa3a8c40f16418423fb"},"potentialAction":[{"@type":"SearchAction","target":{"@type":"EntryPoint","urlTemplate":"https:\/\/trosinhvien.azdigi.shop\/?s={search_term_string}"},"query-input":{"@type":"PropertyValueSpecification","valueRequired":true,"valueName":"search_term_string"}}],"inLanguage":"vi"},{"@type":["Person","Organization"],"@id":"https:\/\/trosinhvien.azdigi.shop\/#\/schema\/person\/9c1e01826addcfa3a8c40f16418423fb","name":"Thanh Tuyen","image":{"@type":"ImageObject","inLanguage":"vi","@id":"https:\/\/trosinhvien.azdigi.shop\/#\/schema\/person\/image\/","url":"https:\/\/trosinhvien.azdigi.shop\/wp-content\/uploads\/2026\/01\/Tuyen-1.png","contentUrl":"https:\/\/trosinhvien.azdigi.shop\/wp-content\/uploads\/2026\/01\/Tuyen-1.png","width":500,"height":500,"caption":"Thanh Tuyen"},"logo":{"@id":"https:\/\/trosinhvien.azdigi.shop\/#\/schema\/person\/image\/"},"sameAs":["https:\/\/trosinhvien.azdigi.shop"]}]}},"_links":{"self":[{"href":"https:\/\/trosinhvien.azdigi.shop\/index.php\/wp-json\/wp\/v2\/product\/360","targetHints":{"allow":["GET"]}}],"collection":[{"href":"https:\/\/trosinhvien.azdigi.shop\/index.php\/wp-json\/wp\/v2\/product"}],"about":[{"href":"https:\/\/trosinhvien.azdigi.shop\/index.php\/wp-json\/wp\/v2\/types\/product"}],"replies":[{"embeddable":true,"href":"https:\/\/trosinhvien.azdigi.shop\/index.php\/wp-json\/wp\/v2\/comments?post=360"}],"wp:featuredmedia":[{"embeddable":true,"href":"https:\/\/trosinhvien.azdigi.shop\/index.php\/wp-json\/wp\/v2\/media\/361"}],"wp:attachment":[{"href":"https:\/\/trosinhvien.azdigi.shop\/index.php\/wp-json\/wp\/v2\/media?parent=360"}],"wp:term":[{"taxonomy":"product_brand","embeddable":true,"href":"https:\/\/trosinhvien.azdigi.shop\/index.php\/wp-json\/wp\/v2\/product_brand?post=360"},{"taxonomy":"product_cat","embeddable":true,"href":"https:\/\/trosinhvien.azdigi.shop\/index.php\/wp-json\/wp\/v2\/product_cat?post=360"},{"taxonomy":"product_tag","embeddable":true,"href":"https:\/\/trosinhvien.azdigi.shop\/index.php\/wp-json\/wp\/v2\/product_tag?post=360"}],"curies":[{"name":"wp","href":"https:\/\/api.w.org\/{rel}","templated":true}]}}