{"id":454,"date":"2026-04-11T04:00:11","date_gmt":"2026-04-11T04:00:11","guid":{"rendered":"https:\/\/trosinhvien.azdigi.shop\/?post_type=product&#038;p=454"},"modified":"2026-04-11T04:00:11","modified_gmt":"2026-04-11T04:00:11","slug":"duong-79tan-quy-q7","status":"publish","type":"product","link":"https:\/\/trosinhvien.azdigi.shop\/index.php\/san-pham\/duong-79tan-quy-q7\/","title":{"rendered":"\u0110\u01b0\u1eddng 79,T\u00e2n Quy-Q7"},"content":{"rendered":"<div class=\"flex flex-col text-sm pb-25\">\n<section class=\"text-token-text-primary w-full focus:outline-none [--shadow-height:45px] has-data-writing-block:pointer-events-none has-data-writing-block:-mt-(--shadow-height) has-data-writing-block:pt-(--shadow-height) [&amp;:has([data-writing-block])&gt;*]:pointer-events-auto scroll-mt-[calc(var(--header-height)+min(200px,max(70px,20svh)))]\" dir=\"auto\" data-turn-id=\"request-WEB:f494c5b0-35bb-41e3-80f0-7a50876effd1-1\" data-testid=\"conversation-turn-4\" data-scroll-anchor=\"true\" data-turn=\"assistant\">\n<div class=\"text-base my-auto mx-auto pb-10 [--thread-content-margin:var(--thread-content-margin-xs,calc(var(--spacing)*4))] @w-sm\/main:[--thread-content-margin:var(--thread-content-margin-sm,calc(var(--spacing)*6))] @w-lg\/main:[--thread-content-margin:var(--thread-content-margin-lg,calc(var(--spacing)*16))] px-(--thread-content-margin)\">\n<div class=\"[--thread-content-max-width:40rem] @w-lg\/main:[--thread-content-max-width:48rem] mx-auto max-w-(--thread-content-max-width) flex-1 group\/turn-messages focus-visible:outline-hidden relative flex w-full min-w-0 flex-col agent-turn\">\n<div class=\"flex max-w-full flex-col gap-4 grow\">\n<div class=\"min-h-8 text-message relative flex w-full flex-col items-end gap-2 text-start break-words whitespace-normal outline-none keyboard-focused:focus-ring [.text-message+&amp;]:mt-1\" dir=\"auto\" tabindex=\"0\" data-message-author-role=\"assistant\" data-message-id=\"1e2cbb0d-1319-451c-bee6-61c365907050\" data-message-model-slug=\"gpt-5-3\" data-turn-start-message=\"true\">\n<div class=\"flex w-full flex-col gap-1 empty:hidden\">\n<div class=\"markdown prose dark:prose-invert w-full wrap-break-word light markdown-new-styling\">\n<p data-start=\"0\" data-end=\"84\"><strong data-start=\"0\" data-end=\"84\">\u0103n h\u1ed9 cao c\u1ea5p \u0111\u01b0\u1eddng s\u1ed1 79, T\u00e2n Quy, Qu\u1eadn 7 \u2013 Full n\u1ed9i th\u1ea5t, gi\u00e1 8.5 tri\u1ec7u\/th\u00e1ng<\/strong><\/p>\n<hr data-start=\"86\" data-end=\"89\" \/>\n<h3 data-section-id=\"cbl5wj\" data-start=\"91\" data-end=\"134\">\ud83d\udccd V\u1ecb tr\u00ed \u0111\u1eafc \u0111\u1ecba t\u1ea1i T\u00e2n Quy, Qu\u1eadn 7<\/h3>\n<p data-start=\"135\" data-end=\"255\">C\u0103n h\u1ed9 n\u1eb1m tr\u00ean \u0111\u01b0\u1eddng s\u1ed1 79, ph\u01b0\u1eddng T\u00e2n Quy.<br data-start=\"179\" data-end=\"182\" \/>Khu v\u1ef1c y\u00ean t\u0129nh, d\u00e2n tr\u00ed cao.<br data-start=\"212\" data-end=\"215\" \/>Di chuy\u1ec3n nhanh sang Qu\u1eadn 1 v\u00e0 Qu\u1eadn 4.<\/p>\n<p data-start=\"257\" data-end=\"340\">G\u1ea7n tr\u1ee5c \u0111\u01b0\u1eddng Nguy\u1ec5n Th\u1ecb Th\u1eadp s\u1ea7m u\u1ea5t.<br data-start=\"296\" data-end=\"299\" \/>Xung quanh c\u00f3 nhi\u1ec1u ti\u1ec7n \u00edch c\u1ea7n thi\u1ebft.<\/p>\n<hr data-start=\"342\" data-end=\"345\" \/>\n<h3 data-section-id=\"11cmce2\" data-start=\"347\" data-end=\"392\">\ud83c\udfe1 Thi\u1ebft k\u1ebf hi\u1ec7n \u0111\u1ea1i, t\u1ed1i \u01b0u kh\u00f4ng gian<\/h3>\n<p data-start=\"393\" data-end=\"518\">C\u0103n h\u1ed9 thi\u1ebft k\u1ebf g\u1ecdn g\u00e0ng, d\u1ec5 s\u1eed d\u1ee5ng.<br data-start=\"430\" data-end=\"433\" \/>Kh\u00f4ng gian \u0111\u01b0\u1ee3c b\u1ed1 tr\u00ed h\u1ee3p l\u00fd.<br data-start=\"463\" data-end=\"466\" \/>Ph\u00f2ng c\u00f3 c\u1eeda s\u1ed5 tho\u00e1ng m\u00e1t, \u0111\u00f3n \u00e1nh s\u00e1ng t\u1ef1 nhi\u00ean.<\/p>\n<p data-start=\"520\" data-end=\"574\">Mang l\u1ea1i c\u1ea3m gi\u00e1c tho\u1ea3i m\u00e1i khi sinh ho\u1ea1t h\u1eb1ng ng\u00e0y.<\/p>\n<hr data-start=\"576\" data-end=\"579\" \/>\n<h3 data-section-id=\"e40dl\" data-start=\"581\" data-end=\"622\">\ud83d\udecb\ufe0f N\u1ed9i th\u1ea5t \u0111\u1ea7y \u0111\u1ee7, d\u1ecdn v\u00e0o \u1edf ngay<\/h3>\n<p data-start=\"623\" data-end=\"727\">Trang b\u1ecb s\u1eb5n gi\u01b0\u1eddng, t\u1ee7, m\u00e1y l\u1ea1nh.<br data-start=\"657\" data-end=\"660\" \/>C\u00f3 th\u00eam t\u1ee7 l\u1ea1nh v\u00e0 m\u00e1y n\u01b0\u1edbc n\u00f3ng.<br data-start=\"693\" data-end=\"696\" \/>Kh\u00f4ng c\u1ea7n mua s\u1eafm th\u00eam nhi\u1ec1u.<\/p>\n<p data-start=\"729\" data-end=\"773\">Ph\u00f9 h\u1ee3p v\u1edbi ng\u01b0\u1eddi b\u1eadn r\u1ed9n ho\u1eb7c \u1edf ng\u1eafn h\u1ea1n.<\/p>\n<hr data-start=\"775\" data-end=\"778\" \/>\n<h3 data-section-id=\"1tiff9x\" data-start=\"780\" data-end=\"816\">\ud83c\udf06 Ti\u1ec7n \u00edch xung quanh \u0111a d\u1ea1ng<\/h3>\n<p data-start=\"817\" data-end=\"917\">G\u1ea7n si\u00eau th\u1ecb, c\u1eeda h\u00e0ng ti\u1ec7n l\u1ee3i.<br data-start=\"849\" data-end=\"852\" \/>C\u00f3 nhi\u1ec1u qu\u00e1n \u0103n v\u00e0 qu\u00e1n c\u00e0 ph\u00ea.<br data-start=\"884\" data-end=\"887\" \/>G\u1ea7n tr\u01b0\u1eddng h\u1ecdc v\u00e0 ng\u00e2n h\u00e0ng.<\/p>\n<p data-start=\"919\" data-end=\"964\">\u0110\u00e1p \u1ee9ng \u0111\u1ea7y \u0111\u1ee7 nhu c\u1ea7u sinh ho\u1ea1t h\u1eb1ng ng\u00e0y.<\/p>\n<hr data-start=\"966\" data-end=\"969\" \/>\n<h3 data-section-id=\"w3ldal\" data-start=\"971\" data-end=\"1014\">\ud83d\udcb0 Gi\u00e1 thu\u00ea h\u1ee3p l\u00fd cho c\u0103n h\u1ed9 cao c\u1ea5p<\/h3>\n<p data-start=\"1015\" data-end=\"1077\">Gi\u00e1 ch\u1ec9 8.5 tri\u1ec7u\/th\u00e1ng.<br data-start=\"1039\" data-end=\"1042\" \/>Ph\u00f9 h\u1ee3p v\u1edbi ch\u1ea5t l\u01b0\u1ee3ng v\u00e0 v\u1ecb tr\u00ed.<\/p>\n<hr data-start=\"1079\" data-end=\"1082\" \/>\n<h3 data-section-id=\"g2t6dg\" data-start=\"1084\" data-end=\"1108\">\ud83d\udccc Th\u00f4ng tin nhanh<\/h3>\n<ul data-start=\"1109\" data-end=\"1267\">\n<li data-section-id=\"6rxyw\" data-start=\"1109\" data-end=\"1133\">Gi\u00e1: 8.5 tri\u1ec7u\/th\u00e1ng<\/li>\n<li data-section-id=\"1x6kp19\" data-start=\"1134\" data-end=\"1158\">Lo\u1ea1i: C\u0103n h\u1ed9 cao c\u1ea5p<\/li>\n<li data-section-id=\"10xg2a\" data-start=\"1159\" data-end=\"1177\">N\u1ed9i th\u1ea5t: Full<\/li>\n<li data-section-id=\"1x9o4pz\" data-start=\"1178\" data-end=\"1219\">\u0110\u1ecba ch\u1ec9: \u0110\u01b0\u1eddng s\u1ed1 79, T\u00e2n Quy, Qu\u1eadn 7<\/li>\n<li data-section-id=\"1t4i4z3\" data-start=\"1220\" data-end=\"1267\">\u0110\u1ed1i t\u01b0\u1ee3ng: Ng\u01b0\u1eddi \u0111i l\u00e0m, c\u1eb7p \u0111\u00f4i, sinh vi\u00ean<\/li>\n<\/ul>\n<\/div>\n<\/div>\n<\/div>\n<\/div>\n<\/div>\n<\/div>\n<\/section>\n<\/div>\n<p data-start=\"1474\" data-end=\"1531\"><strong data-start=\"1474\" data-end=\"1531\">Li\u00ean h\u1ec7 ngay 0907125464 \u0111\u1ec3 xem ph\u00f2ng th\u1ef1c t\u1ebf v\u00e0 gi\u1eef ch\u1ed7 c\u0103n \u0111\u1eb9p!<\/strong><\/p>\n<p data-start=\"1474\" data-end=\"1531\">Th\u00eam:<a href=\"https:\/\/www.nhatot.com\/thue-phong-tro-quan-7-tp-ho-chi-minh\">https:\/\/www.nhatot.com\/thue-phong-tro-quan-7-tp-ho-chi-minh<\/a><\/p>\n","protected":false},"excerpt":{"rendered":"<p>C\u0103n h\u1ed9 cao c\u1ea5p \u0111\u01b0\u1eddng s\u1ed1 79, T\u00e2n Quy, Qu\u1eadn 7, thi\u1ebft k\u1ebf hi\u1ec7n \u0111\u1ea1i, full n\u1ed9i th\u1ea5t, kh\u00f4ng gian tho\u00e1ng m\u00e1t, c\u00f3 c\u1eeda s\u1ed5 \u0111\u00f3n \u00e1nh s\u00e1ng t\u1ef1 nhi\u00ean, v\u1ecb tr\u00ed thu\u1eadn ti\u1ec7n di chuy\u1ec3n, g\u1ea7n si\u00eau th\u1ecb, qu\u00e1n \u0103n, tr\u01b0\u1eddng h\u1ecdc, gi\u00e1 ch\u1ec9 8.5 tri\u1ec7u\/th\u00e1ng, ph\u00f9 h\u1ee3p \u1edf l\u00e2u d\u00e0i.<\/p>\n","protected":false},"featured_media":453,"comment_status":"open","ping_status":"closed","template":"","meta":[],"product_brand":[],"product_cat":[35],"product_tag":[],"class_list":{"0":"post-454","1":"product","2":"type-product","3":"status-publish","4":"has-post-thumbnail","6":"product_cat-quan-7","8":"first","9":"instock","10":"taxable","11":"shipping-taxable","12":"purchasable","13":"product-type-variable"},"yoast_head":"<!-- This site is optimized with the Yoast SEO plugin v26.8 - https:\/\/yoast.com\/product\/yoast-seo-wordpress\/ -->\n<title>\u0110\u01b0\u1eddng 79,T\u00e2n Quy-Q7 - Tr\u1ecd sinh vi\u00ean<\/title>\n<meta name=\"description\" content=\"C\u0103n h\u1ed9 cao c\u1ea5p \u0111\u01b0\u1eddng s\u1ed1 79, T\u00e2n Quy, Qu\u1eadn 7, full n\u1ed9i th\u1ea5t, kh\u00f4ng gian tho\u00e1ng m\u00e1t, v\u1ecb tr\u00ed \u0111\u1eb9p, ti\u1ec7n \u00edch \u0111\u1ea7y \u0111\u1ee7, gi\u00e1 ch\u1ec9 8.5 tri\u1ec7u\/th\u00e1ng.\" \/>\n<meta name=\"robots\" content=\"index, follow, max-snippet:-1, max-image-preview:large, max-video-preview:-1\" \/>\n<link rel=\"canonical\" href=\"https:\/\/trosinhvien.azdigi.shop\/index.php\/san-pham\/duong-79tan-quy-q7\/\" \/>\n<meta property=\"og:locale\" content=\"vi_VN\" \/>\n<meta property=\"og:type\" content=\"article\" \/>\n<meta property=\"og:title\" content=\"\u0110\u01b0\u1eddng 79,T\u00e2n Quy-Q7 - Tr\u1ecd sinh vi\u00ean\" \/>\n<meta property=\"og:description\" content=\"C\u0103n h\u1ed9 cao c\u1ea5p \u0111\u01b0\u1eddng s\u1ed1 79, T\u00e2n Quy, Qu\u1eadn 7, full n\u1ed9i th\u1ea5t, kh\u00f4ng gian tho\u00e1ng m\u00e1t, v\u1ecb tr\u00ed \u0111\u1eb9p, ti\u1ec7n \u00edch \u0111\u1ea7y \u0111\u1ee7, gi\u00e1 ch\u1ec9 8.5 tri\u1ec7u\/th\u00e1ng.\" \/>\n<meta property=\"og:url\" content=\"https:\/\/trosinhvien.azdigi.shop\/index.php\/san-pham\/duong-79tan-quy-q7\/\" \/>\n<meta property=\"og:site_name\" content=\"Tr\u1ecd sinh vi\u00ean\" \/>\n<meta property=\"og:image\" content=\"https:\/\/trosinhvien.azdigi.shop\/wp-content\/uploads\/2026\/04\/ds-79-tq-q7-scaled.jpg\" \/>\n\t<meta property=\"og:image:width\" content=\"2560\" \/>\n\t<meta property=\"og:image:height\" content=\"1440\" \/>\n\t<meta property=\"og:image:type\" content=\"image\/jpeg\" \/>\n<meta name=\"twitter:card\" content=\"summary_large_image\" \/>\n<meta name=\"twitter:label1\" content=\"\u01af\u1edbc t\u00ednh th\u1eddi gian \u0111\u1ecdc\" \/>\n\t<meta name=\"twitter:data1\" content=\"2 ph\u00fat\" \/>\n<script type=\"application\/ld+json\" class=\"yoast-schema-graph\">{\"@context\":\"https:\/\/schema.org\",\"@graph\":[{\"@type\":\"WebPage\",\"@id\":\"https:\/\/trosinhvien.azdigi.shop\/index.php\/san-pham\/duong-79tan-quy-q7\/\",\"url\":\"https:\/\/trosinhvien.azdigi.shop\/index.php\/san-pham\/duong-79tan-quy-q7\/\",\"name\":\"\u0110\u01b0\u1eddng 79,T\u00e2n Quy-Q7 - Tr\u1ecd sinh vi\u00ean\",\"isPartOf\":{\"@id\":\"https:\/\/trosinhvien.azdigi.shop\/#website\"},\"primaryImageOfPage\":{\"@id\":\"https:\/\/trosinhvien.azdigi.shop\/index.php\/san-pham\/duong-79tan-quy-q7\/#primaryimage\"},\"image\":{\"@id\":\"https:\/\/trosinhvien.azdigi.shop\/index.php\/san-pham\/duong-79tan-quy-q7\/#primaryimage\"},\"thumbnailUrl\":\"https:\/\/trosinhvien.azdigi.shop\/wp-content\/uploads\/2026\/04\/ds-79-tq-q7-scaled.jpg\",\"datePublished\":\"2026-04-11T04:00:11+00:00\",\"description\":\"C\u0103n h\u1ed9 cao c\u1ea5p \u0111\u01b0\u1eddng s\u1ed1 79, T\u00e2n Quy, Qu\u1eadn 7, full n\u1ed9i th\u1ea5t, kh\u00f4ng gian tho\u00e1ng m\u00e1t, v\u1ecb tr\u00ed \u0111\u1eb9p, ti\u1ec7n \u00edch \u0111\u1ea7y \u0111\u1ee7, gi\u00e1 ch\u1ec9 8.5 tri\u1ec7u\/th\u00e1ng.\",\"breadcrumb\":{\"@id\":\"https:\/\/trosinhvien.azdigi.shop\/index.php\/san-pham\/duong-79tan-quy-q7\/#breadcrumb\"},\"inLanguage\":\"vi\",\"potentialAction\":[{\"@type\":\"ReadAction\",\"target\":[\"https:\/\/trosinhvien.azdigi.shop\/index.php\/san-pham\/duong-79tan-quy-q7\/\"]}]},{\"@type\":\"ImageObject\",\"inLanguage\":\"vi\",\"@id\":\"https:\/\/trosinhvien.azdigi.shop\/index.php\/san-pham\/duong-79tan-quy-q7\/#primaryimage\",\"url\":\"https:\/\/trosinhvien.azdigi.shop\/wp-content\/uploads\/2026\/04\/ds-79-tq-q7-scaled.jpg\",\"contentUrl\":\"https:\/\/trosinhvien.azdigi.shop\/wp-content\/uploads\/2026\/04\/ds-79-tq-q7-scaled.jpg\",\"width\":2560,\"height\":1440},{\"@type\":\"BreadcrumbList\",\"@id\":\"https:\/\/trosinhvien.azdigi.shop\/index.php\/san-pham\/duong-79tan-quy-q7\/#breadcrumb\",\"itemListElement\":[{\"@type\":\"ListItem\",\"position\":1,\"name\":\"Trang ch\u1ee7\",\"item\":\"https:\/\/trosinhvien.azdigi.shop\/\"},{\"@type\":\"ListItem\",\"position\":2,\"name\":\"C\u1eeda h\u00e0ng\",\"item\":\"https:\/\/trosinhvien.azdigi.shop\/index.php\/cua-hang\/\"},{\"@type\":\"ListItem\",\"position\":3,\"name\":\"\u0110\u01b0\u1eddng 79,T\u00e2n Quy-Q7\"}]},{\"@type\":\"WebSite\",\"@id\":\"https:\/\/trosinhvien.azdigi.shop\/#website\",\"url\":\"https:\/\/trosinhvien.azdigi.shop\/\",\"name\":\"Tr\u1ecd sinh vi\u00ean\",\"description\":\"\",\"publisher\":{\"@id\":\"https:\/\/trosinhvien.azdigi.shop\/#\/schema\/person\/9c1e01826addcfa3a8c40f16418423fb\"},\"potentialAction\":[{\"@type\":\"SearchAction\",\"target\":{\"@type\":\"EntryPoint\",\"urlTemplate\":\"https:\/\/trosinhvien.azdigi.shop\/?s={search_term_string}\"},\"query-input\":{\"@type\":\"PropertyValueSpecification\",\"valueRequired\":true,\"valueName\":\"search_term_string\"}}],\"inLanguage\":\"vi\"},{\"@type\":[\"Person\",\"Organization\"],\"@id\":\"https:\/\/trosinhvien.azdigi.shop\/#\/schema\/person\/9c1e01826addcfa3a8c40f16418423fb\",\"name\":\"Thanh Tuyen\",\"image\":{\"@type\":\"ImageObject\",\"inLanguage\":\"vi\",\"@id\":\"https:\/\/trosinhvien.azdigi.shop\/#\/schema\/person\/image\/\",\"url\":\"https:\/\/trosinhvien.azdigi.shop\/wp-content\/uploads\/2026\/01\/Tuyen-1.png\",\"contentUrl\":\"https:\/\/trosinhvien.azdigi.shop\/wp-content\/uploads\/2026\/01\/Tuyen-1.png\",\"width\":500,\"height\":500,\"caption\":\"Thanh Tuyen\"},\"logo\":{\"@id\":\"https:\/\/trosinhvien.azdigi.shop\/#\/schema\/person\/image\/\"},\"sameAs\":[\"https:\/\/trosinhvien.azdigi.shop\"]}]}<\/script>\n<!-- \/ Yoast SEO plugin. -->","yoast_head_json":{"title":"\u0110\u01b0\u1eddng 79,T\u00e2n Quy-Q7 - Tr\u1ecd sinh vi\u00ean","description":"C\u0103n h\u1ed9 cao c\u1ea5p \u0111\u01b0\u1eddng s\u1ed1 79, T\u00e2n Quy, Qu\u1eadn 7, full n\u1ed9i th\u1ea5t, kh\u00f4ng gian tho\u00e1ng m\u00e1t, v\u1ecb tr\u00ed \u0111\u1eb9p, ti\u1ec7n \u00edch \u0111\u1ea7y \u0111\u1ee7, gi\u00e1 ch\u1ec9 8.5 tri\u1ec7u\/th\u00e1ng.","robots":{"index":"index","follow":"follow","max-snippet":"max-snippet:-1","max-image-preview":"max-image-preview:large","max-video-preview":"max-video-preview:-1"},"canonical":"https:\/\/trosinhvien.azdigi.shop\/index.php\/san-pham\/duong-79tan-quy-q7\/","og_locale":"vi_VN","og_type":"article","og_title":"\u0110\u01b0\u1eddng 79,T\u00e2n Quy-Q7 - Tr\u1ecd sinh vi\u00ean","og_description":"C\u0103n h\u1ed9 cao c\u1ea5p \u0111\u01b0\u1eddng s\u1ed1 79, T\u00e2n Quy, Qu\u1eadn 7, full n\u1ed9i th\u1ea5t, kh\u00f4ng gian tho\u00e1ng m\u00e1t, v\u1ecb tr\u00ed \u0111\u1eb9p, ti\u1ec7n \u00edch \u0111\u1ea7y \u0111\u1ee7, gi\u00e1 ch\u1ec9 8.5 tri\u1ec7u\/th\u00e1ng.","og_url":"https:\/\/trosinhvien.azdigi.shop\/index.php\/san-pham\/duong-79tan-quy-q7\/","og_site_name":"Tr\u1ecd sinh vi\u00ean","og_image":[{"width":2560,"height":1440,"url":"https:\/\/trosinhvien.azdigi.shop\/wp-content\/uploads\/2026\/04\/ds-79-tq-q7-scaled.jpg","type":"image\/jpeg"}],"twitter_card":"summary_large_image","twitter_misc":{"\u01af\u1edbc t\u00ednh th\u1eddi gian \u0111\u1ecdc":"2 ph\u00fat"},"schema":{"@context":"https:\/\/schema.org","@graph":[{"@type":"WebPage","@id":"https:\/\/trosinhvien.azdigi.shop\/index.php\/san-pham\/duong-79tan-quy-q7\/","url":"https:\/\/trosinhvien.azdigi.shop\/index.php\/san-pham\/duong-79tan-quy-q7\/","name":"\u0110\u01b0\u1eddng 79,T\u00e2n Quy-Q7 - Tr\u1ecd sinh vi\u00ean","isPartOf":{"@id":"https:\/\/trosinhvien.azdigi.shop\/#website"},"primaryImageOfPage":{"@id":"https:\/\/trosinhvien.azdigi.shop\/index.php\/san-pham\/duong-79tan-quy-q7\/#primaryimage"},"image":{"@id":"https:\/\/trosinhvien.azdigi.shop\/index.php\/san-pham\/duong-79tan-quy-q7\/#primaryimage"},"thumbnailUrl":"https:\/\/trosinhvien.azdigi.shop\/wp-content\/uploads\/2026\/04\/ds-79-tq-q7-scaled.jpg","datePublished":"2026-04-11T04:00:11+00:00","description":"C\u0103n h\u1ed9 cao c\u1ea5p \u0111\u01b0\u1eddng s\u1ed1 79, T\u00e2n Quy, Qu\u1eadn 7, full n\u1ed9i th\u1ea5t, kh\u00f4ng gian tho\u00e1ng m\u00e1t, v\u1ecb tr\u00ed \u0111\u1eb9p, ti\u1ec7n \u00edch \u0111\u1ea7y \u0111\u1ee7, gi\u00e1 ch\u1ec9 8.5 tri\u1ec7u\/th\u00e1ng.","breadcrumb":{"@id":"https:\/\/trosinhvien.azdigi.shop\/index.php\/san-pham\/duong-79tan-quy-q7\/#breadcrumb"},"inLanguage":"vi","potentialAction":[{"@type":"ReadAction","target":["https:\/\/trosinhvien.azdigi.shop\/index.php\/san-pham\/duong-79tan-quy-q7\/"]}]},{"@type":"ImageObject","inLanguage":"vi","@id":"https:\/\/trosinhvien.azdigi.shop\/index.php\/san-pham\/duong-79tan-quy-q7\/#primaryimage","url":"https:\/\/trosinhvien.azdigi.shop\/wp-content\/uploads\/2026\/04\/ds-79-tq-q7-scaled.jpg","contentUrl":"https:\/\/trosinhvien.azdigi.shop\/wp-content\/uploads\/2026\/04\/ds-79-tq-q7-scaled.jpg","width":2560,"height":1440},{"@type":"BreadcrumbList","@id":"https:\/\/trosinhvien.azdigi.shop\/index.php\/san-pham\/duong-79tan-quy-q7\/#breadcrumb","itemListElement":[{"@type":"ListItem","position":1,"name":"Trang ch\u1ee7","item":"https:\/\/trosinhvien.azdigi.shop\/"},{"@type":"ListItem","position":2,"name":"C\u1eeda h\u00e0ng","item":"https:\/\/trosinhvien.azdigi.shop\/index.php\/cua-hang\/"},{"@type":"ListItem","position":3,"name":"\u0110\u01b0\u1eddng 79,T\u00e2n Quy-Q7"}]},{"@type":"WebSite","@id":"https:\/\/trosinhvien.azdigi.shop\/#website","url":"https:\/\/trosinhvien.azdigi.shop\/","name":"Tr\u1ecd sinh vi\u00ean","description":"","publisher":{"@id":"https:\/\/trosinhvien.azdigi.shop\/#\/schema\/person\/9c1e01826addcfa3a8c40f16418423fb"},"potentialAction":[{"@type":"SearchAction","target":{"@type":"EntryPoint","urlTemplate":"https:\/\/trosinhvien.azdigi.shop\/?s={search_term_string}"},"query-input":{"@type":"PropertyValueSpecification","valueRequired":true,"valueName":"search_term_string"}}],"inLanguage":"vi"},{"@type":["Person","Organization"],"@id":"https:\/\/trosinhvien.azdigi.shop\/#\/schema\/person\/9c1e01826addcfa3a8c40f16418423fb","name":"Thanh Tuyen","image":{"@type":"ImageObject","inLanguage":"vi","@id":"https:\/\/trosinhvien.azdigi.shop\/#\/schema\/person\/image\/","url":"https:\/\/trosinhvien.azdigi.shop\/wp-content\/uploads\/2026\/01\/Tuyen-1.png","contentUrl":"https:\/\/trosinhvien.azdigi.shop\/wp-content\/uploads\/2026\/01\/Tuyen-1.png","width":500,"height":500,"caption":"Thanh Tuyen"},"logo":{"@id":"https:\/\/trosinhvien.azdigi.shop\/#\/schema\/person\/image\/"},"sameAs":["https:\/\/trosinhvien.azdigi.shop"]}]}},"_links":{"self":[{"href":"https:\/\/trosinhvien.azdigi.shop\/index.php\/wp-json\/wp\/v2\/product\/454","targetHints":{"allow":["GET"]}}],"collection":[{"href":"https:\/\/trosinhvien.azdigi.shop\/index.php\/wp-json\/wp\/v2\/product"}],"about":[{"href":"https:\/\/trosinhvien.azdigi.shop\/index.php\/wp-json\/wp\/v2\/types\/product"}],"replies":[{"embeddable":true,"href":"https:\/\/trosinhvien.azdigi.shop\/index.php\/wp-json\/wp\/v2\/comments?post=454"}],"wp:featuredmedia":[{"embeddable":true,"href":"https:\/\/trosinhvien.azdigi.shop\/index.php\/wp-json\/wp\/v2\/media\/453"}],"wp:attachment":[{"href":"https:\/\/trosinhvien.azdigi.shop\/index.php\/wp-json\/wp\/v2\/media?parent=454"}],"wp:term":[{"taxonomy":"product_brand","embeddable":true,"href":"https:\/\/trosinhvien.azdigi.shop\/index.php\/wp-json\/wp\/v2\/product_brand?post=454"},{"taxonomy":"product_cat","embeddable":true,"href":"https:\/\/trosinhvien.azdigi.shop\/index.php\/wp-json\/wp\/v2\/product_cat?post=454"},{"taxonomy":"product_tag","embeddable":true,"href":"https:\/\/trosinhvien.azdigi.shop\/index.php\/wp-json\/wp\/v2\/product_tag?post=454"}],"curies":[{"name":"wp","href":"https:\/\/api.w.org\/{rel}","templated":true}]}}